{"id":23759,"date":"2025-11-18T21:59:44","date_gmt":"2026-03-06T09:47:55","guid":{"rendered":"https:\/\/dokelu.sk\/produkt\/habibi-bowl\/"},"modified":"2026-03-06T10:47:55","modified_gmt":"2026-03-06T09:47:55","slug":"habibi-bowl","status":"publish","type":"product","link":"https:\/\/dokelu.sk\/en\/produkt\/habibi-bowl\/","title":{"rendered":"Habibi Bowl"},"content":{"rendered":"<p>Ingredients: Fasenjan sauce with falafel, Basmati rice, mixed salad, turmeric fennel, tomatoes, chickpea granola, zataar wrap with skyr, tahini-yogurt dressing<\/p>\n","protected":false},"excerpt":{"rendered":"<p>Ingredients: Fasenjan sauce with falafel, Basmati rice, mixed salad, turmeric fennel, tomatoes, chickpea granola, Zataar wrap with skyr, Tahini-yogurt dressing<\/p>\n","protected":false},"featured_media":23528,"template":"","meta":{"_acf_changed":false,"_uag_custom_page_level_css":""},"product_cat":[123,125,207],"product_tag":[],"class_list":{"0":"post-23759","1":"product","2":"type-product","3":"status-publish","4":"has-post-thumbnail","6":"product_cat-bowl-en","7":"product_cat-new","8":"product_cat-new-en","9":"neobsahuje-alergeny-oxidsiricity-en","10":"neobsahuje-alergeny-vlcibob-en","11":"neobsahuje-alergeny-makkyse-en","12":"neobsahuje-alergeny-korovce-en","13":"neobsahuje-alergeny-vajcia-en","14":"neobsahuje-alergeny-ryby-en","15":"neobsahuje-alergeny-arasidy-2-en","16":"neobsahuje-alergeny-soja-en","17":"neobsahuje-alergeny-zeler-en","19":"first","20":"instock","21":"taxable","22":"shipping-taxable","23":"purchasable","24":"product-type-simple"},"acf":[],"yoast_head":"<!-- This site is optimized with the Yoast SEO plugin v23.6 - https:\/\/yoast.com\/wordpress\/plugins\/seo\/ -->\n<title>Habibi Bowl - dokelu fre\u0161 \u0161al\u00e1t bistro<\/title>\n<meta name=\"robots\" content=\"index, follow, max-snippet:-1, max-image-preview:large, max-video-preview:-1\" \/>\n<link rel=\"canonical\" href=\"https:\/\/dokelu.sk\/produkt\/habibi-bowl\/\" \/>\n<meta property=\"og:locale\" content=\"en_US\" \/>\n<meta property=\"og:type\" content=\"article\" \/>\n<meta property=\"og:title\" content=\"Habibi Bowl - dokelu fre\u0161 \u0161al\u00e1t bistro\" \/>\n<meta property=\"og:description\" content=\"Ingredients: Fasenjan sauce with falafel, Basmati rice, mixed salad, turmeric fennel, tomatoes, chickpea granola, Zataar wrap with skyr, Tahini-yogurt dressing\" \/>\n<meta property=\"og:url\" content=\"https:\/\/dokelu.sk\/produkt\/habibi-bowl\/\" \/>\n<meta property=\"og:site_name\" content=\"dokelu fre\u0161 \u0161al\u00e1t bistro\" \/>\n<meta property=\"article:publisher\" content=\"https:\/\/www.facebook.com\/dokelusalat\" \/>\n<meta name=\"twitter:card\" content=\"summary_large_image\" \/>\n<script type=\"application\/ld+json\" class=\"yoast-schema-graph\">{\"@context\":\"https:\/\/schema.org\",\"@graph\":[{\"@type\":\"WebPage\",\"@id\":\"https:\/\/dokelu.sk\/produkt\/habibi-bowl\/\",\"url\":\"https:\/\/dokelu.sk\/produkt\/habibi-bowl\/\",\"name\":\"Habibi Bowl - dokelu fre\u0161 \u0161al\u00e1t bistro\",\"isPartOf\":{\"@id\":\"https:\/\/dokelu.sk\/en\/#website\"},\"primaryImageOfPage\":{\"@id\":\"https:\/\/dokelu.sk\/produkt\/habibi-bowl\/#primaryimage\"},\"image\":{\"@id\":\"https:\/\/dokelu.sk\/produkt\/habibi-bowl\/#primaryimage\"},\"thumbnailUrl\":\"https:\/\/dokelu.sk\/wp-content\/uploads\/habibi2.png\",\"datePublished\":\"2026-03-06T09:47:55+00:00\",\"dateModified\":\"2026-03-06T09:47:55+00:00\",\"breadcrumb\":{\"@id\":\"https:\/\/dokelu.sk\/produkt\/habibi-bowl\/#breadcrumb\"},\"inLanguage\":\"en-US\",\"potentialAction\":[{\"@type\":\"ReadAction\",\"target\":[\"https:\/\/dokelu.sk\/produkt\/habibi-bowl\/\"]}]},{\"@type\":\"ImageObject\",\"inLanguage\":\"en-US\",\"@id\":\"https:\/\/dokelu.sk\/produkt\/habibi-bowl\/#primaryimage\",\"url\":\"https:\/\/dokelu.sk\/wp-content\/uploads\/habibi2.png\",\"contentUrl\":\"https:\/\/dokelu.sk\/wp-content\/uploads\/habibi2.png\",\"width\":1024,\"height\":1024,\"caption\":\"habibi bowl\"},{\"@type\":\"BreadcrumbList\",\"@id\":\"https:\/\/dokelu.sk\/produkt\/habibi-bowl\/#breadcrumb\",\"itemListElement\":[{\"@type\":\"ListItem\",\"position\":1,\"name\":\"Domovsk\u00e1 str\u00e1nka\",\"item\":\"https:\/\/dokelu.sk\/en\/\"},{\"@type\":\"ListItem\",\"position\":2,\"name\":\"Shop\",\"item\":\"https:\/\/dokelu.sk\/en\/shop\/\"},{\"@type\":\"ListItem\",\"position\":3,\"name\":\"Habibi Bowl\"}]},{\"@type\":\"WebSite\",\"@id\":\"https:\/\/dokelu.sk\/en\/#website\",\"url\":\"https:\/\/dokelu.sk\/en\/\",\"name\":\"dokelu fre\u0161 \u0161al\u00e1t bistro\",\"description\":\"Maj na \u0161al\u00e1te!\",\"publisher\":{\"@id\":\"https:\/\/dokelu.sk\/en\/#organization\"},\"potentialAction\":[{\"@type\":\"SearchAction\",\"target\":{\"@type\":\"EntryPoint\",\"urlTemplate\":\"https:\/\/dokelu.sk\/en\/?s={search_term_string}\"},\"query-input\":{\"@type\":\"PropertyValueSpecification\",\"valueRequired\":true,\"valueName\":\"search_term_string\"}}],\"inLanguage\":\"en-US\"},{\"@type\":\"Organization\",\"@id\":\"https:\/\/dokelu.sk\/en\/#organization\",\"name\":\"dokelu fre\u0161 \u0161al\u00e1t bistro\",\"url\":\"https:\/\/dokelu.sk\/en\/\",\"logo\":{\"@type\":\"ImageObject\",\"inLanguage\":\"en-US\",\"@id\":\"https:\/\/dokelu.sk\/en\/#\/schema\/logo\/image\/\",\"url\":\"http:\/\/dokelu.sk\/wp-content\/uploads\/2023\/09\/logo.png\",\"contentUrl\":\"http:\/\/dokelu.sk\/wp-content\/uploads\/2023\/09\/logo.png\",\"width\":1182,\"height\":591,\"caption\":\"dokelu fre\u0161 \u0161al\u00e1t bistro\"},\"image\":{\"@id\":\"https:\/\/dokelu.sk\/en\/#\/schema\/logo\/image\/\"},\"sameAs\":[\"https:\/\/www.facebook.com\/dokelusalat\",\"https:\/\/www.instagram.com\/dokelusalat\/\"]}]}<\/script>\n<!-- \/ Yoast SEO plugin. -->","yoast_head_json":{"title":"Habibi Bowl - dokelu fre\u0161 \u0161al\u00e1t bistro","robots":{"index":"index","follow":"follow","max-snippet":"max-snippet:-1","max-image-preview":"max-image-preview:large","max-video-preview":"max-video-preview:-1"},"canonical":"https:\/\/dokelu.sk\/produkt\/habibi-bowl\/","og_locale":"en_US","og_type":"article","og_title":"Habibi Bowl - dokelu fre\u0161 \u0161al\u00e1t bistro","og_description":"Ingredients: Fasenjan sauce with falafel, Basmati rice, mixed salad, turmeric fennel, tomatoes, chickpea granola, Zataar wrap with skyr, Tahini-yogurt dressing","og_url":"https:\/\/dokelu.sk\/produkt\/habibi-bowl\/","og_site_name":"dokelu fre\u0161 \u0161al\u00e1t bistro","article_publisher":"https:\/\/www.facebook.com\/dokelusalat","twitter_card":"summary_large_image","schema":{"@context":"https:\/\/schema.org","@graph":[{"@type":"WebPage","@id":"https:\/\/dokelu.sk\/produkt\/habibi-bowl\/","url":"https:\/\/dokelu.sk\/produkt\/habibi-bowl\/","name":"Habibi Bowl - dokelu fre\u0161 \u0161al\u00e1t bistro","isPartOf":{"@id":"https:\/\/dokelu.sk\/en\/#website"},"primaryImageOfPage":{"@id":"https:\/\/dokelu.sk\/produkt\/habibi-bowl\/#primaryimage"},"image":{"@id":"https:\/\/dokelu.sk\/produkt\/habibi-bowl\/#primaryimage"},"thumbnailUrl":"https:\/\/dokelu.sk\/wp-content\/uploads\/habibi2.png","datePublished":"2026-03-06T09:47:55+00:00","dateModified":"2026-03-06T09:47:55+00:00","breadcrumb":{"@id":"https:\/\/dokelu.sk\/produkt\/habibi-bowl\/#breadcrumb"},"inLanguage":"en-US","potentialAction":[{"@type":"ReadAction","target":["https:\/\/dokelu.sk\/produkt\/habibi-bowl\/"]}]},{"@type":"ImageObject","inLanguage":"en-US","@id":"https:\/\/dokelu.sk\/produkt\/habibi-bowl\/#primaryimage","url":"https:\/\/dokelu.sk\/wp-content\/uploads\/habibi2.png","contentUrl":"https:\/\/dokelu.sk\/wp-content\/uploads\/habibi2.png","width":1024,"height":1024,"caption":"habibi bowl"},{"@type":"BreadcrumbList","@id":"https:\/\/dokelu.sk\/produkt\/habibi-bowl\/#breadcrumb","itemListElement":[{"@type":"ListItem","position":1,"name":"Domovsk\u00e1 str\u00e1nka","item":"https:\/\/dokelu.sk\/en\/"},{"@type":"ListItem","position":2,"name":"Shop","item":"https:\/\/dokelu.sk\/en\/shop\/"},{"@type":"ListItem","position":3,"name":"Habibi Bowl"}]},{"@type":"WebSite","@id":"https:\/\/dokelu.sk\/en\/#website","url":"https:\/\/dokelu.sk\/en\/","name":"dokelu fre\u0161 \u0161al\u00e1t bistro","description":"Maj na \u0161al\u00e1te!","publisher":{"@id":"https:\/\/dokelu.sk\/en\/#organization"},"potentialAction":[{"@type":"SearchAction","target":{"@type":"EntryPoint","urlTemplate":"https:\/\/dokelu.sk\/en\/?s={search_term_string}"},"query-input":{"@type":"PropertyValueSpecification","valueRequired":true,"valueName":"search_term_string"}}],"inLanguage":"en-US"},{"@type":"Organization","@id":"https:\/\/dokelu.sk\/en\/#organization","name":"dokelu fre\u0161 \u0161al\u00e1t bistro","url":"https:\/\/dokelu.sk\/en\/","logo":{"@type":"ImageObject","inLanguage":"en-US","@id":"https:\/\/dokelu.sk\/en\/#\/schema\/logo\/image\/","url":"http:\/\/dokelu.sk\/wp-content\/uploads\/2023\/09\/logo.png","contentUrl":"http:\/\/dokelu.sk\/wp-content\/uploads\/2023\/09\/logo.png","width":1182,"height":591,"caption":"dokelu fre\u0161 \u0161al\u00e1t bistro"},"image":{"@id":"https:\/\/dokelu.sk\/en\/#\/schema\/logo\/image\/"},"sameAs":["https:\/\/www.facebook.com\/dokelusalat","https:\/\/www.instagram.com\/dokelusalat\/"]}]}},"uagb_featured_image_src":{"full":["https:\/\/dokelu.sk\/wp-content\/uploads\/habibi2.png",1024,1024,false],"thumbnail":["https:\/\/dokelu.sk\/wp-content\/uploads\/habibi2-150x150.png",150,150,true],"medium":["https:\/\/dokelu.sk\/wp-content\/uploads\/habibi2-300x300.png",300,300,true],"medium_large":["https:\/\/dokelu.sk\/wp-content\/uploads\/habibi2-768x768.png",640,640,true],"large":["https:\/\/dokelu.sk\/wp-content\/uploads\/habibi2.png",640,640,false],"1536x1536":["https:\/\/dokelu.sk\/wp-content\/uploads\/habibi2.png",1024,1024,false],"2048x2048":["https:\/\/dokelu.sk\/wp-content\/uploads\/habibi2.png",1024,1024,false],"woocommerce_thumbnail":["https:\/\/dokelu.sk\/wp-content\/uploads\/habibi2-300x300.png",300,300,true],"woocommerce_single":["https:\/\/dokelu.sk\/wp-content\/uploads\/habibi2-600x600.png",600,600,true],"woocommerce_gallery_thumbnail":["https:\/\/dokelu.sk\/wp-content\/uploads\/habibi2-100x100.png",100,100,true]},"uagb_author_info":{"display_name":"david-zoomzoom","author_link":"https:\/\/dokelu.sk\/en\/author\/"},"uagb_comment_info":0,"uagb_excerpt":"Ingredients: Fasenjan sauce with falafel, Basmati rice, mixed salad, turmeric fennel, tomatoes, chickpea granola, Zataar wrap with skyr, Tahini-yogurt dressing","_links":{"self":[{"href":"https:\/\/dokelu.sk\/en\/wp-json\/wp\/v2\/product\/23759","targetHints":{"allow":["GET"]}}],"collection":[{"href":"https:\/\/dokelu.sk\/en\/wp-json\/wp\/v2\/product"}],"about":[{"href":"https:\/\/dokelu.sk\/en\/wp-json\/wp\/v2\/types\/product"}],"wp:featuredmedia":[{"embeddable":true,"href":"https:\/\/dokelu.sk\/en\/wp-json\/wp\/v2\/media\/23528"}],"wp:attachment":[{"href":"https:\/\/dokelu.sk\/en\/wp-json\/wp\/v2\/media?parent=23759"}],"wp:term":[{"taxonomy":"product_cat","embeddable":true,"href":"https:\/\/dokelu.sk\/en\/wp-json\/wp\/v2\/product_cat?post=23759"},{"taxonomy":"product_tag","embeddable":true,"href":"https:\/\/dokelu.sk\/en\/wp-json\/wp\/v2\/product_tag?post=23759"}],"curies":[{"name":"wp","href":"https:\/\/api.w.org\/{rel}","templated":true}]}}