{"id":23757,"date":"2026-01-23T15:13:18","date_gmt":"2026-03-06T09:47:54","guid":{"rendered":"https:\/\/dokelu.sk\/produkt\/winter-poke-with-tofu\/"},"modified":"2026-03-06T10:47:54","modified_gmt":"2026-03-06T09:47:54","slug":"winter-poke-with-tofu","status":"publish","type":"product","link":"https:\/\/dokelu.sk\/en\/produkt\/winter-poke-with-tofu\/","title":{"rendered":"Winter Poke with tofu"},"content":{"rendered":"<p>Ingredients: Rice, grilled tofu, avocado, roasted pumpkin, beetroot-orange salad, avocado, cucumber, pickled ginger, mixed sprouts, Larb Crumble Crunch, Sweet Chilli Kimchi dressing.<br \/>\nAllergens sauce\/dressing: 3, 10<br \/>Allergens poke: 11<br \/>Weight: 505 g<\/p>\n","protected":false},"excerpt":{"rendered":"<p>Ingredients: Rice, grilled tofu, avocado, roasted pumpkin, beetroot-orange salad, avocado, cucumber, pickled ginger, mixed sprouts, Larb Crumble Crunch, Sweet Chilli Kimchi dressing.<\/p>\n","protected":false},"featured_media":23325,"template":"","meta":{"_acf_changed":false,"_uag_custom_page_level_css":""},"product_cat":[125,207,202],"product_tag":[],"class_list":{"0":"post-23757","1":"product","2":"type-product","3":"status-publish","4":"has-post-thumbnail","6":"product_cat-new","7":"product_cat-new-en","8":"product_cat-poke-en","9":"rychle-skupiny-news","10":"rychle-skupiny-vegetarian-en","11":"neobsahuje-alergeny-obilniny-en","12":"neobsahuje-alergeny-oxidsiricity-en","13":"neobsahuje-alergeny-vlcibob-en","14":"neobsahuje-alergeny-makkyse-en","15":"neobsahuje-alergeny-korovce-en","16":"neobsahuje-alergeny-ryby-en","17":"neobsahuje-alergeny-arasidy-2-en","18":"neobsahuje-alergeny-soja-en","19":"neobsahuje-alergeny-mlieko-en","20":"neobsahuje-alergeny-orechy-en","21":"neobsahuje-alergeny-zeler-en","23":"first","24":"instock","25":"taxable","26":"shipping-taxable","27":"purchasable","28":"product-type-simple"},"acf":[],"yoast_head":"<!-- This site is optimized with the Yoast SEO plugin v23.6 - https:\/\/yoast.com\/wordpress\/plugins\/seo\/ -->\n<title>Winter Poke with tofu - dokelu fre\u0161 \u0161al\u00e1t bistro<\/title>\n<meta name=\"robots\" content=\"index, follow, max-snippet:-1, max-image-preview:large, max-video-preview:-1\" \/>\n<link rel=\"canonical\" href=\"https:\/\/dokelu.sk\/produkt\/winter-poke-with-tofu\/\" \/>\n<meta property=\"og:locale\" content=\"en_US\" \/>\n<meta property=\"og:type\" content=\"article\" \/>\n<meta property=\"og:title\" content=\"Winter Poke with tofu - dokelu fre\u0161 \u0161al\u00e1t bistro\" \/>\n<meta property=\"og:description\" content=\"Ingredients: Rice, grilled tofu, avocado, roasted pumpkin, beetroot-orange salad, avocado, cucumber, pickled ginger, mixed sprouts, Larb Crumble Crunch, Sweet Chilli Kimchi dressing.\" \/>\n<meta property=\"og:url\" content=\"https:\/\/dokelu.sk\/produkt\/winter-poke-with-tofu\/\" \/>\n<meta property=\"og:site_name\" content=\"dokelu fre\u0161 \u0161al\u00e1t bistro\" \/>\n<meta property=\"article:publisher\" content=\"https:\/\/www.facebook.com\/dokelusalat\" \/>\n<meta name=\"twitter:card\" content=\"summary_large_image\" \/>\n<script type=\"application\/ld+json\" class=\"yoast-schema-graph\">{\"@context\":\"https:\/\/schema.org\",\"@graph\":[{\"@type\":\"WebPage\",\"@id\":\"https:\/\/dokelu.sk\/produkt\/winter-poke-with-tofu\/\",\"url\":\"https:\/\/dokelu.sk\/produkt\/winter-poke-with-tofu\/\",\"name\":\"Winter Poke with tofu - dokelu fre\u0161 \u0161al\u00e1t bistro\",\"isPartOf\":{\"@id\":\"https:\/\/dokelu.sk\/en\/#website\"},\"primaryImageOfPage\":{\"@id\":\"https:\/\/dokelu.sk\/produkt\/winter-poke-with-tofu\/#primaryimage\"},\"image\":{\"@id\":\"https:\/\/dokelu.sk\/produkt\/winter-poke-with-tofu\/#primaryimage\"},\"thumbnailUrl\":\"https:\/\/dokelu.sk\/wp-content\/uploads\/wiinter-copy-5.png\",\"datePublished\":\"2026-03-06T09:47:54+00:00\",\"dateModified\":\"2026-03-06T09:47:54+00:00\",\"breadcrumb\":{\"@id\":\"https:\/\/dokelu.sk\/produkt\/winter-poke-with-tofu\/#breadcrumb\"},\"inLanguage\":\"en-US\",\"potentialAction\":[{\"@type\":\"ReadAction\",\"target\":[\"https:\/\/dokelu.sk\/produkt\/winter-poke-with-tofu\/\"]}]},{\"@type\":\"ImageObject\",\"inLanguage\":\"en-US\",\"@id\":\"https:\/\/dokelu.sk\/produkt\/winter-poke-with-tofu\/#primaryimage\",\"url\":\"https:\/\/dokelu.sk\/wp-content\/uploads\/wiinter-copy-5.png\",\"contentUrl\":\"https:\/\/dokelu.sk\/wp-content\/uploads\/wiinter-copy-5.png\",\"width\":1113,\"height\":1113,\"caption\":\"Winter Poke\"},{\"@type\":\"BreadcrumbList\",\"@id\":\"https:\/\/dokelu.sk\/produkt\/winter-poke-with-tofu\/#breadcrumb\",\"itemListElement\":[{\"@type\":\"ListItem\",\"position\":1,\"name\":\"Domovsk\u00e1 str\u00e1nka\",\"item\":\"https:\/\/dokelu.sk\/en\/\"},{\"@type\":\"ListItem\",\"position\":2,\"name\":\"Shop\",\"item\":\"https:\/\/dokelu.sk\/en\/shop\/\"},{\"@type\":\"ListItem\",\"position\":3,\"name\":\"Winter Poke with tofu\"}]},{\"@type\":\"WebSite\",\"@id\":\"https:\/\/dokelu.sk\/en\/#website\",\"url\":\"https:\/\/dokelu.sk\/en\/\",\"name\":\"dokelu fre\u0161 \u0161al\u00e1t bistro\",\"description\":\"Maj na \u0161al\u00e1te!\",\"publisher\":{\"@id\":\"https:\/\/dokelu.sk\/en\/#organization\"},\"potentialAction\":[{\"@type\":\"SearchAction\",\"target\":{\"@type\":\"EntryPoint\",\"urlTemplate\":\"https:\/\/dokelu.sk\/en\/?s={search_term_string}\"},\"query-input\":{\"@type\":\"PropertyValueSpecification\",\"valueRequired\":true,\"valueName\":\"search_term_string\"}}],\"inLanguage\":\"en-US\"},{\"@type\":\"Organization\",\"@id\":\"https:\/\/dokelu.sk\/en\/#organization\",\"name\":\"dokelu fre\u0161 \u0161al\u00e1t bistro\",\"url\":\"https:\/\/dokelu.sk\/en\/\",\"logo\":{\"@type\":\"ImageObject\",\"inLanguage\":\"en-US\",\"@id\":\"https:\/\/dokelu.sk\/en\/#\/schema\/logo\/image\/\",\"url\":\"http:\/\/dokelu.sk\/wp-content\/uploads\/2023\/09\/logo.png\",\"contentUrl\":\"http:\/\/dokelu.sk\/wp-content\/uploads\/2023\/09\/logo.png\",\"width\":1182,\"height\":591,\"caption\":\"dokelu fre\u0161 \u0161al\u00e1t bistro\"},\"image\":{\"@id\":\"https:\/\/dokelu.sk\/en\/#\/schema\/logo\/image\/\"},\"sameAs\":[\"https:\/\/www.facebook.com\/dokelusalat\",\"https:\/\/www.instagram.com\/dokelusalat\/\"]}]}<\/script>\n<!-- \/ Yoast SEO plugin. -->","yoast_head_json":{"title":"Winter Poke with tofu - dokelu fre\u0161 \u0161al\u00e1t bistro","robots":{"index":"index","follow":"follow","max-snippet":"max-snippet:-1","max-image-preview":"max-image-preview:large","max-video-preview":"max-video-preview:-1"},"canonical":"https:\/\/dokelu.sk\/produkt\/winter-poke-with-tofu\/","og_locale":"en_US","og_type":"article","og_title":"Winter Poke with tofu - dokelu fre\u0161 \u0161al\u00e1t bistro","og_description":"Ingredients: Rice, grilled tofu, avocado, roasted pumpkin, beetroot-orange salad, avocado, cucumber, pickled ginger, mixed sprouts, Larb Crumble Crunch, Sweet Chilli Kimchi dressing.","og_url":"https:\/\/dokelu.sk\/produkt\/winter-poke-with-tofu\/","og_site_name":"dokelu fre\u0161 \u0161al\u00e1t bistro","article_publisher":"https:\/\/www.facebook.com\/dokelusalat","twitter_card":"summary_large_image","schema":{"@context":"https:\/\/schema.org","@graph":[{"@type":"WebPage","@id":"https:\/\/dokelu.sk\/produkt\/winter-poke-with-tofu\/","url":"https:\/\/dokelu.sk\/produkt\/winter-poke-with-tofu\/","name":"Winter Poke with tofu - dokelu fre\u0161 \u0161al\u00e1t bistro","isPartOf":{"@id":"https:\/\/dokelu.sk\/en\/#website"},"primaryImageOfPage":{"@id":"https:\/\/dokelu.sk\/produkt\/winter-poke-with-tofu\/#primaryimage"},"image":{"@id":"https:\/\/dokelu.sk\/produkt\/winter-poke-with-tofu\/#primaryimage"},"thumbnailUrl":"https:\/\/dokelu.sk\/wp-content\/uploads\/wiinter-copy-5.png","datePublished":"2026-03-06T09:47:54+00:00","dateModified":"2026-03-06T09:47:54+00:00","breadcrumb":{"@id":"https:\/\/dokelu.sk\/produkt\/winter-poke-with-tofu\/#breadcrumb"},"inLanguage":"en-US","potentialAction":[{"@type":"ReadAction","target":["https:\/\/dokelu.sk\/produkt\/winter-poke-with-tofu\/"]}]},{"@type":"ImageObject","inLanguage":"en-US","@id":"https:\/\/dokelu.sk\/produkt\/winter-poke-with-tofu\/#primaryimage","url":"https:\/\/dokelu.sk\/wp-content\/uploads\/wiinter-copy-5.png","contentUrl":"https:\/\/dokelu.sk\/wp-content\/uploads\/wiinter-copy-5.png","width":1113,"height":1113,"caption":"Winter Poke"},{"@type":"BreadcrumbList","@id":"https:\/\/dokelu.sk\/produkt\/winter-poke-with-tofu\/#breadcrumb","itemListElement":[{"@type":"ListItem","position":1,"name":"Domovsk\u00e1 str\u00e1nka","item":"https:\/\/dokelu.sk\/en\/"},{"@type":"ListItem","position":2,"name":"Shop","item":"https:\/\/dokelu.sk\/en\/shop\/"},{"@type":"ListItem","position":3,"name":"Winter Poke with tofu"}]},{"@type":"WebSite","@id":"https:\/\/dokelu.sk\/en\/#website","url":"https:\/\/dokelu.sk\/en\/","name":"dokelu fre\u0161 \u0161al\u00e1t bistro","description":"Maj na \u0161al\u00e1te!","publisher":{"@id":"https:\/\/dokelu.sk\/en\/#organization"},"potentialAction":[{"@type":"SearchAction","target":{"@type":"EntryPoint","urlTemplate":"https:\/\/dokelu.sk\/en\/?s={search_term_string}"},"query-input":{"@type":"PropertyValueSpecification","valueRequired":true,"valueName":"search_term_string"}}],"inLanguage":"en-US"},{"@type":"Organization","@id":"https:\/\/dokelu.sk\/en\/#organization","name":"dokelu fre\u0161 \u0161al\u00e1t bistro","url":"https:\/\/dokelu.sk\/en\/","logo":{"@type":"ImageObject","inLanguage":"en-US","@id":"https:\/\/dokelu.sk\/en\/#\/schema\/logo\/image\/","url":"http:\/\/dokelu.sk\/wp-content\/uploads\/2023\/09\/logo.png","contentUrl":"http:\/\/dokelu.sk\/wp-content\/uploads\/2023\/09\/logo.png","width":1182,"height":591,"caption":"dokelu fre\u0161 \u0161al\u00e1t bistro"},"image":{"@id":"https:\/\/dokelu.sk\/en\/#\/schema\/logo\/image\/"},"sameAs":["https:\/\/www.facebook.com\/dokelusalat","https:\/\/www.instagram.com\/dokelusalat\/"]}]}},"uagb_featured_image_src":{"full":["https:\/\/dokelu.sk\/wp-content\/uploads\/wiinter-copy-5.png",1113,1113,false],"thumbnail":["https:\/\/dokelu.sk\/wp-content\/uploads\/wiinter-copy-5-150x150.png",150,150,true],"medium":["https:\/\/dokelu.sk\/wp-content\/uploads\/wiinter-copy-5-300x300.png",300,300,true],"medium_large":["https:\/\/dokelu.sk\/wp-content\/uploads\/wiinter-copy-5-768x768.png",640,640,true],"large":["https:\/\/dokelu.sk\/wp-content\/uploads\/wiinter-copy-5-1024x1024.png",640,640,true],"1536x1536":["https:\/\/dokelu.sk\/wp-content\/uploads\/wiinter-copy-5.png",1113,1113,false],"2048x2048":["https:\/\/dokelu.sk\/wp-content\/uploads\/wiinter-copy-5.png",1113,1113,false],"woocommerce_thumbnail":["https:\/\/dokelu.sk\/wp-content\/uploads\/wiinter-copy-5-300x300.png",300,300,true],"woocommerce_single":["https:\/\/dokelu.sk\/wp-content\/uploads\/wiinter-copy-5-600x600.png",600,600,true],"woocommerce_gallery_thumbnail":["https:\/\/dokelu.sk\/wp-content\/uploads\/wiinter-copy-5-100x100.png",100,100,true]},"uagb_author_info":{"display_name":"david-zoomzoom","author_link":"https:\/\/dokelu.sk\/en\/author\/"},"uagb_comment_info":0,"uagb_excerpt":"Ingredients: Rice, grilled tofu, avocado, roasted pumpkin, beetroot-orange salad, avocado, cucumber, pickled ginger, mixed sprouts, Larb Crumble Crunch, Sweet Chilli Kimchi dressing.","_links":{"self":[{"href":"https:\/\/dokelu.sk\/en\/wp-json\/wp\/v2\/product\/23757","targetHints":{"allow":["GET"]}}],"collection":[{"href":"https:\/\/dokelu.sk\/en\/wp-json\/wp\/v2\/product"}],"about":[{"href":"https:\/\/dokelu.sk\/en\/wp-json\/wp\/v2\/types\/product"}],"wp:featuredmedia":[{"embeddable":true,"href":"https:\/\/dokelu.sk\/en\/wp-json\/wp\/v2\/media\/23325"}],"wp:attachment":[{"href":"https:\/\/dokelu.sk\/en\/wp-json\/wp\/v2\/media?parent=23757"}],"wp:term":[{"taxonomy":"product_cat","embeddable":true,"href":"https:\/\/dokelu.sk\/en\/wp-json\/wp\/v2\/product_cat?post=23757"},{"taxonomy":"product_tag","embeddable":true,"href":"https:\/\/dokelu.sk\/en\/wp-json\/wp\/v2\/product_tag?post=23757"}],"curies":[{"name":"wp","href":"https:\/\/api.w.org\/{rel}","templated":true}]}}