{"id":20740,"date":"2025-05-05T20:41:31","date_gmt":"2025-06-05T08:33:19","guid":{"rendered":"https:\/\/dokelu.sk\/produkt\/sunset-poke-with-chicken\/"},"modified":"2025-06-05T10:33:19","modified_gmt":"2025-06-05T08:33:19","slug":"sunset-poke-with-chicken","status":"publish","type":"product","link":"https:\/\/dokelu.sk\/en\/produkt\/sunset-poke-with-chicken\/","title":{"rendered":"Sunset poke with chicken"},"content":{"rendered":"<p><strong>Ingredients:<\/strong> Rice, chicken breast, avocado, beetroot-apple salad, pickled red cabbage, cucumber salad with sesame, white radish, mango, mixed sprouts, mango-jalapeno dressing.<\/p>\n<p><strong>Allergens sauce\/dressing:<\/strong> 1, 6<br \/>\n<strong>Allergens bowl:<\/strong> 11<br \/>\n<strong>Weight:<\/strong> 520 g<\/p>\n","protected":false},"excerpt":{"rendered":"<p><strong>Ingredients:<\/strong> Rice, chicken breast, avocado, beetroot-apple salad, pickled red cabbage, cucumber salad with sesame, white radish, mango, mixed sprouts, mango-jalapeno dressing.<\/p>\n","protected":false},"featured_media":20196,"template":"","meta":{"_acf_changed":false,"_uag_custom_page_level_css":""},"product_cat":[125,207,202],"product_tag":[],"class_list":{"0":"post-20740","1":"product","2":"type-product","3":"status-publish","4":"has-post-thumbnail","6":"product_cat-new","7":"product_cat-new-en","8":"product_cat-poke-en","9":"rychle-skupiny-everything-en","10":"rychle-skupiny-standing-offer-en","11":"neobsahuje-alergeny-obilniny-en","12":"neobsahuje-alergeny-horcica-2-en","13":"neobsahuje-alergeny-oxidsiricity-en","14":"neobsahuje-alergeny-vlcibob-en","15":"neobsahuje-alergeny-makkyse-en","16":"neobsahuje-alergeny-korovce-en","17":"neobsahuje-alergeny-vajcia-en","18":"neobsahuje-alergeny-ryby-en","19":"neobsahuje-alergeny-arasidy-2-en","20":"neobsahuje-alergeny-soja-en","21":"neobsahuje-alergeny-mlieko-en","22":"neobsahuje-alergeny-orechy-en","23":"neobsahuje-alergeny-zeler-en","25":"first","26":"instock","27":"taxable","28":"shipping-taxable","29":"purchasable","30":"product-type-simple"},"acf":[],"yoast_head":"<!-- This site is optimized with the Yoast SEO plugin v23.6 - https:\/\/yoast.com\/wordpress\/plugins\/seo\/ -->\n<title>Sunset poke with chicken - dokelu fre\u0161 \u0161al\u00e1t bistro<\/title>\n<meta name=\"robots\" content=\"index, follow, max-snippet:-1, max-image-preview:large, max-video-preview:-1\" \/>\n<link rel=\"canonical\" href=\"https:\/\/dokelu.sk\/en\/produkt\/sunset-poke-with-chicken\/\" \/>\n<meta property=\"og:locale\" content=\"en_US\" \/>\n<meta property=\"og:type\" content=\"article\" \/>\n<meta property=\"og:title\" content=\"Sunset poke with chicken - dokelu fre\u0161 \u0161al\u00e1t bistro\" \/>\n<meta property=\"og:description\" content=\"Ingredients: Rice, chicken breast, avocado, beetroot-apple salad, pickled red cabbage, cucumber salad with sesame, white radish, mango, mixed sprouts, mango-jalapeno dressing.\" \/>\n<meta property=\"og:url\" content=\"https:\/\/dokelu.sk\/en\/produkt\/sunset-poke-with-chicken\/\" \/>\n<meta property=\"og:site_name\" content=\"dokelu fre\u0161 \u0161al\u00e1t bistro\" \/>\n<meta property=\"article:publisher\" content=\"https:\/\/www.facebook.com\/dokelusalat\" \/>\n<meta property=\"og:image\" content=\"https:\/\/dokelu.sk\/wp-content\/uploads\/Sunset-poke-963x1024.png\" \/>\n\t<meta property=\"og:image:width\" content=\"963\" \/>\n\t<meta property=\"og:image:height\" content=\"1024\" \/>\n\t<meta property=\"og:image:type\" content=\"image\/png\" \/>\n<meta name=\"twitter:card\" content=\"summary_large_image\" \/>\n<script type=\"application\/ld+json\" class=\"yoast-schema-graph\">{\"@context\":\"https:\/\/schema.org\",\"@graph\":[{\"@type\":\"WebPage\",\"@id\":\"https:\/\/dokelu.sk\/en\/produkt\/sunset-poke-with-chicken\/\",\"url\":\"https:\/\/dokelu.sk\/en\/produkt\/sunset-poke-with-chicken\/\",\"name\":\"Sunset poke with chicken - dokelu fre\u0161 \u0161al\u00e1t bistro\",\"isPartOf\":{\"@id\":\"https:\/\/dokelu.sk\/en\/#website\"},\"primaryImageOfPage\":{\"@id\":\"https:\/\/dokelu.sk\/en\/produkt\/sunset-poke-with-chicken\/#primaryimage\"},\"image\":{\"@id\":\"https:\/\/dokelu.sk\/en\/produkt\/sunset-poke-with-chicken\/#primaryimage\"},\"thumbnailUrl\":\"https:\/\/dokelu.sk\/wp-content\/uploads\/Sunset-poke-scaled.png\",\"datePublished\":\"2025-06-05T08:33:19+00:00\",\"dateModified\":\"2025-06-05T08:33:19+00:00\",\"breadcrumb\":{\"@id\":\"https:\/\/dokelu.sk\/en\/produkt\/sunset-poke-with-chicken\/#breadcrumb\"},\"inLanguage\":\"en-US\",\"potentialAction\":[{\"@type\":\"ReadAction\",\"target\":[\"https:\/\/dokelu.sk\/en\/produkt\/sunset-poke-with-chicken\/\"]}]},{\"@type\":\"ImageObject\",\"inLanguage\":\"en-US\",\"@id\":\"https:\/\/dokelu.sk\/en\/produkt\/sunset-poke-with-chicken\/#primaryimage\",\"url\":\"https:\/\/dokelu.sk\/wp-content\/uploads\/Sunset-poke-scaled.png\",\"contentUrl\":\"https:\/\/dokelu.sk\/wp-content\/uploads\/Sunset-poke-scaled.png\",\"width\":2406,\"height\":2560},{\"@type\":\"BreadcrumbList\",\"@id\":\"https:\/\/dokelu.sk\/en\/produkt\/sunset-poke-with-chicken\/#breadcrumb\",\"itemListElement\":[{\"@type\":\"ListItem\",\"position\":1,\"name\":\"Domovsk\u00e1 str\u00e1nka\",\"item\":\"https:\/\/dokelu.sk\/en\/\"},{\"@type\":\"ListItem\",\"position\":2,\"name\":\"Shop\",\"item\":\"https:\/\/dokelu.sk\/en\/shop\/\"},{\"@type\":\"ListItem\",\"position\":3,\"name\":\"Sunset poke with chicken\"}]},{\"@type\":\"WebSite\",\"@id\":\"https:\/\/dokelu.sk\/en\/#website\",\"url\":\"https:\/\/dokelu.sk\/en\/\",\"name\":\"dokelu fre\u0161 \u0161al\u00e1t bistro\",\"description\":\"Maj na \u0161al\u00e1te!\",\"publisher\":{\"@id\":\"https:\/\/dokelu.sk\/en\/#organization\"},\"potentialAction\":[{\"@type\":\"SearchAction\",\"target\":{\"@type\":\"EntryPoint\",\"urlTemplate\":\"https:\/\/dokelu.sk\/en\/?s={search_term_string}\"},\"query-input\":{\"@type\":\"PropertyValueSpecification\",\"valueRequired\":true,\"valueName\":\"search_term_string\"}}],\"inLanguage\":\"en-US\"},{\"@type\":\"Organization\",\"@id\":\"https:\/\/dokelu.sk\/en\/#organization\",\"name\":\"dokelu fre\u0161 \u0161al\u00e1t bistro\",\"url\":\"https:\/\/dokelu.sk\/en\/\",\"logo\":{\"@type\":\"ImageObject\",\"inLanguage\":\"en-US\",\"@id\":\"https:\/\/dokelu.sk\/en\/#\/schema\/logo\/image\/\",\"url\":\"http:\/\/dokelu.sk\/wp-content\/uploads\/2023\/09\/logo.png\",\"contentUrl\":\"http:\/\/dokelu.sk\/wp-content\/uploads\/2023\/09\/logo.png\",\"width\":1182,\"height\":591,\"caption\":\"dokelu fre\u0161 \u0161al\u00e1t bistro\"},\"image\":{\"@id\":\"https:\/\/dokelu.sk\/en\/#\/schema\/logo\/image\/\"},\"sameAs\":[\"https:\/\/www.facebook.com\/dokelusalat\",\"https:\/\/www.instagram.com\/dokelusalat\/\"]}]}<\/script>\n<!-- \/ Yoast SEO plugin. -->","yoast_head_json":{"title":"Sunset poke with chicken - dokelu fre\u0161 \u0161al\u00e1t bistro","robots":{"index":"index","follow":"follow","max-snippet":"max-snippet:-1","max-image-preview":"max-image-preview:large","max-video-preview":"max-video-preview:-1"},"canonical":"https:\/\/dokelu.sk\/en\/produkt\/sunset-poke-with-chicken\/","og_locale":"en_US","og_type":"article","og_title":"Sunset poke with chicken - dokelu fre\u0161 \u0161al\u00e1t bistro","og_description":"Ingredients: Rice, chicken breast, avocado, beetroot-apple salad, pickled red cabbage, cucumber salad with sesame, white radish, mango, mixed sprouts, mango-jalapeno dressing.","og_url":"https:\/\/dokelu.sk\/en\/produkt\/sunset-poke-with-chicken\/","og_site_name":"dokelu fre\u0161 \u0161al\u00e1t bistro","article_publisher":"https:\/\/www.facebook.com\/dokelusalat","og_image":[{"width":963,"height":1024,"url":"https:\/\/dokelu.sk\/wp-content\/uploads\/Sunset-poke-963x1024.png","type":"image\/png"}],"twitter_card":"summary_large_image","schema":{"@context":"https:\/\/schema.org","@graph":[{"@type":"WebPage","@id":"https:\/\/dokelu.sk\/en\/produkt\/sunset-poke-with-chicken\/","url":"https:\/\/dokelu.sk\/en\/produkt\/sunset-poke-with-chicken\/","name":"Sunset poke with chicken - dokelu fre\u0161 \u0161al\u00e1t bistro","isPartOf":{"@id":"https:\/\/dokelu.sk\/en\/#website"},"primaryImageOfPage":{"@id":"https:\/\/dokelu.sk\/en\/produkt\/sunset-poke-with-chicken\/#primaryimage"},"image":{"@id":"https:\/\/dokelu.sk\/en\/produkt\/sunset-poke-with-chicken\/#primaryimage"},"thumbnailUrl":"https:\/\/dokelu.sk\/wp-content\/uploads\/Sunset-poke-scaled.png","datePublished":"2025-06-05T08:33:19+00:00","dateModified":"2025-06-05T08:33:19+00:00","breadcrumb":{"@id":"https:\/\/dokelu.sk\/en\/produkt\/sunset-poke-with-chicken\/#breadcrumb"},"inLanguage":"en-US","potentialAction":[{"@type":"ReadAction","target":["https:\/\/dokelu.sk\/en\/produkt\/sunset-poke-with-chicken\/"]}]},{"@type":"ImageObject","inLanguage":"en-US","@id":"https:\/\/dokelu.sk\/en\/produkt\/sunset-poke-with-chicken\/#primaryimage","url":"https:\/\/dokelu.sk\/wp-content\/uploads\/Sunset-poke-scaled.png","contentUrl":"https:\/\/dokelu.sk\/wp-content\/uploads\/Sunset-poke-scaled.png","width":2406,"height":2560},{"@type":"BreadcrumbList","@id":"https:\/\/dokelu.sk\/en\/produkt\/sunset-poke-with-chicken\/#breadcrumb","itemListElement":[{"@type":"ListItem","position":1,"name":"Domovsk\u00e1 str\u00e1nka","item":"https:\/\/dokelu.sk\/en\/"},{"@type":"ListItem","position":2,"name":"Shop","item":"https:\/\/dokelu.sk\/en\/shop\/"},{"@type":"ListItem","position":3,"name":"Sunset poke with chicken"}]},{"@type":"WebSite","@id":"https:\/\/dokelu.sk\/en\/#website","url":"https:\/\/dokelu.sk\/en\/","name":"dokelu fre\u0161 \u0161al\u00e1t bistro","description":"Maj na \u0161al\u00e1te!","publisher":{"@id":"https:\/\/dokelu.sk\/en\/#organization"},"potentialAction":[{"@type":"SearchAction","target":{"@type":"EntryPoint","urlTemplate":"https:\/\/dokelu.sk\/en\/?s={search_term_string}"},"query-input":{"@type":"PropertyValueSpecification","valueRequired":true,"valueName":"search_term_string"}}],"inLanguage":"en-US"},{"@type":"Organization","@id":"https:\/\/dokelu.sk\/en\/#organization","name":"dokelu fre\u0161 \u0161al\u00e1t bistro","url":"https:\/\/dokelu.sk\/en\/","logo":{"@type":"ImageObject","inLanguage":"en-US","@id":"https:\/\/dokelu.sk\/en\/#\/schema\/logo\/image\/","url":"http:\/\/dokelu.sk\/wp-content\/uploads\/2023\/09\/logo.png","contentUrl":"http:\/\/dokelu.sk\/wp-content\/uploads\/2023\/09\/logo.png","width":1182,"height":591,"caption":"dokelu fre\u0161 \u0161al\u00e1t bistro"},"image":{"@id":"https:\/\/dokelu.sk\/en\/#\/schema\/logo\/image\/"},"sameAs":["https:\/\/www.facebook.com\/dokelusalat","https:\/\/www.instagram.com\/dokelusalat\/"]}]}},"uagb_featured_image_src":{"full":["https:\/\/dokelu.sk\/wp-content\/uploads\/Sunset-poke-scaled.png",2406,2560,false],"thumbnail":["https:\/\/dokelu.sk\/wp-content\/uploads\/Sunset-poke-150x150.png",150,150,true],"medium":["https:\/\/dokelu.sk\/wp-content\/uploads\/Sunset-poke-282x300.png",282,300,true],"medium_large":["https:\/\/dokelu.sk\/wp-content\/uploads\/Sunset-poke-768x817.png",640,681,true],"large":["https:\/\/dokelu.sk\/wp-content\/uploads\/Sunset-poke-963x1024.png",640,681,true],"1536x1536":["https:\/\/dokelu.sk\/wp-content\/uploads\/Sunset-poke-1444x1536.png",1444,1536,true],"2048x2048":["https:\/\/dokelu.sk\/wp-content\/uploads\/Sunset-poke-1925x2048.png",1925,2048,true],"woocommerce_thumbnail":["https:\/\/dokelu.sk\/wp-content\/uploads\/Sunset-poke-300x300.png",300,300,true],"woocommerce_single":["https:\/\/dokelu.sk\/wp-content\/uploads\/Sunset-poke-600x638.png",600,638,true],"woocommerce_gallery_thumbnail":["https:\/\/dokelu.sk\/wp-content\/uploads\/Sunset-poke-100x100.png",100,100,true]},"uagb_author_info":{"display_name":"david-zoomzoom","author_link":"https:\/\/dokelu.sk\/en\/author\/"},"uagb_comment_info":0,"uagb_excerpt":"Ingredients: Rice, chicken breast, avocado, beetroot-apple salad, pickled red cabbage, cucumber salad with sesame, white radish, mango, mixed sprouts, mango-jalapeno dressing.","_links":{"self":[{"href":"https:\/\/dokelu.sk\/en\/wp-json\/wp\/v2\/product\/20740","targetHints":{"allow":["GET"]}}],"collection":[{"href":"https:\/\/dokelu.sk\/en\/wp-json\/wp\/v2\/product"}],"about":[{"href":"https:\/\/dokelu.sk\/en\/wp-json\/wp\/v2\/types\/product"}],"wp:featuredmedia":[{"embeddable":true,"href":"https:\/\/dokelu.sk\/en\/wp-json\/wp\/v2\/media\/20196"}],"wp:attachment":[{"href":"https:\/\/dokelu.sk\/en\/wp-json\/wp\/v2\/media?parent=20740"}],"wp:term":[{"taxonomy":"product_cat","embeddable":true,"href":"https:\/\/dokelu.sk\/en\/wp-json\/wp\/v2\/product_cat?post=20740"},{"taxonomy":"product_tag","embeddable":true,"href":"https:\/\/dokelu.sk\/en\/wp-json\/wp\/v2\/product_tag?post=20740"}],"curies":[{"name":"wp","href":"https:\/\/api.w.org\/{rel}","templated":true}]}}