{"id":20732,"date":"2025-05-05T20:22:05","date_gmt":"2025-06-05T07:57:50","guid":{"rendered":"https:\/\/dokelu.sk\/produkt\/pasta-bella\/"},"modified":"2025-06-05T09:57:50","modified_gmt":"2025-06-05T07:57:50","slug":"pasta-bella","status":"publish","type":"product","link":"https:\/\/dokelu.sk\/en\/produkt\/pasta-bella\/","title":{"rendered":"Pasta Bella"},"content":{"rendered":"<p><strong>Ingredients:<\/strong> pasta, chicken breast, arugula, cherry tomatoes, sun-dried tomatoes, cucumber, red onion, marinated chickpeas, parmesan, yogurt-dijon dressing.<\/p>\n<p><strong>Allergens dressing:<\/strong> 3, 7, 10<br \/>\n<strong>Allergens salad:<\/strong> 1, 3, 7<br \/>\n<strong>Weight:<\/strong> 500 g<\/p>\n","protected":false},"excerpt":{"rendered":"<p><strong>Ingredients:<\/strong> pasta, chicken breast, arugula, cherry tomatoes, sun-dried tomatoes, cucumber, red onion, marinated chickpeas, parmesan, yogurt-dijon dressing.<\/p>\n","protected":false},"featured_media":20202,"template":"","meta":{"_acf_changed":false,"_uag_custom_page_level_css":""},"product_cat":[125,207,128],"product_tag":[],"class_list":{"0":"post-20732","1":"product","2":"type-product","3":"status-publish","4":"has-post-thumbnail","6":"product_cat-new","7":"product_cat-new-en","8":"product_cat-salads","9":"neobsahuje-alergeny-obilniny-en","10":"neobsahuje-alergeny-sezam-en","11":"neobsahuje-alergeny-oxidsiricity-en","12":"neobsahuje-alergeny-vlcibob-en","13":"neobsahuje-alergeny-makkyse-en","14":"neobsahuje-alergeny-korovce-en","15":"neobsahuje-alergeny-ryby-en","16":"neobsahuje-alergeny-arasidy-2-en","17":"neobsahuje-alergeny-soja-en","18":"neobsahuje-alergeny-orechy-en","19":"neobsahuje-alergeny-zeler-en","21":"first","22":"instock","23":"taxable","24":"shipping-taxable","25":"purchasable","26":"product-type-simple"},"acf":[],"yoast_head":"<!-- This site is optimized with the Yoast SEO plugin v23.6 - https:\/\/yoast.com\/wordpress\/plugins\/seo\/ -->\n<title>Pasta Bella - dokelu fre\u0161 \u0161al\u00e1t bistro<\/title>\n<meta name=\"robots\" content=\"index, follow, max-snippet:-1, max-image-preview:large, max-video-preview:-1\" \/>\n<link rel=\"canonical\" href=\"https:\/\/dokelu.sk\/en\/produkt\/pasta-bella\/\" \/>\n<meta property=\"og:locale\" content=\"en_US\" \/>\n<meta property=\"og:type\" content=\"article\" \/>\n<meta property=\"og:title\" content=\"Pasta Bella - dokelu fre\u0161 \u0161al\u00e1t bistro\" \/>\n<meta property=\"og:description\" content=\"Ingredients: pasta, chicken breast, arugula, cherry tomatoes, sun-dried tomatoes, cucumber, red onion, marinated chickpeas, parmesan, yogurt-dijon dressing.\" \/>\n<meta property=\"og:url\" content=\"https:\/\/dokelu.sk\/en\/produkt\/pasta-bella\/\" \/>\n<meta property=\"og:site_name\" content=\"dokelu fre\u0161 \u0161al\u00e1t bistro\" \/>\n<meta property=\"article:publisher\" content=\"https:\/\/www.facebook.com\/dokelusalat\" \/>\n<meta property=\"og:image\" content=\"https:\/\/dokelu.sk\/wp-content\/uploads\/Pasta-bella-1002x1024.png\" \/>\n\t<meta property=\"og:image:width\" content=\"1002\" \/>\n\t<meta property=\"og:image:height\" content=\"1024\" \/>\n\t<meta property=\"og:image:type\" content=\"image\/png\" \/>\n<meta name=\"twitter:card\" content=\"summary_large_image\" \/>\n<script type=\"application\/ld+json\" class=\"yoast-schema-graph\">{\"@context\":\"https:\/\/schema.org\",\"@graph\":[{\"@type\":\"WebPage\",\"@id\":\"https:\/\/dokelu.sk\/en\/produkt\/pasta-bella\/\",\"url\":\"https:\/\/dokelu.sk\/en\/produkt\/pasta-bella\/\",\"name\":\"Pasta Bella - dokelu fre\u0161 \u0161al\u00e1t bistro\",\"isPartOf\":{\"@id\":\"https:\/\/dokelu.sk\/en\/#website\"},\"primaryImageOfPage\":{\"@id\":\"https:\/\/dokelu.sk\/en\/produkt\/pasta-bella\/#primaryimage\"},\"image\":{\"@id\":\"https:\/\/dokelu.sk\/en\/produkt\/pasta-bella\/#primaryimage\"},\"thumbnailUrl\":\"https:\/\/dokelu.sk\/wp-content\/uploads\/Pasta-bella-scaled.png\",\"datePublished\":\"2025-06-05T07:57:50+00:00\",\"dateModified\":\"2025-06-05T07:57:50+00:00\",\"breadcrumb\":{\"@id\":\"https:\/\/dokelu.sk\/en\/produkt\/pasta-bella\/#breadcrumb\"},\"inLanguage\":\"en-US\",\"potentialAction\":[{\"@type\":\"ReadAction\",\"target\":[\"https:\/\/dokelu.sk\/en\/produkt\/pasta-bella\/\"]}]},{\"@type\":\"ImageObject\",\"inLanguage\":\"en-US\",\"@id\":\"https:\/\/dokelu.sk\/en\/produkt\/pasta-bella\/#primaryimage\",\"url\":\"https:\/\/dokelu.sk\/wp-content\/uploads\/Pasta-bella-scaled.png\",\"contentUrl\":\"https:\/\/dokelu.sk\/wp-content\/uploads\/Pasta-bella-scaled.png\",\"width\":2506,\"height\":2560},{\"@type\":\"BreadcrumbList\",\"@id\":\"https:\/\/dokelu.sk\/en\/produkt\/pasta-bella\/#breadcrumb\",\"itemListElement\":[{\"@type\":\"ListItem\",\"position\":1,\"name\":\"Domovsk\u00e1 str\u00e1nka\",\"item\":\"https:\/\/dokelu.sk\/en\/\"},{\"@type\":\"ListItem\",\"position\":2,\"name\":\"Shop\",\"item\":\"https:\/\/dokelu.sk\/en\/shop\/\"},{\"@type\":\"ListItem\",\"position\":3,\"name\":\"Pasta Bella\"}]},{\"@type\":\"WebSite\",\"@id\":\"https:\/\/dokelu.sk\/en\/#website\",\"url\":\"https:\/\/dokelu.sk\/en\/\",\"name\":\"dokelu fre\u0161 \u0161al\u00e1t bistro\",\"description\":\"Maj na \u0161al\u00e1te!\",\"publisher\":{\"@id\":\"https:\/\/dokelu.sk\/en\/#organization\"},\"potentialAction\":[{\"@type\":\"SearchAction\",\"target\":{\"@type\":\"EntryPoint\",\"urlTemplate\":\"https:\/\/dokelu.sk\/en\/?s={search_term_string}\"},\"query-input\":{\"@type\":\"PropertyValueSpecification\",\"valueRequired\":true,\"valueName\":\"search_term_string\"}}],\"inLanguage\":\"en-US\"},{\"@type\":\"Organization\",\"@id\":\"https:\/\/dokelu.sk\/en\/#organization\",\"name\":\"dokelu fre\u0161 \u0161al\u00e1t bistro\",\"url\":\"https:\/\/dokelu.sk\/en\/\",\"logo\":{\"@type\":\"ImageObject\",\"inLanguage\":\"en-US\",\"@id\":\"https:\/\/dokelu.sk\/en\/#\/schema\/logo\/image\/\",\"url\":\"http:\/\/dokelu.sk\/wp-content\/uploads\/2023\/09\/logo.png\",\"contentUrl\":\"http:\/\/dokelu.sk\/wp-content\/uploads\/2023\/09\/logo.png\",\"width\":1182,\"height\":591,\"caption\":\"dokelu fre\u0161 \u0161al\u00e1t bistro\"},\"image\":{\"@id\":\"https:\/\/dokelu.sk\/en\/#\/schema\/logo\/image\/\"},\"sameAs\":[\"https:\/\/www.facebook.com\/dokelusalat\",\"https:\/\/www.instagram.com\/dokelusalat\/\"]}]}<\/script>\n<!-- \/ Yoast SEO plugin. -->","yoast_head_json":{"title":"Pasta Bella - dokelu fre\u0161 \u0161al\u00e1t bistro","robots":{"index":"index","follow":"follow","max-snippet":"max-snippet:-1","max-image-preview":"max-image-preview:large","max-video-preview":"max-video-preview:-1"},"canonical":"https:\/\/dokelu.sk\/en\/produkt\/pasta-bella\/","og_locale":"en_US","og_type":"article","og_title":"Pasta Bella - dokelu fre\u0161 \u0161al\u00e1t bistro","og_description":"Ingredients: pasta, chicken breast, arugula, cherry tomatoes, sun-dried tomatoes, cucumber, red onion, marinated chickpeas, parmesan, yogurt-dijon dressing.","og_url":"https:\/\/dokelu.sk\/en\/produkt\/pasta-bella\/","og_site_name":"dokelu fre\u0161 \u0161al\u00e1t bistro","article_publisher":"https:\/\/www.facebook.com\/dokelusalat","og_image":[{"width":1002,"height":1024,"url":"https:\/\/dokelu.sk\/wp-content\/uploads\/Pasta-bella-1002x1024.png","type":"image\/png"}],"twitter_card":"summary_large_image","schema":{"@context":"https:\/\/schema.org","@graph":[{"@type":"WebPage","@id":"https:\/\/dokelu.sk\/en\/produkt\/pasta-bella\/","url":"https:\/\/dokelu.sk\/en\/produkt\/pasta-bella\/","name":"Pasta Bella - dokelu fre\u0161 \u0161al\u00e1t bistro","isPartOf":{"@id":"https:\/\/dokelu.sk\/en\/#website"},"primaryImageOfPage":{"@id":"https:\/\/dokelu.sk\/en\/produkt\/pasta-bella\/#primaryimage"},"image":{"@id":"https:\/\/dokelu.sk\/en\/produkt\/pasta-bella\/#primaryimage"},"thumbnailUrl":"https:\/\/dokelu.sk\/wp-content\/uploads\/Pasta-bella-scaled.png","datePublished":"2025-06-05T07:57:50+00:00","dateModified":"2025-06-05T07:57:50+00:00","breadcrumb":{"@id":"https:\/\/dokelu.sk\/en\/produkt\/pasta-bella\/#breadcrumb"},"inLanguage":"en-US","potentialAction":[{"@type":"ReadAction","target":["https:\/\/dokelu.sk\/en\/produkt\/pasta-bella\/"]}]},{"@type":"ImageObject","inLanguage":"en-US","@id":"https:\/\/dokelu.sk\/en\/produkt\/pasta-bella\/#primaryimage","url":"https:\/\/dokelu.sk\/wp-content\/uploads\/Pasta-bella-scaled.png","contentUrl":"https:\/\/dokelu.sk\/wp-content\/uploads\/Pasta-bella-scaled.png","width":2506,"height":2560},{"@type":"BreadcrumbList","@id":"https:\/\/dokelu.sk\/en\/produkt\/pasta-bella\/#breadcrumb","itemListElement":[{"@type":"ListItem","position":1,"name":"Domovsk\u00e1 str\u00e1nka","item":"https:\/\/dokelu.sk\/en\/"},{"@type":"ListItem","position":2,"name":"Shop","item":"https:\/\/dokelu.sk\/en\/shop\/"},{"@type":"ListItem","position":3,"name":"Pasta Bella"}]},{"@type":"WebSite","@id":"https:\/\/dokelu.sk\/en\/#website","url":"https:\/\/dokelu.sk\/en\/","name":"dokelu fre\u0161 \u0161al\u00e1t bistro","description":"Maj na \u0161al\u00e1te!","publisher":{"@id":"https:\/\/dokelu.sk\/en\/#organization"},"potentialAction":[{"@type":"SearchAction","target":{"@type":"EntryPoint","urlTemplate":"https:\/\/dokelu.sk\/en\/?s={search_term_string}"},"query-input":{"@type":"PropertyValueSpecification","valueRequired":true,"valueName":"search_term_string"}}],"inLanguage":"en-US"},{"@type":"Organization","@id":"https:\/\/dokelu.sk\/en\/#organization","name":"dokelu fre\u0161 \u0161al\u00e1t bistro","url":"https:\/\/dokelu.sk\/en\/","logo":{"@type":"ImageObject","inLanguage":"en-US","@id":"https:\/\/dokelu.sk\/en\/#\/schema\/logo\/image\/","url":"http:\/\/dokelu.sk\/wp-content\/uploads\/2023\/09\/logo.png","contentUrl":"http:\/\/dokelu.sk\/wp-content\/uploads\/2023\/09\/logo.png","width":1182,"height":591,"caption":"dokelu fre\u0161 \u0161al\u00e1t bistro"},"image":{"@id":"https:\/\/dokelu.sk\/en\/#\/schema\/logo\/image\/"},"sameAs":["https:\/\/www.facebook.com\/dokelusalat","https:\/\/www.instagram.com\/dokelusalat\/"]}]}},"uagb_featured_image_src":{"full":["https:\/\/dokelu.sk\/wp-content\/uploads\/Pasta-bella-scaled.png",2506,2560,false],"thumbnail":["https:\/\/dokelu.sk\/wp-content\/uploads\/Pasta-bella-150x150.png",150,150,true],"medium":["https:\/\/dokelu.sk\/wp-content\/uploads\/Pasta-bella-294x300.png",294,300,true],"medium_large":["https:\/\/dokelu.sk\/wp-content\/uploads\/Pasta-bella-768x784.png",640,653,true],"large":["https:\/\/dokelu.sk\/wp-content\/uploads\/Pasta-bella-1002x1024.png",640,654,true],"1536x1536":["https:\/\/dokelu.sk\/wp-content\/uploads\/Pasta-bella-1504x1536.png",1504,1536,true],"2048x2048":["https:\/\/dokelu.sk\/wp-content\/uploads\/Pasta-bella-2005x2048.png",2005,2048,true],"woocommerce_thumbnail":["https:\/\/dokelu.sk\/wp-content\/uploads\/Pasta-bella-300x300.png",300,300,true],"woocommerce_single":["https:\/\/dokelu.sk\/wp-content\/uploads\/Pasta-bella-600x613.png",600,613,true],"woocommerce_gallery_thumbnail":["https:\/\/dokelu.sk\/wp-content\/uploads\/Pasta-bella-100x100.png",100,100,true]},"uagb_author_info":{"display_name":"david-zoomzoom","author_link":"https:\/\/dokelu.sk\/en\/author\/"},"uagb_comment_info":0,"uagb_excerpt":"Ingredients: pasta, chicken breast, arugula, cherry tomatoes, sun-dried tomatoes, cucumber, red onion, marinated chickpeas, parmesan, yogurt-dijon dressing.","_links":{"self":[{"href":"https:\/\/dokelu.sk\/en\/wp-json\/wp\/v2\/product\/20732","targetHints":{"allow":["GET"]}}],"collection":[{"href":"https:\/\/dokelu.sk\/en\/wp-json\/wp\/v2\/product"}],"about":[{"href":"https:\/\/dokelu.sk\/en\/wp-json\/wp\/v2\/types\/product"}],"wp:featuredmedia":[{"embeddable":true,"href":"https:\/\/dokelu.sk\/en\/wp-json\/wp\/v2\/media\/20202"}],"wp:attachment":[{"href":"https:\/\/dokelu.sk\/en\/wp-json\/wp\/v2\/media?parent=20732"}],"wp:term":[{"taxonomy":"product_cat","embeddable":true,"href":"https:\/\/dokelu.sk\/en\/wp-json\/wp\/v2\/product_cat?post=20732"},{"taxonomy":"product_tag","embeddable":true,"href":"https:\/\/dokelu.sk\/en\/wp-json\/wp\/v2\/product_tag?post=20732"}],"curies":[{"name":"wp","href":"https:\/\/api.w.org\/{rel}","templated":true}]}}