{"id":18817,"date":"2024-03-11T15:22:20","date_gmt":"2025-01-10T08:57:53","guid":{"rendered":"https:\/\/dokelu.sk\/?post_type=product&#038;p=18817"},"modified":"2025-01-10T09:57:53","modified_gmt":"2025-01-10T08:57:53","slug":"daj-svaly-millet","status":"publish","type":"product","link":"https:\/\/dokelu.sk\/en\/produkt\/daj-svaly-millet\/","title":{"rendered":"Daj svaly &#8211; millet"},"content":{"rendered":"<p><strong>Composition:<\/strong> Mix salad (iced, roman, lollo rosso), millet , tomatoes, black olives, baby spinach, mozzarella, egg, chicken, citrus dressing.<\/p>\n<p><strong>Weight:<\/strong>\u00a0510 g<\/p>\n","protected":false},"excerpt":{"rendered":"<p><strong>Composition:<\/strong> Mix salad (iced, roman, lollo rosso), millet , tomatoes, black olives, baby spinach, mozzarella, egg, chicken, citrus dressing.<\/p>\n","protected":false},"featured_media":1356,"template":"","meta":{"_acf_changed":false,"_uag_custom_page_level_css":""},"product_cat":[200,128],"product_tag":[],"class_list":{"0":"post-18817","1":"product","2":"type-product","3":"status-publish","4":"has-post-thumbnail","6":"product_cat-gluten-free","7":"product_cat-salads","9":"first","10":"instock","11":"taxable","12":"shipping-taxable","13":"purchasable","14":"product-type-simple"},"acf":[],"yoast_head":"<!-- This site is optimized with the Yoast SEO plugin v23.6 - https:\/\/yoast.com\/wordpress\/plugins\/seo\/ -->\n<title>Daj svaly - millet - dokelu fre\u0161 \u0161al\u00e1t bistro<\/title>\n<meta name=\"robots\" content=\"index, follow, max-snippet:-1, max-image-preview:large, max-video-preview:-1\" \/>\n<link rel=\"canonical\" href=\"https:\/\/dokelu.sk\/en\/produkt\/daj-svaly-millet\/\" \/>\n<meta property=\"og:locale\" content=\"en_US\" \/>\n<meta property=\"og:type\" content=\"article\" \/>\n<meta property=\"og:title\" content=\"Daj svaly - millet - dokelu fre\u0161 \u0161al\u00e1t bistro\" \/>\n<meta property=\"og:description\" content=\"Composition: Mix salad (iced, roman, lollo rosso), millet , tomatoes, black olives, baby spinach, mozzarella, egg, chicken, citrus dressing.\" \/>\n<meta property=\"og:url\" content=\"https:\/\/dokelu.sk\/en\/produkt\/daj-svaly-millet\/\" \/>\n<meta property=\"og:site_name\" content=\"dokelu fre\u0161 \u0161al\u00e1t bistro\" \/>\n<meta property=\"article:publisher\" content=\"https:\/\/www.facebook.com\/dokelusalat\" \/>\n<meta property=\"og:image\" content=\"https:\/\/dokelu.sk\/wp-content\/uploads\/2021\/10\/daj-svaly.jpg\" \/>\n\t<meta property=\"og:image:width\" content=\"750\" \/>\n\t<meta property=\"og:image:height\" content=\"750\" \/>\n\t<meta property=\"og:image:type\" content=\"image\/jpeg\" \/>\n<meta name=\"twitter:card\" content=\"summary_large_image\" \/>\n<script type=\"application\/ld+json\" class=\"yoast-schema-graph\">{\"@context\":\"https:\/\/schema.org\",\"@graph\":[{\"@type\":\"WebPage\",\"@id\":\"https:\/\/dokelu.sk\/en\/produkt\/daj-svaly-millet\/\",\"url\":\"https:\/\/dokelu.sk\/en\/produkt\/daj-svaly-millet\/\",\"name\":\"Daj svaly - millet - dokelu fre\u0161 \u0161al\u00e1t bistro\",\"isPartOf\":{\"@id\":\"https:\/\/dokelu.sk\/en\/#website\"},\"primaryImageOfPage\":{\"@id\":\"https:\/\/dokelu.sk\/en\/produkt\/daj-svaly-millet\/#primaryimage\"},\"image\":{\"@id\":\"https:\/\/dokelu.sk\/en\/produkt\/daj-svaly-millet\/#primaryimage\"},\"thumbnailUrl\":\"https:\/\/dokelu.sk\/wp-content\/uploads\/2021\/10\/daj-svaly.jpg\",\"datePublished\":\"2025-01-10T08:57:53+00:00\",\"dateModified\":\"2025-01-10T08:57:53+00:00\",\"breadcrumb\":{\"@id\":\"https:\/\/dokelu.sk\/en\/produkt\/daj-svaly-millet\/#breadcrumb\"},\"inLanguage\":\"en-US\",\"potentialAction\":[{\"@type\":\"ReadAction\",\"target\":[\"https:\/\/dokelu.sk\/en\/produkt\/daj-svaly-millet\/\"]}]},{\"@type\":\"ImageObject\",\"inLanguage\":\"en-US\",\"@id\":\"https:\/\/dokelu.sk\/en\/produkt\/daj-svaly-millet\/#primaryimage\",\"url\":\"https:\/\/dokelu.sk\/wp-content\/uploads\/2021\/10\/daj-svaly.jpg\",\"contentUrl\":\"https:\/\/dokelu.sk\/wp-content\/uploads\/2021\/10\/daj-svaly.jpg\",\"width\":750,\"height\":750},{\"@type\":\"BreadcrumbList\",\"@id\":\"https:\/\/dokelu.sk\/en\/produkt\/daj-svaly-millet\/#breadcrumb\",\"itemListElement\":[{\"@type\":\"ListItem\",\"position\":1,\"name\":\"Domovsk\u00e1 str\u00e1nka\",\"item\":\"https:\/\/dokelu.sk\/en\/\"},{\"@type\":\"ListItem\",\"position\":2,\"name\":\"Shop\",\"item\":\"https:\/\/dokelu.sk\/en\/shop\/\"},{\"@type\":\"ListItem\",\"position\":3,\"name\":\"Daj svaly &#8211; millet\"}]},{\"@type\":\"WebSite\",\"@id\":\"https:\/\/dokelu.sk\/en\/#website\",\"url\":\"https:\/\/dokelu.sk\/en\/\",\"name\":\"dokelu fre\u0161 \u0161al\u00e1t bistro\",\"description\":\"Maj na \u0161al\u00e1te!\",\"publisher\":{\"@id\":\"https:\/\/dokelu.sk\/en\/#organization\"},\"potentialAction\":[{\"@type\":\"SearchAction\",\"target\":{\"@type\":\"EntryPoint\",\"urlTemplate\":\"https:\/\/dokelu.sk\/en\/?s={search_term_string}\"},\"query-input\":{\"@type\":\"PropertyValueSpecification\",\"valueRequired\":true,\"valueName\":\"search_term_string\"}}],\"inLanguage\":\"en-US\"},{\"@type\":\"Organization\",\"@id\":\"https:\/\/dokelu.sk\/en\/#organization\",\"name\":\"dokelu fre\u0161 \u0161al\u00e1t bistro\",\"url\":\"https:\/\/dokelu.sk\/en\/\",\"logo\":{\"@type\":\"ImageObject\",\"inLanguage\":\"en-US\",\"@id\":\"https:\/\/dokelu.sk\/en\/#\/schema\/logo\/image\/\",\"url\":\"http:\/\/dokelu.sk\/wp-content\/uploads\/2023\/09\/logo.png\",\"contentUrl\":\"http:\/\/dokelu.sk\/wp-content\/uploads\/2023\/09\/logo.png\",\"width\":1182,\"height\":591,\"caption\":\"dokelu fre\u0161 \u0161al\u00e1t bistro\"},\"image\":{\"@id\":\"https:\/\/dokelu.sk\/en\/#\/schema\/logo\/image\/\"},\"sameAs\":[\"https:\/\/www.facebook.com\/dokelusalat\",\"https:\/\/www.instagram.com\/dokelusalat\/\"]}]}<\/script>\n<!-- \/ Yoast SEO plugin. -->","yoast_head_json":{"title":"Daj svaly - millet - dokelu fre\u0161 \u0161al\u00e1t bistro","robots":{"index":"index","follow":"follow","max-snippet":"max-snippet:-1","max-image-preview":"max-image-preview:large","max-video-preview":"max-video-preview:-1"},"canonical":"https:\/\/dokelu.sk\/en\/produkt\/daj-svaly-millet\/","og_locale":"en_US","og_type":"article","og_title":"Daj svaly - millet - dokelu fre\u0161 \u0161al\u00e1t bistro","og_description":"Composition: Mix salad (iced, roman, lollo rosso), millet , tomatoes, black olives, baby spinach, mozzarella, egg, chicken, citrus dressing.","og_url":"https:\/\/dokelu.sk\/en\/produkt\/daj-svaly-millet\/","og_site_name":"dokelu fre\u0161 \u0161al\u00e1t bistro","article_publisher":"https:\/\/www.facebook.com\/dokelusalat","og_image":[{"width":750,"height":750,"url":"https:\/\/dokelu.sk\/wp-content\/uploads\/2021\/10\/daj-svaly.jpg","type":"image\/jpeg"}],"twitter_card":"summary_large_image","schema":{"@context":"https:\/\/schema.org","@graph":[{"@type":"WebPage","@id":"https:\/\/dokelu.sk\/en\/produkt\/daj-svaly-millet\/","url":"https:\/\/dokelu.sk\/en\/produkt\/daj-svaly-millet\/","name":"Daj svaly - millet - dokelu fre\u0161 \u0161al\u00e1t bistro","isPartOf":{"@id":"https:\/\/dokelu.sk\/en\/#website"},"primaryImageOfPage":{"@id":"https:\/\/dokelu.sk\/en\/produkt\/daj-svaly-millet\/#primaryimage"},"image":{"@id":"https:\/\/dokelu.sk\/en\/produkt\/daj-svaly-millet\/#primaryimage"},"thumbnailUrl":"https:\/\/dokelu.sk\/wp-content\/uploads\/2021\/10\/daj-svaly.jpg","datePublished":"2025-01-10T08:57:53+00:00","dateModified":"2025-01-10T08:57:53+00:00","breadcrumb":{"@id":"https:\/\/dokelu.sk\/en\/produkt\/daj-svaly-millet\/#breadcrumb"},"inLanguage":"en-US","potentialAction":[{"@type":"ReadAction","target":["https:\/\/dokelu.sk\/en\/produkt\/daj-svaly-millet\/"]}]},{"@type":"ImageObject","inLanguage":"en-US","@id":"https:\/\/dokelu.sk\/en\/produkt\/daj-svaly-millet\/#primaryimage","url":"https:\/\/dokelu.sk\/wp-content\/uploads\/2021\/10\/daj-svaly.jpg","contentUrl":"https:\/\/dokelu.sk\/wp-content\/uploads\/2021\/10\/daj-svaly.jpg","width":750,"height":750},{"@type":"BreadcrumbList","@id":"https:\/\/dokelu.sk\/en\/produkt\/daj-svaly-millet\/#breadcrumb","itemListElement":[{"@type":"ListItem","position":1,"name":"Domovsk\u00e1 str\u00e1nka","item":"https:\/\/dokelu.sk\/en\/"},{"@type":"ListItem","position":2,"name":"Shop","item":"https:\/\/dokelu.sk\/en\/shop\/"},{"@type":"ListItem","position":3,"name":"Daj svaly &#8211; millet"}]},{"@type":"WebSite","@id":"https:\/\/dokelu.sk\/en\/#website","url":"https:\/\/dokelu.sk\/en\/","name":"dokelu fre\u0161 \u0161al\u00e1t bistro","description":"Maj na \u0161al\u00e1te!","publisher":{"@id":"https:\/\/dokelu.sk\/en\/#organization"},"potentialAction":[{"@type":"SearchAction","target":{"@type":"EntryPoint","urlTemplate":"https:\/\/dokelu.sk\/en\/?s={search_term_string}"},"query-input":{"@type":"PropertyValueSpecification","valueRequired":true,"valueName":"search_term_string"}}],"inLanguage":"en-US"},{"@type":"Organization","@id":"https:\/\/dokelu.sk\/en\/#organization","name":"dokelu fre\u0161 \u0161al\u00e1t bistro","url":"https:\/\/dokelu.sk\/en\/","logo":{"@type":"ImageObject","inLanguage":"en-US","@id":"https:\/\/dokelu.sk\/en\/#\/schema\/logo\/image\/","url":"http:\/\/dokelu.sk\/wp-content\/uploads\/2023\/09\/logo.png","contentUrl":"http:\/\/dokelu.sk\/wp-content\/uploads\/2023\/09\/logo.png","width":1182,"height":591,"caption":"dokelu fre\u0161 \u0161al\u00e1t bistro"},"image":{"@id":"https:\/\/dokelu.sk\/en\/#\/schema\/logo\/image\/"},"sameAs":["https:\/\/www.facebook.com\/dokelusalat","https:\/\/www.instagram.com\/dokelusalat\/"]}]}},"uagb_featured_image_src":{"full":["https:\/\/dokelu.sk\/wp-content\/uploads\/2021\/10\/daj-svaly.jpg",750,750,false],"thumbnail":["https:\/\/dokelu.sk\/wp-content\/uploads\/2021\/10\/daj-svaly-150x150.jpg",150,150,true],"medium":["https:\/\/dokelu.sk\/wp-content\/uploads\/2021\/10\/daj-svaly-300x300.jpg",300,300,true],"medium_large":["https:\/\/dokelu.sk\/wp-content\/uploads\/2021\/10\/daj-svaly.jpg",640,640,false],"large":["https:\/\/dokelu.sk\/wp-content\/uploads\/2021\/10\/daj-svaly.jpg",640,640,false],"1536x1536":["https:\/\/dokelu.sk\/wp-content\/uploads\/2021\/10\/daj-svaly.jpg",750,750,false],"2048x2048":["https:\/\/dokelu.sk\/wp-content\/uploads\/2021\/10\/daj-svaly.jpg",750,750,false],"woocommerce_thumbnail":["https:\/\/dokelu.sk\/wp-content\/uploads\/2021\/10\/daj-svaly-300x300.jpg",300,300,true],"woocommerce_single":["https:\/\/dokelu.sk\/wp-content\/uploads\/2021\/10\/daj-svaly-600x600.jpg",600,600,true],"woocommerce_gallery_thumbnail":["https:\/\/dokelu.sk\/wp-content\/uploads\/2021\/10\/daj-svaly-100x100.jpg",100,100,true]},"uagb_author_info":{"display_name":"Lenka Bednarcikova","author_link":"https:\/\/dokelu.sk\/en\/author\/"},"uagb_comment_info":0,"uagb_excerpt":"Composition: Mix salad (iced, roman, lollo rosso), millet , tomatoes, black olives, baby spinach, mozzarella, egg, chicken, citrus dressing.","_links":{"self":[{"href":"https:\/\/dokelu.sk\/en\/wp-json\/wp\/v2\/product\/18817","targetHints":{"allow":["GET"]}}],"collection":[{"href":"https:\/\/dokelu.sk\/en\/wp-json\/wp\/v2\/product"}],"about":[{"href":"https:\/\/dokelu.sk\/en\/wp-json\/wp\/v2\/types\/product"}],"wp:featuredmedia":[{"embeddable":true,"href":"https:\/\/dokelu.sk\/en\/wp-json\/wp\/v2\/media\/1356"}],"wp:attachment":[{"href":"https:\/\/dokelu.sk\/en\/wp-json\/wp\/v2\/media?parent=18817"}],"wp:term":[{"taxonomy":"product_cat","embeddable":true,"href":"https:\/\/dokelu.sk\/en\/wp-json\/wp\/v2\/product_cat?post=18817"},{"taxonomy":"product_tag","embeddable":true,"href":"https:\/\/dokelu.sk\/en\/wp-json\/wp\/v2\/product_tag?post=18817"}],"curies":[{"name":"wp","href":"https:\/\/api.w.org\/{rel}","templated":true}]}}