{"id":1509,"date":"2021-10-07T15:43:15","date_gmt":"2022-02-15T15:47:16","guid":{"rendered":"http:\/\/dokelu.sk\/produkt\/daj-svaly\/"},"modified":"2022-02-16T21:01:43","modified_gmt":"2022-02-16T20:01:43","slug":"daj-svaly","status":"publish","type":"product","link":"https:\/\/dokelu.sk\/en\/produkt\/daj-svaly\/","title":{"rendered":"Daj Svaly!"},"content":{"rendered":"<p><b>Salad author: J\u00e1n Kr\u00e1\u013e<\/b><\/p>\n<p>&#8220;I designed this salad for everyone who trains in order to gain muscle mass. It is made mainly of protein and this salad contains up to 3 sources (chicken, mozzarella, egg). Nutritionally, it&#8217;s a very rich and balanced salad, so give it muscle! \u201d<\/p>\n<p><strong>Composition:<\/strong> Mix salad (iced, roman, lollo rosso), piece by piece, tomatoes, black olives, baby spinach, mozzarella, egg, chicken, citrus dressing.<\/p>\n<p><strong>Allergens salad: <\/strong>1, 3, 7<\/p>\n<p><strong>Weight: <\/strong>490 g<\/p>\n","protected":false},"excerpt":{"rendered":"<p><strong>Composition:<\/strong> Mix salad (iced, roman, lollo rosso), <span class=\"VIiyi\" lang=\"en\"><span class=\"JLqJ4b ChMk0b\" data-language-for-alternatives=\"en\" data-language-to-translate-into=\"sk\" data-phrase-index=\"0\" data-number-of-phrases=\"1\">couscous<\/span><\/span> , tomatoes, black olives, baby spinach, mozzarella, egg, chicken, citrus dressing.<\/p>\n","protected":false},"featured_media":1356,"template":"","meta":{"_acf_changed":false,"_uag_custom_page_level_css":""},"product_cat":[128],"product_tag":[],"class_list":{"0":"post-1509","1":"product","2":"type-product","3":"status-publish","4":"has-post-thumbnail","6":"product_cat-salads","7":"rychle-skupiny-everything-en","8":"rychle-skupiny-standing-offer-en","9":"rychle-skupiny-with-couscous-en","10":"rychle-skupiny-with-meat-en","11":"neobsahuje-alergeny-horcica-2-en","12":"neobsahuje-alergeny-sezam-en","13":"neobsahuje-alergeny-oxidsiricity-en","14":"neobsahuje-alergeny-vlcibob-en","15":"neobsahuje-alergeny-makkyse-en","16":"neobsahuje-alergeny-korovce-en","17":"neobsahuje-alergeny-ryby-en","18":"neobsahuje-alergeny-arasidy-2-en","19":"neobsahuje-alergeny-soja-en","20":"neobsahuje-alergeny-orechy-en","21":"neobsahuje-alergeny-zeler-en","23":"first","24":"instock","25":"taxable","26":"shipping-taxable","27":"purchasable","28":"product-type-simple"},"acf":[],"yoast_head":"<!-- This site is optimized with the Yoast SEO plugin v23.6 - https:\/\/yoast.com\/wordpress\/plugins\/seo\/ -->\n<title>Daj Svaly! - dokelu fre\u0161 \u0161al\u00e1t bistro<\/title>\n<meta name=\"robots\" content=\"index, follow, max-snippet:-1, max-image-preview:large, max-video-preview:-1\" \/>\n<link rel=\"canonical\" href=\"https:\/\/dokelu.sk\/produkt\/daj-svaly\/\" \/>\n<meta property=\"og:locale\" content=\"en_US\" \/>\n<meta property=\"og:type\" content=\"article\" \/>\n<meta property=\"og:title\" content=\"Daj Svaly! - dokelu fre\u0161 \u0161al\u00e1t bistro\" \/>\n<meta property=\"og:description\" content=\"Composition: Mix salad (iced, roman, lollo rosso), couscous , tomatoes, black olives, baby spinach, mozzarella, egg, chicken, citrus dressing.\" \/>\n<meta property=\"og:url\" content=\"https:\/\/dokelu.sk\/produkt\/daj-svaly\/\" \/>\n<meta property=\"og:site_name\" content=\"dokelu fre\u0161 \u0161al\u00e1t bistro\" \/>\n<meta property=\"article:publisher\" content=\"https:\/\/www.facebook.com\/dokelusalat\" \/>\n<meta property=\"article:modified_time\" content=\"2022-02-16T20:01:43+00:00\" \/>\n<meta property=\"og:image\" content=\"https:\/\/dokelu.sk\/wp-content\/uploads\/2021\/10\/daj-svaly.jpg\" \/>\n\t<meta property=\"og:image:width\" content=\"750\" \/>\n\t<meta property=\"og:image:height\" content=\"750\" \/>\n\t<meta property=\"og:image:type\" content=\"image\/jpeg\" \/>\n<meta name=\"twitter:card\" content=\"summary_large_image\" \/>\n<script type=\"application\/ld+json\" class=\"yoast-schema-graph\">{\"@context\":\"https:\/\/schema.org\",\"@graph\":[{\"@type\":\"WebPage\",\"@id\":\"https:\/\/dokelu.sk\/produkt\/daj-svaly\/\",\"url\":\"https:\/\/dokelu.sk\/produkt\/daj-svaly\/\",\"name\":\"Daj Svaly! - dokelu fre\u0161 \u0161al\u00e1t bistro\",\"isPartOf\":{\"@id\":\"https:\/\/dokelu.sk\/en\/#website\"},\"primaryImageOfPage\":{\"@id\":\"https:\/\/dokelu.sk\/produkt\/daj-svaly\/#primaryimage\"},\"image\":{\"@id\":\"https:\/\/dokelu.sk\/produkt\/daj-svaly\/#primaryimage\"},\"thumbnailUrl\":\"https:\/\/dokelu.sk\/wp-content\/uploads\/2021\/10\/daj-svaly.jpg\",\"datePublished\":\"2022-02-15T15:47:16+00:00\",\"dateModified\":\"2022-02-16T20:01:43+00:00\",\"breadcrumb\":{\"@id\":\"https:\/\/dokelu.sk\/produkt\/daj-svaly\/#breadcrumb\"},\"inLanguage\":\"en-US\",\"potentialAction\":[{\"@type\":\"ReadAction\",\"target\":[\"https:\/\/dokelu.sk\/produkt\/daj-svaly\/\"]}]},{\"@type\":\"ImageObject\",\"inLanguage\":\"en-US\",\"@id\":\"https:\/\/dokelu.sk\/produkt\/daj-svaly\/#primaryimage\",\"url\":\"https:\/\/dokelu.sk\/wp-content\/uploads\/2021\/10\/daj-svaly.jpg\",\"contentUrl\":\"https:\/\/dokelu.sk\/wp-content\/uploads\/2021\/10\/daj-svaly.jpg\",\"width\":750,\"height\":750},{\"@type\":\"BreadcrumbList\",\"@id\":\"https:\/\/dokelu.sk\/produkt\/daj-svaly\/#breadcrumb\",\"itemListElement\":[{\"@type\":\"ListItem\",\"position\":1,\"name\":\"Domovsk\u00e1 str\u00e1nka\",\"item\":\"https:\/\/dokelu.sk\/en\/\"},{\"@type\":\"ListItem\",\"position\":2,\"name\":\"Shop\",\"item\":\"https:\/\/dokelu.sk\/en\/shop\/\"},{\"@type\":\"ListItem\",\"position\":3,\"name\":\"Daj Svaly!\"}]},{\"@type\":\"WebSite\",\"@id\":\"https:\/\/dokelu.sk\/en\/#website\",\"url\":\"https:\/\/dokelu.sk\/en\/\",\"name\":\"dokelu fre\u0161 \u0161al\u00e1t bistro\",\"description\":\"Maj na \u0161al\u00e1te!\",\"publisher\":{\"@id\":\"https:\/\/dokelu.sk\/en\/#organization\"},\"potentialAction\":[{\"@type\":\"SearchAction\",\"target\":{\"@type\":\"EntryPoint\",\"urlTemplate\":\"https:\/\/dokelu.sk\/en\/?s={search_term_string}\"},\"query-input\":{\"@type\":\"PropertyValueSpecification\",\"valueRequired\":true,\"valueName\":\"search_term_string\"}}],\"inLanguage\":\"en-US\"},{\"@type\":\"Organization\",\"@id\":\"https:\/\/dokelu.sk\/en\/#organization\",\"name\":\"dokelu fre\u0161 \u0161al\u00e1t bistro\",\"url\":\"https:\/\/dokelu.sk\/en\/\",\"logo\":{\"@type\":\"ImageObject\",\"inLanguage\":\"en-US\",\"@id\":\"https:\/\/dokelu.sk\/en\/#\/schema\/logo\/image\/\",\"url\":\"http:\/\/dokelu.sk\/wp-content\/uploads\/2023\/09\/logo.png\",\"contentUrl\":\"http:\/\/dokelu.sk\/wp-content\/uploads\/2023\/09\/logo.png\",\"width\":1182,\"height\":591,\"caption\":\"dokelu fre\u0161 \u0161al\u00e1t bistro\"},\"image\":{\"@id\":\"https:\/\/dokelu.sk\/en\/#\/schema\/logo\/image\/\"},\"sameAs\":[\"https:\/\/www.facebook.com\/dokelusalat\",\"https:\/\/www.instagram.com\/dokelusalat\/\"]}]}<\/script>\n<!-- \/ Yoast SEO plugin. -->","yoast_head_json":{"title":"Daj Svaly! - dokelu fre\u0161 \u0161al\u00e1t bistro","robots":{"index":"index","follow":"follow","max-snippet":"max-snippet:-1","max-image-preview":"max-image-preview:large","max-video-preview":"max-video-preview:-1"},"canonical":"https:\/\/dokelu.sk\/produkt\/daj-svaly\/","og_locale":"en_US","og_type":"article","og_title":"Daj Svaly! - dokelu fre\u0161 \u0161al\u00e1t bistro","og_description":"Composition: Mix salad (iced, roman, lollo rosso), couscous , tomatoes, black olives, baby spinach, mozzarella, egg, chicken, citrus dressing.","og_url":"https:\/\/dokelu.sk\/produkt\/daj-svaly\/","og_site_name":"dokelu fre\u0161 \u0161al\u00e1t bistro","article_publisher":"https:\/\/www.facebook.com\/dokelusalat","article_modified_time":"2022-02-16T20:01:43+00:00","og_image":[{"width":750,"height":750,"url":"https:\/\/dokelu.sk\/wp-content\/uploads\/2021\/10\/daj-svaly.jpg","type":"image\/jpeg"}],"twitter_card":"summary_large_image","schema":{"@context":"https:\/\/schema.org","@graph":[{"@type":"WebPage","@id":"https:\/\/dokelu.sk\/produkt\/daj-svaly\/","url":"https:\/\/dokelu.sk\/produkt\/daj-svaly\/","name":"Daj Svaly! - dokelu fre\u0161 \u0161al\u00e1t bistro","isPartOf":{"@id":"https:\/\/dokelu.sk\/en\/#website"},"primaryImageOfPage":{"@id":"https:\/\/dokelu.sk\/produkt\/daj-svaly\/#primaryimage"},"image":{"@id":"https:\/\/dokelu.sk\/produkt\/daj-svaly\/#primaryimage"},"thumbnailUrl":"https:\/\/dokelu.sk\/wp-content\/uploads\/2021\/10\/daj-svaly.jpg","datePublished":"2022-02-15T15:47:16+00:00","dateModified":"2022-02-16T20:01:43+00:00","breadcrumb":{"@id":"https:\/\/dokelu.sk\/produkt\/daj-svaly\/#breadcrumb"},"inLanguage":"en-US","potentialAction":[{"@type":"ReadAction","target":["https:\/\/dokelu.sk\/produkt\/daj-svaly\/"]}]},{"@type":"ImageObject","inLanguage":"en-US","@id":"https:\/\/dokelu.sk\/produkt\/daj-svaly\/#primaryimage","url":"https:\/\/dokelu.sk\/wp-content\/uploads\/2021\/10\/daj-svaly.jpg","contentUrl":"https:\/\/dokelu.sk\/wp-content\/uploads\/2021\/10\/daj-svaly.jpg","width":750,"height":750},{"@type":"BreadcrumbList","@id":"https:\/\/dokelu.sk\/produkt\/daj-svaly\/#breadcrumb","itemListElement":[{"@type":"ListItem","position":1,"name":"Domovsk\u00e1 str\u00e1nka","item":"https:\/\/dokelu.sk\/en\/"},{"@type":"ListItem","position":2,"name":"Shop","item":"https:\/\/dokelu.sk\/en\/shop\/"},{"@type":"ListItem","position":3,"name":"Daj Svaly!"}]},{"@type":"WebSite","@id":"https:\/\/dokelu.sk\/en\/#website","url":"https:\/\/dokelu.sk\/en\/","name":"dokelu fre\u0161 \u0161al\u00e1t bistro","description":"Maj na \u0161al\u00e1te!","publisher":{"@id":"https:\/\/dokelu.sk\/en\/#organization"},"potentialAction":[{"@type":"SearchAction","target":{"@type":"EntryPoint","urlTemplate":"https:\/\/dokelu.sk\/en\/?s={search_term_string}"},"query-input":{"@type":"PropertyValueSpecification","valueRequired":true,"valueName":"search_term_string"}}],"inLanguage":"en-US"},{"@type":"Organization","@id":"https:\/\/dokelu.sk\/en\/#organization","name":"dokelu fre\u0161 \u0161al\u00e1t bistro","url":"https:\/\/dokelu.sk\/en\/","logo":{"@type":"ImageObject","inLanguage":"en-US","@id":"https:\/\/dokelu.sk\/en\/#\/schema\/logo\/image\/","url":"http:\/\/dokelu.sk\/wp-content\/uploads\/2023\/09\/logo.png","contentUrl":"http:\/\/dokelu.sk\/wp-content\/uploads\/2023\/09\/logo.png","width":1182,"height":591,"caption":"dokelu fre\u0161 \u0161al\u00e1t bistro"},"image":{"@id":"https:\/\/dokelu.sk\/en\/#\/schema\/logo\/image\/"},"sameAs":["https:\/\/www.facebook.com\/dokelusalat","https:\/\/www.instagram.com\/dokelusalat\/"]}]}},"uagb_featured_image_src":{"full":["https:\/\/dokelu.sk\/wp-content\/uploads\/2021\/10\/daj-svaly.jpg",750,750,false],"thumbnail":["https:\/\/dokelu.sk\/wp-content\/uploads\/2021\/10\/daj-svaly-150x150.jpg",150,150,true],"medium":["https:\/\/dokelu.sk\/wp-content\/uploads\/2021\/10\/daj-svaly-300x300.jpg",300,300,true],"medium_large":["https:\/\/dokelu.sk\/wp-content\/uploads\/2021\/10\/daj-svaly.jpg",640,640,false],"large":["https:\/\/dokelu.sk\/wp-content\/uploads\/2021\/10\/daj-svaly.jpg",640,640,false],"1536x1536":["https:\/\/dokelu.sk\/wp-content\/uploads\/2021\/10\/daj-svaly.jpg",750,750,false],"2048x2048":["https:\/\/dokelu.sk\/wp-content\/uploads\/2021\/10\/daj-svaly.jpg",750,750,false],"woocommerce_thumbnail":["https:\/\/dokelu.sk\/wp-content\/uploads\/2021\/10\/daj-svaly-300x300.jpg",300,300,true],"woocommerce_single":["https:\/\/dokelu.sk\/wp-content\/uploads\/2021\/10\/daj-svaly-600x600.jpg",600,600,true],"woocommerce_gallery_thumbnail":["https:\/\/dokelu.sk\/wp-content\/uploads\/2021\/10\/daj-svaly-100x100.jpg",100,100,true]},"uagb_author_info":{"display_name":"Musilda","author_link":"https:\/\/dokelu.sk\/en\/author\/"},"uagb_comment_info":0,"uagb_excerpt":"Composition: Mix salad (iced, roman, lollo rosso), couscous , tomatoes, black olives, baby spinach, mozzarella, egg, chicken, citrus dressing.","_links":{"self":[{"href":"https:\/\/dokelu.sk\/en\/wp-json\/wp\/v2\/product\/1509","targetHints":{"allow":["GET"]}}],"collection":[{"href":"https:\/\/dokelu.sk\/en\/wp-json\/wp\/v2\/product"}],"about":[{"href":"https:\/\/dokelu.sk\/en\/wp-json\/wp\/v2\/types\/product"}],"wp:featuredmedia":[{"embeddable":true,"href":"https:\/\/dokelu.sk\/en\/wp-json\/wp\/v2\/media\/1356"}],"wp:attachment":[{"href":"https:\/\/dokelu.sk\/en\/wp-json\/wp\/v2\/media?parent=1509"}],"wp:term":[{"taxonomy":"product_cat","embeddable":true,"href":"https:\/\/dokelu.sk\/en\/wp-json\/wp\/v2\/product_cat?post=1509"},{"taxonomy":"product_tag","embeddable":true,"href":"https:\/\/dokelu.sk\/en\/wp-json\/wp\/v2\/product_tag?post=1509"}],"curies":[{"name":"wp","href":"https:\/\/api.w.org\/{rel}","templated":true}]}}