{"id":1492,"date":"2022-01-26T20:27:43","date_gmt":"2022-02-15T14:47:07","guid":{"rendered":"http:\/\/dokelu.sk\/produkt\/chicken-tikka-masala-bowl\/"},"modified":"2022-02-16T20:56:44","modified_gmt":"2022-02-16T19:56:44","slug":"bowl-tikka-masala","status":"publish","type":"product","link":"https:\/\/dokelu.sk\/en\/produkt\/bowl-tikka-masala\/","title":{"rendered":"Chicken tikka masala bowl"},"content":{"rendered":"<div class=\"description\">\n<p><strong>Composition:<\/strong> rice, chicken breast, tomato, peas, yogurt, lemon, tikka masala sauce.<\/p>\n<p><strong>Allergen sauce : <\/strong>7, 8<\/p>\n<p><strong>Allergen bowl:<\/strong> 7, 8<\/p>\n<p><strong>Weight: <\/strong>585 g<\/p>\n<\/div>\n","protected":false},"excerpt":{"rendered":"<p><strong>Composition:<\/strong> rice, chicken breast, tomato, peas, yogurt, lemon, tikka masala sauce.<\/p>\n","protected":false},"featured_media":1358,"template":"","meta":{"_acf_changed":false,"_uag_custom_page_level_css":""},"product_cat":[123],"product_tag":[],"class_list":{"0":"post-1492","1":"product","2":"type-product","3":"status-publish","4":"has-post-thumbnail","6":"product_cat-bowl-en","7":"rychle-skupiny-standing-offer-en","8":"rychle-skupiny-warm-en","9":"rychle-skupiny-with-meat-en","10":"neobsahuje-alergeny-obilniny-en","11":"neobsahuje-alergeny-horcica-2-en","12":"neobsahuje-alergeny-sezam-en","13":"neobsahuje-alergeny-oxidsiricity-en","14":"neobsahuje-alergeny-vlcibob-en","15":"neobsahuje-alergeny-makkyse-en","16":"neobsahuje-alergeny-korovce-en","17":"neobsahuje-alergeny-vajcia-en","18":"neobsahuje-alergeny-ryby-en","19":"neobsahuje-alergeny-arasidy-2-en","20":"neobsahuje-alergeny-soja-en","21":"neobsahuje-alergeny-orechy-en","22":"neobsahuje-alergeny-zeler-en","24":"first","25":"instock","26":"taxable","27":"shipping-taxable","28":"purchasable","29":"product-type-simple"},"acf":[],"yoast_head":"<!-- This site is optimized with the Yoast SEO plugin v23.6 - https:\/\/yoast.com\/wordpress\/plugins\/seo\/ -->\n<title>Chicken tikka masala bowl - dokelu fre\u0161 \u0161al\u00e1t bistro<\/title>\n<meta name=\"robots\" content=\"index, follow, max-snippet:-1, max-image-preview:large, max-video-preview:-1\" \/>\n<link rel=\"canonical\" href=\"https:\/\/dokelu.sk\/produkt\/bowl-tikka-masala\/\" \/>\n<meta property=\"og:locale\" content=\"en_US\" \/>\n<meta property=\"og:type\" content=\"article\" \/>\n<meta property=\"og:title\" content=\"Chicken tikka masala bowl - dokelu fre\u0161 \u0161al\u00e1t bistro\" \/>\n<meta property=\"og:description\" content=\"Composition: rice, chicken breast, tomato, peas, yogurt, lemon, tikka masala sauce.\" \/>\n<meta property=\"og:url\" content=\"https:\/\/dokelu.sk\/produkt\/bowl-tikka-masala\/\" \/>\n<meta property=\"og:site_name\" content=\"dokelu fre\u0161 \u0161al\u00e1t bistro\" \/>\n<meta property=\"article:publisher\" content=\"https:\/\/www.facebook.com\/dokelusalat\" \/>\n<meta property=\"article:modified_time\" content=\"2022-02-16T19:56:44+00:00\" \/>\n<meta property=\"og:image\" content=\"https:\/\/dokelu.sk\/wp-content\/uploads\/2022\/01\/tikka-masala.jpg\" \/>\n\t<meta property=\"og:image:width\" content=\"750\" \/>\n\t<meta property=\"og:image:height\" content=\"750\" \/>\n\t<meta property=\"og:image:type\" content=\"image\/jpeg\" \/>\n<meta name=\"twitter:card\" content=\"summary_large_image\" \/>\n<script type=\"application\/ld+json\" class=\"yoast-schema-graph\">{\"@context\":\"https:\/\/schema.org\",\"@graph\":[{\"@type\":\"WebPage\",\"@id\":\"https:\/\/dokelu.sk\/produkt\/bowl-tikka-masala\/\",\"url\":\"https:\/\/dokelu.sk\/produkt\/bowl-tikka-masala\/\",\"name\":\"Chicken tikka masala bowl - dokelu fre\u0161 \u0161al\u00e1t bistro\",\"isPartOf\":{\"@id\":\"https:\/\/dokelu.sk\/en\/#website\"},\"primaryImageOfPage\":{\"@id\":\"https:\/\/dokelu.sk\/produkt\/bowl-tikka-masala\/#primaryimage\"},\"image\":{\"@id\":\"https:\/\/dokelu.sk\/produkt\/bowl-tikka-masala\/#primaryimage\"},\"thumbnailUrl\":\"https:\/\/dokelu.sk\/wp-content\/uploads\/2022\/01\/tikka-masala.jpg\",\"datePublished\":\"2022-02-15T14:47:07+00:00\",\"dateModified\":\"2022-02-16T19:56:44+00:00\",\"breadcrumb\":{\"@id\":\"https:\/\/dokelu.sk\/produkt\/bowl-tikka-masala\/#breadcrumb\"},\"inLanguage\":\"en-US\",\"potentialAction\":[{\"@type\":\"ReadAction\",\"target\":[\"https:\/\/dokelu.sk\/produkt\/bowl-tikka-masala\/\"]}]},{\"@type\":\"ImageObject\",\"inLanguage\":\"en-US\",\"@id\":\"https:\/\/dokelu.sk\/produkt\/bowl-tikka-masala\/#primaryimage\",\"url\":\"https:\/\/dokelu.sk\/wp-content\/uploads\/2022\/01\/tikka-masala.jpg\",\"contentUrl\":\"https:\/\/dokelu.sk\/wp-content\/uploads\/2022\/01\/tikka-masala.jpg\",\"width\":750,\"height\":750},{\"@type\":\"BreadcrumbList\",\"@id\":\"https:\/\/dokelu.sk\/produkt\/bowl-tikka-masala\/#breadcrumb\",\"itemListElement\":[{\"@type\":\"ListItem\",\"position\":1,\"name\":\"Domovsk\u00e1 str\u00e1nka\",\"item\":\"https:\/\/dokelu.sk\/en\/\"},{\"@type\":\"ListItem\",\"position\":2,\"name\":\"Shop\",\"item\":\"https:\/\/dokelu.sk\/en\/shop\/\"},{\"@type\":\"ListItem\",\"position\":3,\"name\":\"Chicken tikka masala bowl\"}]},{\"@type\":\"WebSite\",\"@id\":\"https:\/\/dokelu.sk\/en\/#website\",\"url\":\"https:\/\/dokelu.sk\/en\/\",\"name\":\"dokelu fre\u0161 \u0161al\u00e1t bistro\",\"description\":\"Maj na \u0161al\u00e1te!\",\"publisher\":{\"@id\":\"https:\/\/dokelu.sk\/en\/#organization\"},\"potentialAction\":[{\"@type\":\"SearchAction\",\"target\":{\"@type\":\"EntryPoint\",\"urlTemplate\":\"https:\/\/dokelu.sk\/en\/?s={search_term_string}\"},\"query-input\":{\"@type\":\"PropertyValueSpecification\",\"valueRequired\":true,\"valueName\":\"search_term_string\"}}],\"inLanguage\":\"en-US\"},{\"@type\":\"Organization\",\"@id\":\"https:\/\/dokelu.sk\/en\/#organization\",\"name\":\"dokelu fre\u0161 \u0161al\u00e1t bistro\",\"url\":\"https:\/\/dokelu.sk\/en\/\",\"logo\":{\"@type\":\"ImageObject\",\"inLanguage\":\"en-US\",\"@id\":\"https:\/\/dokelu.sk\/en\/#\/schema\/logo\/image\/\",\"url\":\"http:\/\/dokelu.sk\/wp-content\/uploads\/2023\/09\/logo.png\",\"contentUrl\":\"http:\/\/dokelu.sk\/wp-content\/uploads\/2023\/09\/logo.png\",\"width\":1182,\"height\":591,\"caption\":\"dokelu fre\u0161 \u0161al\u00e1t bistro\"},\"image\":{\"@id\":\"https:\/\/dokelu.sk\/en\/#\/schema\/logo\/image\/\"},\"sameAs\":[\"https:\/\/www.facebook.com\/dokelusalat\",\"https:\/\/www.instagram.com\/dokelusalat\/\"]}]}<\/script>\n<!-- \/ Yoast SEO plugin. -->","yoast_head_json":{"title":"Chicken tikka masala bowl - dokelu fre\u0161 \u0161al\u00e1t bistro","robots":{"index":"index","follow":"follow","max-snippet":"max-snippet:-1","max-image-preview":"max-image-preview:large","max-video-preview":"max-video-preview:-1"},"canonical":"https:\/\/dokelu.sk\/produkt\/bowl-tikka-masala\/","og_locale":"en_US","og_type":"article","og_title":"Chicken tikka masala bowl - dokelu fre\u0161 \u0161al\u00e1t bistro","og_description":"Composition: rice, chicken breast, tomato, peas, yogurt, lemon, tikka masala sauce.","og_url":"https:\/\/dokelu.sk\/produkt\/bowl-tikka-masala\/","og_site_name":"dokelu fre\u0161 \u0161al\u00e1t bistro","article_publisher":"https:\/\/www.facebook.com\/dokelusalat","article_modified_time":"2022-02-16T19:56:44+00:00","og_image":[{"width":750,"height":750,"url":"https:\/\/dokelu.sk\/wp-content\/uploads\/2022\/01\/tikka-masala.jpg","type":"image\/jpeg"}],"twitter_card":"summary_large_image","schema":{"@context":"https:\/\/schema.org","@graph":[{"@type":"WebPage","@id":"https:\/\/dokelu.sk\/produkt\/bowl-tikka-masala\/","url":"https:\/\/dokelu.sk\/produkt\/bowl-tikka-masala\/","name":"Chicken tikka masala bowl - dokelu fre\u0161 \u0161al\u00e1t bistro","isPartOf":{"@id":"https:\/\/dokelu.sk\/en\/#website"},"primaryImageOfPage":{"@id":"https:\/\/dokelu.sk\/produkt\/bowl-tikka-masala\/#primaryimage"},"image":{"@id":"https:\/\/dokelu.sk\/produkt\/bowl-tikka-masala\/#primaryimage"},"thumbnailUrl":"https:\/\/dokelu.sk\/wp-content\/uploads\/2022\/01\/tikka-masala.jpg","datePublished":"2022-02-15T14:47:07+00:00","dateModified":"2022-02-16T19:56:44+00:00","breadcrumb":{"@id":"https:\/\/dokelu.sk\/produkt\/bowl-tikka-masala\/#breadcrumb"},"inLanguage":"en-US","potentialAction":[{"@type":"ReadAction","target":["https:\/\/dokelu.sk\/produkt\/bowl-tikka-masala\/"]}]},{"@type":"ImageObject","inLanguage":"en-US","@id":"https:\/\/dokelu.sk\/produkt\/bowl-tikka-masala\/#primaryimage","url":"https:\/\/dokelu.sk\/wp-content\/uploads\/2022\/01\/tikka-masala.jpg","contentUrl":"https:\/\/dokelu.sk\/wp-content\/uploads\/2022\/01\/tikka-masala.jpg","width":750,"height":750},{"@type":"BreadcrumbList","@id":"https:\/\/dokelu.sk\/produkt\/bowl-tikka-masala\/#breadcrumb","itemListElement":[{"@type":"ListItem","position":1,"name":"Domovsk\u00e1 str\u00e1nka","item":"https:\/\/dokelu.sk\/en\/"},{"@type":"ListItem","position":2,"name":"Shop","item":"https:\/\/dokelu.sk\/en\/shop\/"},{"@type":"ListItem","position":3,"name":"Chicken tikka masala bowl"}]},{"@type":"WebSite","@id":"https:\/\/dokelu.sk\/en\/#website","url":"https:\/\/dokelu.sk\/en\/","name":"dokelu fre\u0161 \u0161al\u00e1t bistro","description":"Maj na \u0161al\u00e1te!","publisher":{"@id":"https:\/\/dokelu.sk\/en\/#organization"},"potentialAction":[{"@type":"SearchAction","target":{"@type":"EntryPoint","urlTemplate":"https:\/\/dokelu.sk\/en\/?s={search_term_string}"},"query-input":{"@type":"PropertyValueSpecification","valueRequired":true,"valueName":"search_term_string"}}],"inLanguage":"en-US"},{"@type":"Organization","@id":"https:\/\/dokelu.sk\/en\/#organization","name":"dokelu fre\u0161 \u0161al\u00e1t bistro","url":"https:\/\/dokelu.sk\/en\/","logo":{"@type":"ImageObject","inLanguage":"en-US","@id":"https:\/\/dokelu.sk\/en\/#\/schema\/logo\/image\/","url":"http:\/\/dokelu.sk\/wp-content\/uploads\/2023\/09\/logo.png","contentUrl":"http:\/\/dokelu.sk\/wp-content\/uploads\/2023\/09\/logo.png","width":1182,"height":591,"caption":"dokelu fre\u0161 \u0161al\u00e1t bistro"},"image":{"@id":"https:\/\/dokelu.sk\/en\/#\/schema\/logo\/image\/"},"sameAs":["https:\/\/www.facebook.com\/dokelusalat","https:\/\/www.instagram.com\/dokelusalat\/"]}]}},"uagb_featured_image_src":{"full":["https:\/\/dokelu.sk\/wp-content\/uploads\/2022\/01\/tikka-masala.jpg",750,750,false],"thumbnail":["https:\/\/dokelu.sk\/wp-content\/uploads\/2022\/01\/tikka-masala-150x150.jpg",150,150,true],"medium":["https:\/\/dokelu.sk\/wp-content\/uploads\/2022\/01\/tikka-masala-300x300.jpg",300,300,true],"medium_large":["https:\/\/dokelu.sk\/wp-content\/uploads\/2022\/01\/tikka-masala.jpg",640,640,false],"large":["https:\/\/dokelu.sk\/wp-content\/uploads\/2022\/01\/tikka-masala.jpg",640,640,false],"1536x1536":["https:\/\/dokelu.sk\/wp-content\/uploads\/2022\/01\/tikka-masala.jpg",750,750,false],"2048x2048":["https:\/\/dokelu.sk\/wp-content\/uploads\/2022\/01\/tikka-masala.jpg",750,750,false],"woocommerce_thumbnail":["https:\/\/dokelu.sk\/wp-content\/uploads\/2022\/01\/tikka-masala-300x300.jpg",300,300,true],"woocommerce_single":["https:\/\/dokelu.sk\/wp-content\/uploads\/2022\/01\/tikka-masala-600x600.jpg",600,600,true],"woocommerce_gallery_thumbnail":["https:\/\/dokelu.sk\/wp-content\/uploads\/2022\/01\/tikka-masala-100x100.jpg",100,100,true]},"uagb_author_info":{"display_name":"Alla Brnova","author_link":"https:\/\/dokelu.sk\/en\/author\/"},"uagb_comment_info":0,"uagb_excerpt":"Composition: rice, chicken breast, tomato, peas, yogurt, lemon, tikka masala sauce.","_links":{"self":[{"href":"https:\/\/dokelu.sk\/en\/wp-json\/wp\/v2\/product\/1492","targetHints":{"allow":["GET"]}}],"collection":[{"href":"https:\/\/dokelu.sk\/en\/wp-json\/wp\/v2\/product"}],"about":[{"href":"https:\/\/dokelu.sk\/en\/wp-json\/wp\/v2\/types\/product"}],"wp:featuredmedia":[{"embeddable":true,"href":"https:\/\/dokelu.sk\/en\/wp-json\/wp\/v2\/media\/1358"}],"wp:attachment":[{"href":"https:\/\/dokelu.sk\/en\/wp-json\/wp\/v2\/media?parent=1492"}],"wp:term":[{"taxonomy":"product_cat","embeddable":true,"href":"https:\/\/dokelu.sk\/en\/wp-json\/wp\/v2\/product_cat?post=1492"},{"taxonomy":"product_tag","embeddable":true,"href":"https:\/\/dokelu.sk\/en\/wp-json\/wp\/v2\/product_tag?post=1492"}],"curies":[{"name":"wp","href":"https:\/\/api.w.org\/{rel}","templated":true}]}}