{"id":1486,"date":"2022-01-27T15:58:12","date_gmt":"2022-02-15T14:33:03","guid":{"rendered":"http:\/\/dokelu.sk\/produkt\/vitamin-well-refresh\/"},"modified":"2022-02-15T15:33:03","modified_gmt":"2022-02-15T14:33:03","slug":"vitamin-well-refresh-500-ml-2","status":"publish","type":"product","link":"https:\/\/dokelu.sk\/en\/produkt\/vitamin-well-refresh-500-ml-2\/","title":{"rendered":"Vitamin Well REFRESH"},"content":{"rendered":"<p>VITAMIN WELL vitamin drinks are enriched with various vitamins and minerals, fruits and plant extracts. They are unsaturated and sweetened exclusively with fruit sugar, fructose. The first drinks were introduced by a manufacturer in Sweden in 2008. Our vitamin drinks provide an alternative to soft drinks, fruit juices and other high-sweet drinks and are available in seven different variants and functionalities. 500 ml.<\/p>\n","protected":false},"excerpt":{"rendered":"<p>VITAMIN WELL vitamin drinks are enriched with various vitamins and minerals, fruits and plant extracts.<\/p>\n<p style=\"text-align: center;\"><strong>Volume:<\/strong> 500ml<\/p>\n","protected":false},"featured_media":1151,"template":"","meta":{"_acf_changed":false,"_uag_custom_page_level_css":""},"product_cat":[126],"product_tag":[],"class_list":{"0":"post-1486","1":"product","2":"type-product","3":"status-publish","4":"has-post-thumbnail","6":"product_cat-drinks","8":"first","9":"outofstock","10":"taxable","11":"shipping-taxable","12":"purchasable","13":"product-type-simple"},"acf":[],"yoast_head":"<!-- This site is optimized with the Yoast SEO plugin v23.6 - https:\/\/yoast.com\/wordpress\/plugins\/seo\/ -->\n<title>Vitamin Well REFRESH - dokelu fre\u0161 \u0161al\u00e1t bistro<\/title>\n<meta name=\"robots\" content=\"index, follow, max-snippet:-1, max-image-preview:large, max-video-preview:-1\" \/>\n<link rel=\"canonical\" href=\"https:\/\/dokelu.sk\/produkt\/vitamin-well-refresh-500-ml\/\" \/>\n<meta property=\"og:locale\" content=\"en_US\" \/>\n<meta property=\"og:type\" content=\"article\" \/>\n<meta property=\"og:title\" content=\"Vitamin Well REFRESH - dokelu fre\u0161 \u0161al\u00e1t bistro\" \/>\n<meta property=\"og:description\" content=\"VITAMIN WELL vitamin drinks are enriched with various vitamins and minerals, fruits and plant extracts. Volume: 500ml\" \/>\n<meta property=\"og:url\" content=\"https:\/\/dokelu.sk\/produkt\/vitamin-well-refresh-500-ml\/\" \/>\n<meta property=\"og:site_name\" content=\"dokelu fre\u0161 \u0161al\u00e1t bistro\" \/>\n<meta property=\"article:publisher\" content=\"https:\/\/www.facebook.com\/dokelusalat\" \/>\n<meta property=\"og:image\" content=\"https:\/\/dokelu.sk\/wp-content\/uploads\/2022\/01\/vitamin-well-refresh-500-ml-300x300-1.jpg\" \/>\n\t<meta property=\"og:image:width\" content=\"300\" \/>\n\t<meta property=\"og:image:height\" content=\"300\" \/>\n\t<meta property=\"og:image:type\" content=\"image\/jpeg\" \/>\n<meta name=\"twitter:card\" content=\"summary_large_image\" \/>\n<script type=\"application\/ld+json\" class=\"yoast-schema-graph\">{\"@context\":\"https:\/\/schema.org\",\"@graph\":[{\"@type\":\"WebPage\",\"@id\":\"https:\/\/dokelu.sk\/produkt\/vitamin-well-refresh-500-ml\/\",\"url\":\"https:\/\/dokelu.sk\/produkt\/vitamin-well-refresh-500-ml\/\",\"name\":\"Vitamin Well REFRESH - dokelu fre\u0161 \u0161al\u00e1t bistro\",\"isPartOf\":{\"@id\":\"https:\/\/dokelu.sk\/en\/#website\"},\"primaryImageOfPage\":{\"@id\":\"https:\/\/dokelu.sk\/produkt\/vitamin-well-refresh-500-ml\/#primaryimage\"},\"image\":{\"@id\":\"https:\/\/dokelu.sk\/produkt\/vitamin-well-refresh-500-ml\/#primaryimage\"},\"thumbnailUrl\":\"https:\/\/dokelu.sk\/wp-content\/uploads\/2022\/01\/vitamin-well-refresh-500-ml-300x300-1.jpg\",\"datePublished\":\"2022-02-15T14:33:03+00:00\",\"dateModified\":\"2022-02-15T14:33:03+00:00\",\"breadcrumb\":{\"@id\":\"https:\/\/dokelu.sk\/produkt\/vitamin-well-refresh-500-ml\/#breadcrumb\"},\"inLanguage\":\"en-US\",\"potentialAction\":[{\"@type\":\"ReadAction\",\"target\":[\"https:\/\/dokelu.sk\/produkt\/vitamin-well-refresh-500-ml\/\"]}]},{\"@type\":\"ImageObject\",\"inLanguage\":\"en-US\",\"@id\":\"https:\/\/dokelu.sk\/produkt\/vitamin-well-refresh-500-ml\/#primaryimage\",\"url\":\"https:\/\/dokelu.sk\/wp-content\/uploads\/2022\/01\/vitamin-well-refresh-500-ml-300x300-1.jpg\",\"contentUrl\":\"https:\/\/dokelu.sk\/wp-content\/uploads\/2022\/01\/vitamin-well-refresh-500-ml-300x300-1.jpg\",\"width\":300,\"height\":300},{\"@type\":\"BreadcrumbList\",\"@id\":\"https:\/\/dokelu.sk\/produkt\/vitamin-well-refresh-500-ml\/#breadcrumb\",\"itemListElement\":[{\"@type\":\"ListItem\",\"position\":1,\"name\":\"Domovsk\u00e1 str\u00e1nka\",\"item\":\"https:\/\/dokelu.sk\/en\/\"},{\"@type\":\"ListItem\",\"position\":2,\"name\":\"Shop\",\"item\":\"https:\/\/dokelu.sk\/en\/shop\/\"},{\"@type\":\"ListItem\",\"position\":3,\"name\":\"Vitamin Well REFRESH\"}]},{\"@type\":\"WebSite\",\"@id\":\"https:\/\/dokelu.sk\/en\/#website\",\"url\":\"https:\/\/dokelu.sk\/en\/\",\"name\":\"dokelu fre\u0161 \u0161al\u00e1t bistro\",\"description\":\"Maj na \u0161al\u00e1te!\",\"publisher\":{\"@id\":\"https:\/\/dokelu.sk\/en\/#organization\"},\"potentialAction\":[{\"@type\":\"SearchAction\",\"target\":{\"@type\":\"EntryPoint\",\"urlTemplate\":\"https:\/\/dokelu.sk\/en\/?s={search_term_string}\"},\"query-input\":{\"@type\":\"PropertyValueSpecification\",\"valueRequired\":true,\"valueName\":\"search_term_string\"}}],\"inLanguage\":\"en-US\"},{\"@type\":\"Organization\",\"@id\":\"https:\/\/dokelu.sk\/en\/#organization\",\"name\":\"dokelu fre\u0161 \u0161al\u00e1t bistro\",\"url\":\"https:\/\/dokelu.sk\/en\/\",\"logo\":{\"@type\":\"ImageObject\",\"inLanguage\":\"en-US\",\"@id\":\"https:\/\/dokelu.sk\/en\/#\/schema\/logo\/image\/\",\"url\":\"http:\/\/dokelu.sk\/wp-content\/uploads\/2023\/09\/logo.png\",\"contentUrl\":\"http:\/\/dokelu.sk\/wp-content\/uploads\/2023\/09\/logo.png\",\"width\":1182,\"height\":591,\"caption\":\"dokelu fre\u0161 \u0161al\u00e1t bistro\"},\"image\":{\"@id\":\"https:\/\/dokelu.sk\/en\/#\/schema\/logo\/image\/\"},\"sameAs\":[\"https:\/\/www.facebook.com\/dokelusalat\",\"https:\/\/www.instagram.com\/dokelusalat\/\"]}]}<\/script>\n<!-- \/ Yoast SEO plugin. -->","yoast_head_json":{"title":"Vitamin Well REFRESH - dokelu fre\u0161 \u0161al\u00e1t bistro","robots":{"index":"index","follow":"follow","max-snippet":"max-snippet:-1","max-image-preview":"max-image-preview:large","max-video-preview":"max-video-preview:-1"},"canonical":"https:\/\/dokelu.sk\/produkt\/vitamin-well-refresh-500-ml\/","og_locale":"en_US","og_type":"article","og_title":"Vitamin Well REFRESH - dokelu fre\u0161 \u0161al\u00e1t bistro","og_description":"VITAMIN WELL vitamin drinks are enriched with various vitamins and minerals, fruits and plant extracts. Volume: 500ml","og_url":"https:\/\/dokelu.sk\/produkt\/vitamin-well-refresh-500-ml\/","og_site_name":"dokelu fre\u0161 \u0161al\u00e1t bistro","article_publisher":"https:\/\/www.facebook.com\/dokelusalat","og_image":[{"width":300,"height":300,"url":"https:\/\/dokelu.sk\/wp-content\/uploads\/2022\/01\/vitamin-well-refresh-500-ml-300x300-1.jpg","type":"image\/jpeg"}],"twitter_card":"summary_large_image","schema":{"@context":"https:\/\/schema.org","@graph":[{"@type":"WebPage","@id":"https:\/\/dokelu.sk\/produkt\/vitamin-well-refresh-500-ml\/","url":"https:\/\/dokelu.sk\/produkt\/vitamin-well-refresh-500-ml\/","name":"Vitamin Well REFRESH - dokelu fre\u0161 \u0161al\u00e1t bistro","isPartOf":{"@id":"https:\/\/dokelu.sk\/en\/#website"},"primaryImageOfPage":{"@id":"https:\/\/dokelu.sk\/produkt\/vitamin-well-refresh-500-ml\/#primaryimage"},"image":{"@id":"https:\/\/dokelu.sk\/produkt\/vitamin-well-refresh-500-ml\/#primaryimage"},"thumbnailUrl":"https:\/\/dokelu.sk\/wp-content\/uploads\/2022\/01\/vitamin-well-refresh-500-ml-300x300-1.jpg","datePublished":"2022-02-15T14:33:03+00:00","dateModified":"2022-02-15T14:33:03+00:00","breadcrumb":{"@id":"https:\/\/dokelu.sk\/produkt\/vitamin-well-refresh-500-ml\/#breadcrumb"},"inLanguage":"en-US","potentialAction":[{"@type":"ReadAction","target":["https:\/\/dokelu.sk\/produkt\/vitamin-well-refresh-500-ml\/"]}]},{"@type":"ImageObject","inLanguage":"en-US","@id":"https:\/\/dokelu.sk\/produkt\/vitamin-well-refresh-500-ml\/#primaryimage","url":"https:\/\/dokelu.sk\/wp-content\/uploads\/2022\/01\/vitamin-well-refresh-500-ml-300x300-1.jpg","contentUrl":"https:\/\/dokelu.sk\/wp-content\/uploads\/2022\/01\/vitamin-well-refresh-500-ml-300x300-1.jpg","width":300,"height":300},{"@type":"BreadcrumbList","@id":"https:\/\/dokelu.sk\/produkt\/vitamin-well-refresh-500-ml\/#breadcrumb","itemListElement":[{"@type":"ListItem","position":1,"name":"Domovsk\u00e1 str\u00e1nka","item":"https:\/\/dokelu.sk\/en\/"},{"@type":"ListItem","position":2,"name":"Shop","item":"https:\/\/dokelu.sk\/en\/shop\/"},{"@type":"ListItem","position":3,"name":"Vitamin Well REFRESH"}]},{"@type":"WebSite","@id":"https:\/\/dokelu.sk\/en\/#website","url":"https:\/\/dokelu.sk\/en\/","name":"dokelu fre\u0161 \u0161al\u00e1t bistro","description":"Maj na \u0161al\u00e1te!","publisher":{"@id":"https:\/\/dokelu.sk\/en\/#organization"},"potentialAction":[{"@type":"SearchAction","target":{"@type":"EntryPoint","urlTemplate":"https:\/\/dokelu.sk\/en\/?s={search_term_string}"},"query-input":{"@type":"PropertyValueSpecification","valueRequired":true,"valueName":"search_term_string"}}],"inLanguage":"en-US"},{"@type":"Organization","@id":"https:\/\/dokelu.sk\/en\/#organization","name":"dokelu fre\u0161 \u0161al\u00e1t bistro","url":"https:\/\/dokelu.sk\/en\/","logo":{"@type":"ImageObject","inLanguage":"en-US","@id":"https:\/\/dokelu.sk\/en\/#\/schema\/logo\/image\/","url":"http:\/\/dokelu.sk\/wp-content\/uploads\/2023\/09\/logo.png","contentUrl":"http:\/\/dokelu.sk\/wp-content\/uploads\/2023\/09\/logo.png","width":1182,"height":591,"caption":"dokelu fre\u0161 \u0161al\u00e1t bistro"},"image":{"@id":"https:\/\/dokelu.sk\/en\/#\/schema\/logo\/image\/"},"sameAs":["https:\/\/www.facebook.com\/dokelusalat","https:\/\/www.instagram.com\/dokelusalat\/"]}]}},"uagb_featured_image_src":{"full":["https:\/\/dokelu.sk\/wp-content\/uploads\/2022\/01\/vitamin-well-refresh-500-ml-300x300-1.jpg",300,300,false],"thumbnail":["https:\/\/dokelu.sk\/wp-content\/uploads\/2022\/01\/vitamin-well-refresh-500-ml-300x300-1-150x150.jpg",150,150,true],"medium":["https:\/\/dokelu.sk\/wp-content\/uploads\/2022\/01\/vitamin-well-refresh-500-ml-300x300-1.jpg",300,300,false],"medium_large":["https:\/\/dokelu.sk\/wp-content\/uploads\/2022\/01\/vitamin-well-refresh-500-ml-300x300-1.jpg",300,300,false],"large":["https:\/\/dokelu.sk\/wp-content\/uploads\/2022\/01\/vitamin-well-refresh-500-ml-300x300-1.jpg",300,300,false],"1536x1536":["https:\/\/dokelu.sk\/wp-content\/uploads\/2022\/01\/vitamin-well-refresh-500-ml-300x300-1.jpg",300,300,false],"2048x2048":["https:\/\/dokelu.sk\/wp-content\/uploads\/2022\/01\/vitamin-well-refresh-500-ml-300x300-1.jpg",300,300,false],"woocommerce_thumbnail":["https:\/\/dokelu.sk\/wp-content\/uploads\/2022\/01\/vitamin-well-refresh-500-ml-300x300-1.jpg",300,300,false],"woocommerce_single":["https:\/\/dokelu.sk\/wp-content\/uploads\/2022\/01\/vitamin-well-refresh-500-ml-300x300-1.jpg",300,300,false],"woocommerce_gallery_thumbnail":["https:\/\/dokelu.sk\/wp-content\/uploads\/2022\/01\/vitamin-well-refresh-500-ml-300x300-1-100x100.jpg",100,100,true]},"uagb_author_info":{"display_name":"Alla Brnova","author_link":"https:\/\/dokelu.sk\/en\/author\/"},"uagb_comment_info":0,"uagb_excerpt":"VITAMIN WELL vitamin drinks are enriched with various vitamins and minerals, fruits and plant extracts. Volume: 500ml","_links":{"self":[{"href":"https:\/\/dokelu.sk\/en\/wp-json\/wp\/v2\/product\/1486","targetHints":{"allow":["GET"]}}],"collection":[{"href":"https:\/\/dokelu.sk\/en\/wp-json\/wp\/v2\/product"}],"about":[{"href":"https:\/\/dokelu.sk\/en\/wp-json\/wp\/v2\/types\/product"}],"wp:featuredmedia":[{"embeddable":true,"href":"https:\/\/dokelu.sk\/en\/wp-json\/wp\/v2\/media\/1151"}],"wp:attachment":[{"href":"https:\/\/dokelu.sk\/en\/wp-json\/wp\/v2\/media?parent=1486"}],"wp:term":[{"taxonomy":"product_cat","embeddable":true,"href":"https:\/\/dokelu.sk\/en\/wp-json\/wp\/v2\/product_cat?post=1486"},{"taxonomy":"product_tag","embeddable":true,"href":"https:\/\/dokelu.sk\/en\/wp-json\/wp\/v2\/product_tag?post=1486"}],"curies":[{"name":"wp","href":"https:\/\/api.w.org\/{rel}","templated":true}]}}