{"id":1480,"date":"2022-01-27T16:05:21","date_gmt":"2022-02-15T14:24:25","guid":{"rendered":"http:\/\/dokelu.sk\/produkt\/coconaut-water-melon\/"},"modified":"2022-02-15T15:24:25","modified_gmt":"2022-02-15T14:24:25","slug":"coconaut-water-melon-320-ml-2","status":"publish","type":"product","link":"https:\/\/dokelu.sk\/en\/produkt\/coconaut-water-melon-320-ml-2\/","title":{"rendered":"Coconaut Water MELON"},"content":{"rendered":"<p style=\"text-align: left;\">100% pure coconut water from young coconuts with melon juice from the Go Higher company is an ideal isotonic sports drink that will optimally supply you with important minerals and trace elements. Coconut water is a natural isotonic drink and is therefore an ideal alternative for everyone who does not have a taste for questionable ingredients in their drink after training. Only the best young coconuts from Vietnam are used to produce 100% pure young Go Higher coconut water. A refreshing drink will refresh your electrolyte balance and convince with its excellent taste. 320 ml.<\/p>\n<p style=\"text-align: center;\"><strong>Objem:<\/strong> 300ml<\/p>\n","protected":false},"excerpt":{"rendered":"<p>100% pure coconut water from young coconuts with melon juice from the Go Higher company is an ideal isotonic sports drink that will optimally supply you with important minerals and trace elements.<\/p>\n<p style=\"text-align: center;\"><strong>Volume:<\/strong> 320ml<\/p>\n","protected":false},"featured_media":15111,"template":"","meta":{"_acf_changed":false,"_uag_custom_page_level_css":""},"product_cat":[126],"product_tag":[],"class_list":{"0":"post-1480","1":"product","2":"type-product","3":"status-publish","4":"has-post-thumbnail","6":"product_cat-drinks","8":"first","9":"instock","10":"taxable","11":"shipping-taxable","12":"purchasable","13":"product-type-simple"},"acf":[],"yoast_head":"<!-- This site is optimized with the Yoast SEO plugin v23.6 - https:\/\/yoast.com\/wordpress\/plugins\/seo\/ -->\n<title>Coconaut Water MELON - dokelu fre\u0161 \u0161al\u00e1t bistro<\/title>\n<meta name=\"robots\" content=\"index, follow, max-snippet:-1, max-image-preview:large, max-video-preview:-1\" \/>\n<link rel=\"canonical\" href=\"https:\/\/dokelu.sk\/produkt\/coconaut-water-melon-320-ml\/\" \/>\n<meta property=\"og:locale\" content=\"en_US\" \/>\n<meta property=\"og:type\" content=\"article\" \/>\n<meta property=\"og:title\" content=\"Coconaut Water MELON - dokelu fre\u0161 \u0161al\u00e1t bistro\" \/>\n<meta property=\"og:description\" content=\"100% pure coconut water from young coconuts with melon juice from the Go Higher company is an ideal isotonic sports drink that will optimally supply you with important minerals and trace elements. Volume: 320ml\" \/>\n<meta property=\"og:url\" content=\"https:\/\/dokelu.sk\/produkt\/coconaut-water-melon-320-ml\/\" \/>\n<meta property=\"og:site_name\" content=\"dokelu fre\u0161 \u0161al\u00e1t bistro\" \/>\n<meta property=\"article:publisher\" content=\"https:\/\/www.facebook.com\/dokelusalat\" \/>\n<meta property=\"og:image\" content=\"https:\/\/dokelu.sk\/wp-content\/uploads\/2022\/01\/Dizajn-bez-nazvu-2024-01-02T145743.846.png\" \/>\n\t<meta property=\"og:image:width\" content=\"600\" \/>\n\t<meta property=\"og:image:height\" content=\"600\" \/>\n\t<meta property=\"og:image:type\" content=\"image\/png\" \/>\n<meta name=\"twitter:card\" content=\"summary_large_image\" \/>\n<script type=\"application\/ld+json\" class=\"yoast-schema-graph\">{\"@context\":\"https:\/\/schema.org\",\"@graph\":[{\"@type\":\"WebPage\",\"@id\":\"https:\/\/dokelu.sk\/produkt\/coconaut-water-melon-320-ml\/\",\"url\":\"https:\/\/dokelu.sk\/produkt\/coconaut-water-melon-320-ml\/\",\"name\":\"Coconaut Water MELON - dokelu fre\u0161 \u0161al\u00e1t bistro\",\"isPartOf\":{\"@id\":\"https:\/\/dokelu.sk\/en\/#website\"},\"primaryImageOfPage\":{\"@id\":\"https:\/\/dokelu.sk\/produkt\/coconaut-water-melon-320-ml\/#primaryimage\"},\"image\":{\"@id\":\"https:\/\/dokelu.sk\/produkt\/coconaut-water-melon-320-ml\/#primaryimage\"},\"thumbnailUrl\":\"https:\/\/dokelu.sk\/wp-content\/uploads\/2022\/01\/Dizajn-bez-nazvu-2024-01-02T145743.846.png\",\"datePublished\":\"2022-02-15T14:24:25+00:00\",\"dateModified\":\"2022-02-15T14:24:25+00:00\",\"breadcrumb\":{\"@id\":\"https:\/\/dokelu.sk\/produkt\/coconaut-water-melon-320-ml\/#breadcrumb\"},\"inLanguage\":\"en-US\",\"potentialAction\":[{\"@type\":\"ReadAction\",\"target\":[\"https:\/\/dokelu.sk\/produkt\/coconaut-water-melon-320-ml\/\"]}]},{\"@type\":\"ImageObject\",\"inLanguage\":\"en-US\",\"@id\":\"https:\/\/dokelu.sk\/produkt\/coconaut-water-melon-320-ml\/#primaryimage\",\"url\":\"https:\/\/dokelu.sk\/wp-content\/uploads\/2022\/01\/Dizajn-bez-nazvu-2024-01-02T145743.846.png\",\"contentUrl\":\"https:\/\/dokelu.sk\/wp-content\/uploads\/2022\/01\/Dizajn-bez-nazvu-2024-01-02T145743.846.png\",\"width\":600,\"height\":600},{\"@type\":\"BreadcrumbList\",\"@id\":\"https:\/\/dokelu.sk\/produkt\/coconaut-water-melon-320-ml\/#breadcrumb\",\"itemListElement\":[{\"@type\":\"ListItem\",\"position\":1,\"name\":\"Domovsk\u00e1 str\u00e1nka\",\"item\":\"https:\/\/dokelu.sk\/en\/\"},{\"@type\":\"ListItem\",\"position\":2,\"name\":\"Shop\",\"item\":\"https:\/\/dokelu.sk\/en\/shop\/\"},{\"@type\":\"ListItem\",\"position\":3,\"name\":\"Coconaut Water MELON\"}]},{\"@type\":\"WebSite\",\"@id\":\"https:\/\/dokelu.sk\/en\/#website\",\"url\":\"https:\/\/dokelu.sk\/en\/\",\"name\":\"dokelu fre\u0161 \u0161al\u00e1t bistro\",\"description\":\"Maj na \u0161al\u00e1te!\",\"publisher\":{\"@id\":\"https:\/\/dokelu.sk\/en\/#organization\"},\"potentialAction\":[{\"@type\":\"SearchAction\",\"target\":{\"@type\":\"EntryPoint\",\"urlTemplate\":\"https:\/\/dokelu.sk\/en\/?s={search_term_string}\"},\"query-input\":{\"@type\":\"PropertyValueSpecification\",\"valueRequired\":true,\"valueName\":\"search_term_string\"}}],\"inLanguage\":\"en-US\"},{\"@type\":\"Organization\",\"@id\":\"https:\/\/dokelu.sk\/en\/#organization\",\"name\":\"dokelu fre\u0161 \u0161al\u00e1t bistro\",\"url\":\"https:\/\/dokelu.sk\/en\/\",\"logo\":{\"@type\":\"ImageObject\",\"inLanguage\":\"en-US\",\"@id\":\"https:\/\/dokelu.sk\/en\/#\/schema\/logo\/image\/\",\"url\":\"http:\/\/dokelu.sk\/wp-content\/uploads\/2023\/09\/logo.png\",\"contentUrl\":\"http:\/\/dokelu.sk\/wp-content\/uploads\/2023\/09\/logo.png\",\"width\":1182,\"height\":591,\"caption\":\"dokelu fre\u0161 \u0161al\u00e1t bistro\"},\"image\":{\"@id\":\"https:\/\/dokelu.sk\/en\/#\/schema\/logo\/image\/\"},\"sameAs\":[\"https:\/\/www.facebook.com\/dokelusalat\",\"https:\/\/www.instagram.com\/dokelusalat\/\"]}]}<\/script>\n<!-- \/ Yoast SEO plugin. -->","yoast_head_json":{"title":"Coconaut Water MELON - dokelu fre\u0161 \u0161al\u00e1t bistro","robots":{"index":"index","follow":"follow","max-snippet":"max-snippet:-1","max-image-preview":"max-image-preview:large","max-video-preview":"max-video-preview:-1"},"canonical":"https:\/\/dokelu.sk\/produkt\/coconaut-water-melon-320-ml\/","og_locale":"en_US","og_type":"article","og_title":"Coconaut Water MELON - dokelu fre\u0161 \u0161al\u00e1t bistro","og_description":"100% pure coconut water from young coconuts with melon juice from the Go Higher company is an ideal isotonic sports drink that will optimally supply you with important minerals and trace elements. Volume: 320ml","og_url":"https:\/\/dokelu.sk\/produkt\/coconaut-water-melon-320-ml\/","og_site_name":"dokelu fre\u0161 \u0161al\u00e1t bistro","article_publisher":"https:\/\/www.facebook.com\/dokelusalat","og_image":[{"width":600,"height":600,"url":"https:\/\/dokelu.sk\/wp-content\/uploads\/2022\/01\/Dizajn-bez-nazvu-2024-01-02T145743.846.png","type":"image\/png"}],"twitter_card":"summary_large_image","schema":{"@context":"https:\/\/schema.org","@graph":[{"@type":"WebPage","@id":"https:\/\/dokelu.sk\/produkt\/coconaut-water-melon-320-ml\/","url":"https:\/\/dokelu.sk\/produkt\/coconaut-water-melon-320-ml\/","name":"Coconaut Water MELON - dokelu fre\u0161 \u0161al\u00e1t bistro","isPartOf":{"@id":"https:\/\/dokelu.sk\/en\/#website"},"primaryImageOfPage":{"@id":"https:\/\/dokelu.sk\/produkt\/coconaut-water-melon-320-ml\/#primaryimage"},"image":{"@id":"https:\/\/dokelu.sk\/produkt\/coconaut-water-melon-320-ml\/#primaryimage"},"thumbnailUrl":"https:\/\/dokelu.sk\/wp-content\/uploads\/2022\/01\/Dizajn-bez-nazvu-2024-01-02T145743.846.png","datePublished":"2022-02-15T14:24:25+00:00","dateModified":"2022-02-15T14:24:25+00:00","breadcrumb":{"@id":"https:\/\/dokelu.sk\/produkt\/coconaut-water-melon-320-ml\/#breadcrumb"},"inLanguage":"en-US","potentialAction":[{"@type":"ReadAction","target":["https:\/\/dokelu.sk\/produkt\/coconaut-water-melon-320-ml\/"]}]},{"@type":"ImageObject","inLanguage":"en-US","@id":"https:\/\/dokelu.sk\/produkt\/coconaut-water-melon-320-ml\/#primaryimage","url":"https:\/\/dokelu.sk\/wp-content\/uploads\/2022\/01\/Dizajn-bez-nazvu-2024-01-02T145743.846.png","contentUrl":"https:\/\/dokelu.sk\/wp-content\/uploads\/2022\/01\/Dizajn-bez-nazvu-2024-01-02T145743.846.png","width":600,"height":600},{"@type":"BreadcrumbList","@id":"https:\/\/dokelu.sk\/produkt\/coconaut-water-melon-320-ml\/#breadcrumb","itemListElement":[{"@type":"ListItem","position":1,"name":"Domovsk\u00e1 str\u00e1nka","item":"https:\/\/dokelu.sk\/en\/"},{"@type":"ListItem","position":2,"name":"Shop","item":"https:\/\/dokelu.sk\/en\/shop\/"},{"@type":"ListItem","position":3,"name":"Coconaut Water MELON"}]},{"@type":"WebSite","@id":"https:\/\/dokelu.sk\/en\/#website","url":"https:\/\/dokelu.sk\/en\/","name":"dokelu fre\u0161 \u0161al\u00e1t bistro","description":"Maj na \u0161al\u00e1te!","publisher":{"@id":"https:\/\/dokelu.sk\/en\/#organization"},"potentialAction":[{"@type":"SearchAction","target":{"@type":"EntryPoint","urlTemplate":"https:\/\/dokelu.sk\/en\/?s={search_term_string}"},"query-input":{"@type":"PropertyValueSpecification","valueRequired":true,"valueName":"search_term_string"}}],"inLanguage":"en-US"},{"@type":"Organization","@id":"https:\/\/dokelu.sk\/en\/#organization","name":"dokelu fre\u0161 \u0161al\u00e1t bistro","url":"https:\/\/dokelu.sk\/en\/","logo":{"@type":"ImageObject","inLanguage":"en-US","@id":"https:\/\/dokelu.sk\/en\/#\/schema\/logo\/image\/","url":"http:\/\/dokelu.sk\/wp-content\/uploads\/2023\/09\/logo.png","contentUrl":"http:\/\/dokelu.sk\/wp-content\/uploads\/2023\/09\/logo.png","width":1182,"height":591,"caption":"dokelu fre\u0161 \u0161al\u00e1t bistro"},"image":{"@id":"https:\/\/dokelu.sk\/en\/#\/schema\/logo\/image\/"},"sameAs":["https:\/\/www.facebook.com\/dokelusalat","https:\/\/www.instagram.com\/dokelusalat\/"]}]}},"uagb_featured_image_src":{"full":["https:\/\/dokelu.sk\/wp-content\/uploads\/2022\/01\/Dizajn-bez-nazvu-2024-01-02T145743.846.png",600,600,false],"thumbnail":["https:\/\/dokelu.sk\/wp-content\/uploads\/2022\/01\/Dizajn-bez-nazvu-2024-01-02T145743.846-150x150.png",150,150,true],"medium":["https:\/\/dokelu.sk\/wp-content\/uploads\/2022\/01\/Dizajn-bez-nazvu-2024-01-02T145743.846-300x300.png",300,300,true],"medium_large":["https:\/\/dokelu.sk\/wp-content\/uploads\/2022\/01\/Dizajn-bez-nazvu-2024-01-02T145743.846.png",600,600,false],"large":["https:\/\/dokelu.sk\/wp-content\/uploads\/2022\/01\/Dizajn-bez-nazvu-2024-01-02T145743.846.png",600,600,false],"1536x1536":["https:\/\/dokelu.sk\/wp-content\/uploads\/2022\/01\/Dizajn-bez-nazvu-2024-01-02T145743.846.png",600,600,false],"2048x2048":["https:\/\/dokelu.sk\/wp-content\/uploads\/2022\/01\/Dizajn-bez-nazvu-2024-01-02T145743.846.png",600,600,false],"woocommerce_thumbnail":["https:\/\/dokelu.sk\/wp-content\/uploads\/2022\/01\/Dizajn-bez-nazvu-2024-01-02T145743.846-300x300.png",300,300,true],"woocommerce_single":["https:\/\/dokelu.sk\/wp-content\/uploads\/2022\/01\/Dizajn-bez-nazvu-2024-01-02T145743.846.png",600,600,false],"woocommerce_gallery_thumbnail":["https:\/\/dokelu.sk\/wp-content\/uploads\/2022\/01\/Dizajn-bez-nazvu-2024-01-02T145743.846-100x100.png",100,100,true]},"uagb_author_info":{"display_name":"Alla Brnova","author_link":"https:\/\/dokelu.sk\/en\/author\/"},"uagb_comment_info":0,"uagb_excerpt":"100% pure coconut water from young coconuts with melon juice from the Go Higher company is an ideal isotonic sports drink that will optimally supply you with important minerals and trace elements. Volume: 320ml","_links":{"self":[{"href":"https:\/\/dokelu.sk\/en\/wp-json\/wp\/v2\/product\/1480","targetHints":{"allow":["GET"]}}],"collection":[{"href":"https:\/\/dokelu.sk\/en\/wp-json\/wp\/v2\/product"}],"about":[{"href":"https:\/\/dokelu.sk\/en\/wp-json\/wp\/v2\/types\/product"}],"wp:featuredmedia":[{"embeddable":true,"href":"https:\/\/dokelu.sk\/en\/wp-json\/wp\/v2\/media\/15111"}],"wp:attachment":[{"href":"https:\/\/dokelu.sk\/en\/wp-json\/wp\/v2\/media?parent=1480"}],"wp:term":[{"taxonomy":"product_cat","embeddable":true,"href":"https:\/\/dokelu.sk\/en\/wp-json\/wp\/v2\/product_cat?post=1480"},{"taxonomy":"product_tag","embeddable":true,"href":"https:\/\/dokelu.sk\/en\/wp-json\/wp\/v2\/product_tag?post=1480"}],"curies":[{"name":"wp","href":"https:\/\/api.w.org\/{rel}","templated":true}]}}