{"id":14437,"date":"2023-04-24T08:24:04","date_gmt":"2023-10-05T21:57:14","guid":{"rendered":"http:\/\/dokelu.sk\/produkt\/tuesday-pumpkin-and-ginger\/"},"modified":"2026-04-08T08:50:37","modified_gmt":"2026-04-08T06:50:37","slug":"tuesday-pumpkin-ginger","status":"publish","type":"product","link":"https:\/\/dokelu.sk\/en\/produkt\/tuesday-pumpkin-ginger\/","title":{"rendered":"Wednesday &#8211; Pumpkin and Ginger"},"content":{"rendered":"<p>Ingredients: butternut squash, onion, garlic, oil, ginger, potato, chervil, parsley, salt, pepper, oil, coconut milk<br \/>Volume: 300ml<br \/>\nAllergens: 6, 7<\/p>\n<p>&nbsp;<\/p>\n","protected":false},"excerpt":{"rendered":"<p>Ingredients: butternut squash, onion, garlic, oil, ginger, potato, cilantro, parsley, salt, pepper, oil, coconut milk<\/p>\n<p>&nbsp;<\/p>\n","protected":false},"featured_media":17812,"template":"","meta":{"_acf_changed":false,"_uag_custom_page_level_css":""},"product_cat":[125,127,201],"product_tag":[],"class_list":{"0":"post-14437","1":"product","2":"type-product","3":"status-publish","4":"has-post-thumbnail","6":"product_cat-new","7":"product_cat-soups","8":"product_cat-vegan","9":"rychle-skupiny-news","10":"neobsahuje-alergeny-obilniny-en","11":"neobsahuje-alergeny-horcica-2-en","12":"neobsahuje-alergeny-sezam-en","13":"neobsahuje-alergeny-oxidsiricity-en","14":"neobsahuje-alergeny-vlcibob-en","15":"neobsahuje-alergeny-makkyse-en","16":"neobsahuje-alergeny-korovce-en","17":"neobsahuje-alergeny-vajcia-en","18":"neobsahuje-alergeny-ryby-en","19":"neobsahuje-alergeny-arasidy-2-en","20":"neobsahuje-alergeny-orechy-en","21":"neobsahuje-alergeny-zeler-en","23":"first","24":"instock","25":"taxable","26":"shipping-taxable","27":"purchasable","28":"product-type-simple"},"acf":[],"yoast_head":"<!-- This site is optimized with the Yoast SEO plugin v23.6 - https:\/\/yoast.com\/wordpress\/plugins\/seo\/ -->\n<title>Wednesday - Pumpkin and Ginger - dokelu fre\u0161 \u0161al\u00e1t bistro<\/title>\n<meta name=\"robots\" content=\"index, follow, max-snippet:-1, max-image-preview:large, max-video-preview:-1\" \/>\n<link rel=\"canonical\" href=\"https:\/\/dokelu.sk\/en\/produkt\/tuesday-pumpkin-ginger\/\" \/>\n<meta property=\"og:locale\" content=\"en_US\" \/>\n<meta property=\"og:type\" content=\"article\" \/>\n<meta property=\"og:title\" content=\"Wednesday - Pumpkin and Ginger - dokelu fre\u0161 \u0161al\u00e1t bistro\" \/>\n<meta property=\"og:description\" content=\"Ingredients: butternut squash, onion, garlic, oil, ginger, potato, cilantro, parsley, salt, pepper, oil, coconut milk &nbsp;\" \/>\n<meta property=\"og:url\" content=\"https:\/\/dokelu.sk\/en\/produkt\/tuesday-pumpkin-ginger\/\" \/>\n<meta property=\"og:site_name\" content=\"dokelu fre\u0161 \u0161al\u00e1t bistro\" \/>\n<meta property=\"article:publisher\" content=\"https:\/\/www.facebook.com\/dokelusalat\" \/>\n<meta property=\"article:modified_time\" content=\"2026-04-08T06:50:37+00:00\" \/>\n<meta property=\"og:image\" content=\"https:\/\/dokelu.sk\/wp-content\/uploads\/2023\/04\/DOKELU-WEB-Salaty-08.webp\" \/>\n\t<meta property=\"og:image:width\" content=\"300\" \/>\n\t<meta property=\"og:image:height\" content=\"300\" \/>\n\t<meta property=\"og:image:type\" content=\"image\/webp\" \/>\n<meta name=\"twitter:card\" content=\"summary_large_image\" \/>\n<script type=\"application\/ld+json\" class=\"yoast-schema-graph\">{\"@context\":\"https:\/\/schema.org\",\"@graph\":[{\"@type\":\"WebPage\",\"@id\":\"https:\/\/dokelu.sk\/en\/produkt\/tuesday-pumpkin-ginger\/\",\"url\":\"https:\/\/dokelu.sk\/en\/produkt\/tuesday-pumpkin-ginger\/\",\"name\":\"Wednesday - Pumpkin and Ginger - dokelu fre\u0161 \u0161al\u00e1t bistro\",\"isPartOf\":{\"@id\":\"https:\/\/dokelu.sk\/en\/#website\"},\"primaryImageOfPage\":{\"@id\":\"https:\/\/dokelu.sk\/en\/produkt\/tuesday-pumpkin-ginger\/#primaryimage\"},\"image\":{\"@id\":\"https:\/\/dokelu.sk\/en\/produkt\/tuesday-pumpkin-ginger\/#primaryimage\"},\"thumbnailUrl\":\"https:\/\/dokelu.sk\/wp-content\/uploads\/2023\/04\/DOKELU-WEB-Salaty-08.webp\",\"datePublished\":\"2023-10-05T21:57:14+00:00\",\"dateModified\":\"2026-04-08T06:50:37+00:00\",\"breadcrumb\":{\"@id\":\"https:\/\/dokelu.sk\/en\/produkt\/tuesday-pumpkin-ginger\/#breadcrumb\"},\"inLanguage\":\"en-US\",\"potentialAction\":[{\"@type\":\"ReadAction\",\"target\":[\"https:\/\/dokelu.sk\/en\/produkt\/tuesday-pumpkin-ginger\/\"]}]},{\"@type\":\"ImageObject\",\"inLanguage\":\"en-US\",\"@id\":\"https:\/\/dokelu.sk\/en\/produkt\/tuesday-pumpkin-ginger\/#primaryimage\",\"url\":\"https:\/\/dokelu.sk\/wp-content\/uploads\/2023\/04\/DOKELU-WEB-Salaty-08.webp\",\"contentUrl\":\"https:\/\/dokelu.sk\/wp-content\/uploads\/2023\/04\/DOKELU-WEB-Salaty-08.webp\",\"width\":300,\"height\":300},{\"@type\":\"BreadcrumbList\",\"@id\":\"https:\/\/dokelu.sk\/en\/produkt\/tuesday-pumpkin-ginger\/#breadcrumb\",\"itemListElement\":[{\"@type\":\"ListItem\",\"position\":1,\"name\":\"Domovsk\u00e1 str\u00e1nka\",\"item\":\"https:\/\/dokelu.sk\/en\/\"},{\"@type\":\"ListItem\",\"position\":2,\"name\":\"Shop\",\"item\":\"https:\/\/dokelu.sk\/en\/shop\/\"},{\"@type\":\"ListItem\",\"position\":3,\"name\":\"Wednesday &#8211; Pumpkin and Ginger\"}]},{\"@type\":\"WebSite\",\"@id\":\"https:\/\/dokelu.sk\/en\/#website\",\"url\":\"https:\/\/dokelu.sk\/en\/\",\"name\":\"dokelu fre\u0161 \u0161al\u00e1t bistro\",\"description\":\"Maj na \u0161al\u00e1te!\",\"publisher\":{\"@id\":\"https:\/\/dokelu.sk\/en\/#organization\"},\"potentialAction\":[{\"@type\":\"SearchAction\",\"target\":{\"@type\":\"EntryPoint\",\"urlTemplate\":\"https:\/\/dokelu.sk\/en\/?s={search_term_string}\"},\"query-input\":{\"@type\":\"PropertyValueSpecification\",\"valueRequired\":true,\"valueName\":\"search_term_string\"}}],\"inLanguage\":\"en-US\"},{\"@type\":\"Organization\",\"@id\":\"https:\/\/dokelu.sk\/en\/#organization\",\"name\":\"dokelu fre\u0161 \u0161al\u00e1t bistro\",\"url\":\"https:\/\/dokelu.sk\/en\/\",\"logo\":{\"@type\":\"ImageObject\",\"inLanguage\":\"en-US\",\"@id\":\"https:\/\/dokelu.sk\/en\/#\/schema\/logo\/image\/\",\"url\":\"http:\/\/dokelu.sk\/wp-content\/uploads\/2023\/09\/logo.png\",\"contentUrl\":\"http:\/\/dokelu.sk\/wp-content\/uploads\/2023\/09\/logo.png\",\"width\":1182,\"height\":591,\"caption\":\"dokelu fre\u0161 \u0161al\u00e1t bistro\"},\"image\":{\"@id\":\"https:\/\/dokelu.sk\/en\/#\/schema\/logo\/image\/\"},\"sameAs\":[\"https:\/\/www.facebook.com\/dokelusalat\",\"https:\/\/www.instagram.com\/dokelusalat\/\"]}]}<\/script>\n<!-- \/ Yoast SEO plugin. -->","yoast_head_json":{"title":"Wednesday - Pumpkin and Ginger - dokelu fre\u0161 \u0161al\u00e1t bistro","robots":{"index":"index","follow":"follow","max-snippet":"max-snippet:-1","max-image-preview":"max-image-preview:large","max-video-preview":"max-video-preview:-1"},"canonical":"https:\/\/dokelu.sk\/en\/produkt\/tuesday-pumpkin-ginger\/","og_locale":"en_US","og_type":"article","og_title":"Wednesday - Pumpkin and Ginger - dokelu fre\u0161 \u0161al\u00e1t bistro","og_description":"Ingredients: butternut squash, onion, garlic, oil, ginger, potato, cilantro, parsley, salt, pepper, oil, coconut milk &nbsp;","og_url":"https:\/\/dokelu.sk\/en\/produkt\/tuesday-pumpkin-ginger\/","og_site_name":"dokelu fre\u0161 \u0161al\u00e1t bistro","article_publisher":"https:\/\/www.facebook.com\/dokelusalat","article_modified_time":"2026-04-08T06:50:37+00:00","og_image":[{"width":300,"height":300,"url":"https:\/\/dokelu.sk\/wp-content\/uploads\/2023\/04\/DOKELU-WEB-Salaty-08.webp","type":"image\/webp"}],"twitter_card":"summary_large_image","schema":{"@context":"https:\/\/schema.org","@graph":[{"@type":"WebPage","@id":"https:\/\/dokelu.sk\/en\/produkt\/tuesday-pumpkin-ginger\/","url":"https:\/\/dokelu.sk\/en\/produkt\/tuesday-pumpkin-ginger\/","name":"Wednesday - Pumpkin and Ginger - dokelu fre\u0161 \u0161al\u00e1t bistro","isPartOf":{"@id":"https:\/\/dokelu.sk\/en\/#website"},"primaryImageOfPage":{"@id":"https:\/\/dokelu.sk\/en\/produkt\/tuesday-pumpkin-ginger\/#primaryimage"},"image":{"@id":"https:\/\/dokelu.sk\/en\/produkt\/tuesday-pumpkin-ginger\/#primaryimage"},"thumbnailUrl":"https:\/\/dokelu.sk\/wp-content\/uploads\/2023\/04\/DOKELU-WEB-Salaty-08.webp","datePublished":"2023-10-05T21:57:14+00:00","dateModified":"2026-04-08T06:50:37+00:00","breadcrumb":{"@id":"https:\/\/dokelu.sk\/en\/produkt\/tuesday-pumpkin-ginger\/#breadcrumb"},"inLanguage":"en-US","potentialAction":[{"@type":"ReadAction","target":["https:\/\/dokelu.sk\/en\/produkt\/tuesday-pumpkin-ginger\/"]}]},{"@type":"ImageObject","inLanguage":"en-US","@id":"https:\/\/dokelu.sk\/en\/produkt\/tuesday-pumpkin-ginger\/#primaryimage","url":"https:\/\/dokelu.sk\/wp-content\/uploads\/2023\/04\/DOKELU-WEB-Salaty-08.webp","contentUrl":"https:\/\/dokelu.sk\/wp-content\/uploads\/2023\/04\/DOKELU-WEB-Salaty-08.webp","width":300,"height":300},{"@type":"BreadcrumbList","@id":"https:\/\/dokelu.sk\/en\/produkt\/tuesday-pumpkin-ginger\/#breadcrumb","itemListElement":[{"@type":"ListItem","position":1,"name":"Domovsk\u00e1 str\u00e1nka","item":"https:\/\/dokelu.sk\/en\/"},{"@type":"ListItem","position":2,"name":"Shop","item":"https:\/\/dokelu.sk\/en\/shop\/"},{"@type":"ListItem","position":3,"name":"Wednesday &#8211; Pumpkin and Ginger"}]},{"@type":"WebSite","@id":"https:\/\/dokelu.sk\/en\/#website","url":"https:\/\/dokelu.sk\/en\/","name":"dokelu fre\u0161 \u0161al\u00e1t bistro","description":"Maj na \u0161al\u00e1te!","publisher":{"@id":"https:\/\/dokelu.sk\/en\/#organization"},"potentialAction":[{"@type":"SearchAction","target":{"@type":"EntryPoint","urlTemplate":"https:\/\/dokelu.sk\/en\/?s={search_term_string}"},"query-input":{"@type":"PropertyValueSpecification","valueRequired":true,"valueName":"search_term_string"}}],"inLanguage":"en-US"},{"@type":"Organization","@id":"https:\/\/dokelu.sk\/en\/#organization","name":"dokelu fre\u0161 \u0161al\u00e1t bistro","url":"https:\/\/dokelu.sk\/en\/","logo":{"@type":"ImageObject","inLanguage":"en-US","@id":"https:\/\/dokelu.sk\/en\/#\/schema\/logo\/image\/","url":"http:\/\/dokelu.sk\/wp-content\/uploads\/2023\/09\/logo.png","contentUrl":"http:\/\/dokelu.sk\/wp-content\/uploads\/2023\/09\/logo.png","width":1182,"height":591,"caption":"dokelu fre\u0161 \u0161al\u00e1t bistro"},"image":{"@id":"https:\/\/dokelu.sk\/en\/#\/schema\/logo\/image\/"},"sameAs":["https:\/\/www.facebook.com\/dokelusalat","https:\/\/www.instagram.com\/dokelusalat\/"]}]}},"uagb_featured_image_src":{"full":["https:\/\/dokelu.sk\/wp-content\/uploads\/2023\/04\/DOKELU-WEB-Salaty-08.webp",300,300,false],"thumbnail":["https:\/\/dokelu.sk\/wp-content\/uploads\/2023\/04\/DOKELU-WEB-Salaty-08-150x150.webp",150,150,true],"medium":["https:\/\/dokelu.sk\/wp-content\/uploads\/2023\/04\/DOKELU-WEB-Salaty-08.webp",300,300,false],"medium_large":["https:\/\/dokelu.sk\/wp-content\/uploads\/2023\/04\/DOKELU-WEB-Salaty-08.webp",300,300,false],"large":["https:\/\/dokelu.sk\/wp-content\/uploads\/2023\/04\/DOKELU-WEB-Salaty-08.webp",300,300,false],"1536x1536":["https:\/\/dokelu.sk\/wp-content\/uploads\/2023\/04\/DOKELU-WEB-Salaty-08.webp",300,300,false],"2048x2048":["https:\/\/dokelu.sk\/wp-content\/uploads\/2023\/04\/DOKELU-WEB-Salaty-08.webp",300,300,false],"woocommerce_thumbnail":["https:\/\/dokelu.sk\/wp-content\/uploads\/2023\/04\/DOKELU-WEB-Salaty-08.webp",300,300,false],"woocommerce_single":["https:\/\/dokelu.sk\/wp-content\/uploads\/2023\/04\/DOKELU-WEB-Salaty-08.webp",300,300,false],"woocommerce_gallery_thumbnail":["https:\/\/dokelu.sk\/wp-content\/uploads\/2023\/04\/DOKELU-WEB-Salaty-08-100x100.webp",100,100,true]},"uagb_author_info":{"display_name":"Lenka Bednarcikova","author_link":"https:\/\/dokelu.sk\/en\/author\/"},"uagb_comment_info":0,"uagb_excerpt":"Ingredients: butternut squash, onion, garlic, oil, ginger, potato, cilantro, parsley, salt, pepper, oil, coconut milk &nbsp;","_links":{"self":[{"href":"https:\/\/dokelu.sk\/en\/wp-json\/wp\/v2\/product\/14437","targetHints":{"allow":["GET"]}}],"collection":[{"href":"https:\/\/dokelu.sk\/en\/wp-json\/wp\/v2\/product"}],"about":[{"href":"https:\/\/dokelu.sk\/en\/wp-json\/wp\/v2\/types\/product"}],"wp:featuredmedia":[{"embeddable":true,"href":"https:\/\/dokelu.sk\/en\/wp-json\/wp\/v2\/media\/17812"}],"wp:attachment":[{"href":"https:\/\/dokelu.sk\/en\/wp-json\/wp\/v2\/media?parent=14437"}],"wp:term":[{"taxonomy":"product_cat","embeddable":true,"href":"https:\/\/dokelu.sk\/en\/wp-json\/wp\/v2\/product_cat?post=14437"},{"taxonomy":"product_tag","embeddable":true,"href":"https:\/\/dokelu.sk\/en\/wp-json\/wp\/v2\/product_tag?post=14437"}],"curies":[{"name":"wp","href":"https:\/\/api.w.org\/{rel}","templated":true}]}}