{"id":981,"date":"2022-02-08T10:17:42","date_gmt":"2022-02-08T09:17:42","guid":{"rendered":"https:\/\/dokelu.top-me.eu\/my-account\/"},"modified":"2022-02-15T12:44:12","modified_gmt":"2022-02-15T11:44:12","slug":"my-account","status":"publish","type":"page","link":"https:\/\/dokelu.sk\/en\/my-account\/","title":{"rendered":"My Account"},"content":{"rendered":"<div class=\"woocommerce\"><\/div>","protected":false},"excerpt":{"rendered":"","protected":false},"author":1,"featured_media":0,"parent":0,"menu_order":23,"comment_status":"closed","ping_status":"closed","template":"template-fullwidth.php","meta":{"_acf_changed":false,"_uag_custom_page_level_css":"","footnotes":""},"class_list":["post-981","page","type-page","status-publish","hentry"],"acf":[],"yoast_head":"<!-- This site is optimized with the Yoast SEO plugin v23.6 - https:\/\/yoast.com\/wordpress\/plugins\/seo\/ -->\n<title>My Account - dokelu fre\u0161 \u0161al\u00e1t bistro<\/title>\n<meta name=\"robots\" content=\"index, follow, max-snippet:-1, max-image-preview:large, max-video-preview:-1\" \/>\n<link rel=\"canonical\" href=\"https:\/\/dokelu.sk\/muj-ucet\/\" \/>\n<meta property=\"og:locale\" content=\"en_US\" \/>\n<meta property=\"og:type\" content=\"article\" \/>\n<meta property=\"og:title\" content=\"My Account - dokelu fre\u0161 \u0161al\u00e1t bistro\" \/>\n<meta property=\"og:url\" content=\"https:\/\/dokelu.sk\/muj-ucet\/\" \/>\n<meta property=\"og:site_name\" content=\"dokelu fre\u0161 \u0161al\u00e1t bistro\" \/>\n<meta property=\"article:publisher\" content=\"https:\/\/www.facebook.com\/dokelusalat\" \/>\n<meta property=\"article:modified_time\" content=\"2022-02-15T11:44:12+00:00\" \/>\n<meta name=\"twitter:card\" content=\"summary_large_image\" \/>\n<script type=\"application\/ld+json\" class=\"yoast-schema-graph\">{\"@context\":\"https:\/\/schema.org\",\"@graph\":[{\"@type\":\"WebPage\",\"@id\":\"https:\/\/dokelu.sk\/muj-ucet\/\",\"url\":\"https:\/\/dokelu.sk\/muj-ucet\/\",\"name\":\"My Account - dokelu fre\u0161 \u0161al\u00e1t bistro\",\"isPartOf\":{\"@id\":\"https:\/\/dokelu.sk\/en\/#website\"},\"datePublished\":\"2022-02-08T09:17:42+00:00\",\"dateModified\":\"2022-02-15T11:44:12+00:00\",\"breadcrumb\":{\"@id\":\"https:\/\/dokelu.sk\/muj-ucet\/#breadcrumb\"},\"inLanguage\":\"en-US\",\"potentialAction\":[{\"@type\":\"ReadAction\",\"target\":[\"https:\/\/dokelu.sk\/muj-ucet\/\"]}]},{\"@type\":\"BreadcrumbList\",\"@id\":\"https:\/\/dokelu.sk\/muj-ucet\/#breadcrumb\",\"itemListElement\":[{\"@type\":\"ListItem\",\"position\":1,\"name\":\"Domovsk\u00e1 str\u00e1nka\",\"item\":\"https:\/\/dokelu.sk\/en\/\"},{\"@type\":\"ListItem\",\"position\":2,\"name\":\"My Account\"}]},{\"@type\":\"WebSite\",\"@id\":\"https:\/\/dokelu.sk\/en\/#website\",\"url\":\"https:\/\/dokelu.sk\/en\/\",\"name\":\"dokelu fre\u0161 \u0161al\u00e1t bistro\",\"description\":\"Maj na \u0161al\u00e1te!\",\"publisher\":{\"@id\":\"https:\/\/dokelu.sk\/en\/#organization\"},\"potentialAction\":[{\"@type\":\"SearchAction\",\"target\":{\"@type\":\"EntryPoint\",\"urlTemplate\":\"https:\/\/dokelu.sk\/en\/?s={search_term_string}\"},\"query-input\":{\"@type\":\"PropertyValueSpecification\",\"valueRequired\":true,\"valueName\":\"search_term_string\"}}],\"inLanguage\":\"en-US\"},{\"@type\":\"Organization\",\"@id\":\"https:\/\/dokelu.sk\/en\/#organization\",\"name\":\"dokelu fre\u0161 \u0161al\u00e1t bistro\",\"url\":\"https:\/\/dokelu.sk\/en\/\",\"logo\":{\"@type\":\"ImageObject\",\"inLanguage\":\"en-US\",\"@id\":\"https:\/\/dokelu.sk\/en\/#\/schema\/logo\/image\/\",\"url\":\"http:\/\/dokelu.sk\/wp-content\/uploads\/2023\/09\/logo.png\",\"contentUrl\":\"http:\/\/dokelu.sk\/wp-content\/uploads\/2023\/09\/logo.png\",\"width\":1182,\"height\":591,\"caption\":\"dokelu fre\u0161 \u0161al\u00e1t bistro\"},\"image\":{\"@id\":\"https:\/\/dokelu.sk\/en\/#\/schema\/logo\/image\/\"},\"sameAs\":[\"https:\/\/www.facebook.com\/dokelusalat\",\"https:\/\/www.instagram.com\/dokelusalat\/\"]}]}<\/script>\n<!-- \/ Yoast SEO plugin. -->","yoast_head_json":{"title":"My Account - dokelu fre\u0161 \u0161al\u00e1t bistro","robots":{"index":"index","follow":"follow","max-snippet":"max-snippet:-1","max-image-preview":"max-image-preview:large","max-video-preview":"max-video-preview:-1"},"canonical":"https:\/\/dokelu.sk\/muj-ucet\/","og_locale":"en_US","og_type":"article","og_title":"My Account - dokelu fre\u0161 \u0161al\u00e1t bistro","og_url":"https:\/\/dokelu.sk\/muj-ucet\/","og_site_name":"dokelu fre\u0161 \u0161al\u00e1t bistro","article_publisher":"https:\/\/www.facebook.com\/dokelusalat","article_modified_time":"2022-02-15T11:44:12+00:00","twitter_card":"summary_large_image","schema":{"@context":"https:\/\/schema.org","@graph":[{"@type":"WebPage","@id":"https:\/\/dokelu.sk\/muj-ucet\/","url":"https:\/\/dokelu.sk\/muj-ucet\/","name":"My Account - dokelu fre\u0161 \u0161al\u00e1t bistro","isPartOf":{"@id":"https:\/\/dokelu.sk\/en\/#website"},"datePublished":"2022-02-08T09:17:42+00:00","dateModified":"2022-02-15T11:44:12+00:00","breadcrumb":{"@id":"https:\/\/dokelu.sk\/muj-ucet\/#breadcrumb"},"inLanguage":"en-US","potentialAction":[{"@type":"ReadAction","target":["https:\/\/dokelu.sk\/muj-ucet\/"]}]},{"@type":"BreadcrumbList","@id":"https:\/\/dokelu.sk\/muj-ucet\/#breadcrumb","itemListElement":[{"@type":"ListItem","position":1,"name":"Domovsk\u00e1 str\u00e1nka","item":"https:\/\/dokelu.sk\/en\/"},{"@type":"ListItem","position":2,"name":"My Account"}]},{"@type":"WebSite","@id":"https:\/\/dokelu.sk\/en\/#website","url":"https:\/\/dokelu.sk\/en\/","name":"dokelu fre\u0161 \u0161al\u00e1t bistro","description":"Maj na \u0161al\u00e1te!","publisher":{"@id":"https:\/\/dokelu.sk\/en\/#organization"},"potentialAction":[{"@type":"SearchAction","target":{"@type":"EntryPoint","urlTemplate":"https:\/\/dokelu.sk\/en\/?s={search_term_string}"},"query-input":{"@type":"PropertyValueSpecification","valueRequired":true,"valueName":"search_term_string"}}],"inLanguage":"en-US"},{"@type":"Organization","@id":"https:\/\/dokelu.sk\/en\/#organization","name":"dokelu fre\u0161 \u0161al\u00e1t bistro","url":"https:\/\/dokelu.sk\/en\/","logo":{"@type":"ImageObject","inLanguage":"en-US","@id":"https:\/\/dokelu.sk\/en\/#\/schema\/logo\/image\/","url":"http:\/\/dokelu.sk\/wp-content\/uploads\/2023\/09\/logo.png","contentUrl":"http:\/\/dokelu.sk\/wp-content\/uploads\/2023\/09\/logo.png","width":1182,"height":591,"caption":"dokelu fre\u0161 \u0161al\u00e1t bistro"},"image":{"@id":"https:\/\/dokelu.sk\/en\/#\/schema\/logo\/image\/"},"sameAs":["https:\/\/www.facebook.com\/dokelusalat","https:\/\/www.instagram.com\/dokelusalat\/"]}]}},"uagb_featured_image_src":{"full":false,"thumbnail":false,"medium":false,"medium_large":false,"large":false,"1536x1536":false,"2048x2048":false,"woocommerce_thumbnail":false,"woocommerce_single":false,"woocommerce_gallery_thumbnail":false},"uagb_author_info":{"display_name":"Musilda","author_link":"https:\/\/dokelu.sk\/en\/author\/musilda\/"},"uagb_comment_info":0,"uagb_excerpt":null,"_links":{"self":[{"href":"https:\/\/dokelu.sk\/en\/wp-json\/wp\/v2\/pages\/981","targetHints":{"allow":["GET"]}}],"collection":[{"href":"https:\/\/dokelu.sk\/en\/wp-json\/wp\/v2\/pages"}],"about":[{"href":"https:\/\/dokelu.sk\/en\/wp-json\/wp\/v2\/types\/page"}],"author":[{"embeddable":true,"href":"https:\/\/dokelu.sk\/en\/wp-json\/wp\/v2\/users\/1"}],"replies":[{"embeddable":true,"href":"https:\/\/dokelu.sk\/en\/wp-json\/wp\/v2\/comments?post=981"}],"version-history":[{"count":0,"href":"https:\/\/dokelu.sk\/en\/wp-json\/wp\/v2\/pages\/981\/revisions"}],"wp:attachment":[{"href":"https:\/\/dokelu.sk\/en\/wp-json\/wp\/v2\/media?parent=981"}],"curies":[{"name":"wp","href":"https:\/\/api.w.org\/{rel}","templated":true}]}}