{"id":1448,"date":"2022-02-15T13:31:28","date_gmt":"2022-02-15T12:31:28","guid":{"rendered":"http:\/\/dokelu.sk\/delivery-in-kosice\/"},"modified":"2022-02-15T13:31:36","modified_gmt":"2022-02-15T12:31:36","slug":"delivery-in-kosice","status":"publish","type":"page","link":"https:\/\/dokelu.sk\/en\/delivery-in-kosice\/","title":{"rendered":"Delivery in Ko\u0161ice"},"content":{"rendered":"<section id=\"shortcode-streets-header\" class=\"wp-block-uagb-section uagb-section__wrap uagb-section__background-color uagb-block-f07ec26e\"><div class=\"uagb-section__inner-wrap\"><section class=\"wp-block-uagb-columns uagb-columns__wrap uagb-columns__background-undefined uagb-columns__stack-mobile uagb-columns__valign-undefined uagb-columns__gap-10 alignundefined uagb-block-01e41bf8 container boxed\"><div class=\"uagb-columns__overlay\"><\/div><div class=\"uagb-columns__inner-wrap uagb-columns__columns-1\"><div class=\"wp-block-uagb-column uagb-column__wrap uagb-column__background-undefined uagb-block-ea1f1a50\"><div class=\"uagb-column__inner-wrap\"><h1>Delivery in Ko\u0161ice<\/h1><div class=\"shortcode-streets-header-menu\"><div class=\"shortcode-streets-header-item\"><a href=\"#\" class=\"streets-header-item-button\" id=\"rozvoz-po-kosiciach\">Delivery in Ko\u0161ice to your home <\/a><\/div><div class=\"shortcode-streets-header-item\"><a href=\"#\" class=\"streets-header-item-button inactive\" id=\"vyzdvihnutie\">Personal pick-up at the shop<\/a><\/div><\/div><\/div><\/div><\/div><\/section><\/div><\/section><section id=\"shortcode-streets-content\" class=\"wp-block-uagb-section uagb-section__wrap uagb-section__background-color uagb-block-f07ec26e\"><div class=\"uagb-section__inner-wrap\"><section class=\"wp-block-uagb-columns uagb-columns__wrap uagb-columns__background-undefined uagb-columns__stack-mobile uagb-columns__valign-undefined uagb-columns__gap-10 alignundefined uagb-block-01e41bf8 container boxed\"><div class=\"uagb-columns__overlay\"><\/div><div class=\"uagb-columns__inner-wrap uagb-columns__columns-1\"><div class=\"wp-block-uagb-column uagb-column__wrap uagb-column__background-undefined uagb-block-ea1f1a50\"><div class=\"uagb-column__inner-wrap\"><div class=\"shortcode-streets-content\"><div class=\"shortcode-streets-rozvoz\" id=\"shortcode-streets-rozvoz\"><p>Do we also deliver to your home? Verify your address! <\/p><form action=\"\/dashboard\/online\/?tab=rozvoz&amp;do=addressForm-submit\" method=\"post\" id=\"dokelu-address-form\" class=\"ajax\" autocomplete=\"off\" novalidate=\"\" _lpchecked=\"1\"><input type=\"text\" size=\"25\" autocomplete=\"off\" placeholder=\"Zadajte Va\u0161u adresu\" class=\"theme-input-text\" style=\"width: 100%\" name=\"address\" id=\"find-street\" required=\"required\" value=\"\"><div id=\"street-whisperer\"><\/div><input type=\"submit\" name=\"send\" id=\"address-send\" class=\"address-send\" value=\"Verify address \"><\/form><div id=\"result-fail\"><p>Na tuto adresu nedoru\u010dujeme.<\/p><\/div><div id=\"result-success\" class=\"result-success\"><p>Dobr\u00e1 spr\u00e1va! Na\u0161i kuri\u00e9ri s\u00fa k dispoz\u00edcii!<\/p><a href=\"https:\/\/dokelu.sk\/en\/shop\/\" id=\"address-go\">Objednaj online<\/a><\/div><\/div><div id=\"shortcode-streets-doruceni\"><div class=\"rozvoz-image\"><img decoding=\"async\" src=\"https:\/\/dokelu.sk\/wp-content\/themes\/dokelu\/assets\/images\/rozvoz-img.png\" \/><\/div><h2>Dokelu fre\u0161 \u0161al\u00e1t bistro Cassovar<\/h2><p>\u017driedlov\u00e1 11, 040 01 Ko\u0161ice<\/p><a href=\"https:\/\/dokelu.sk\/en\/shop\/\" id=\"address-go\">Objednaj online<\/a><\/div><\/div><\/div><\/div><\/div><\/section><\/div><\/section><p><\/p>","protected":false},"excerpt":{"rendered":"","protected":false},"author":1,"featured_media":0,"parent":0,"menu_order":9,"comment_status":"closed","ping_status":"closed","template":"template-fullwidth-no-title.php","meta":{"_acf_changed":false,"_uag_custom_page_level_css":"","footnotes":""},"class_list":["post-1448","page","type-page","status-publish","hentry"],"acf":[],"yoast_head":"<!-- This site is optimized with the Yoast SEO plugin v23.6 - https:\/\/yoast.com\/wordpress\/plugins\/seo\/ -->\n<title>Delivery in Ko\u0161ice - dokelu fre\u0161 \u0161al\u00e1t bistro<\/title>\n<meta name=\"robots\" content=\"index, follow, max-snippet:-1, max-image-preview:large, max-video-preview:-1\" \/>\n<link rel=\"canonical\" href=\"https:\/\/dokelu.sk\/rozvoz-po-kosiciach\/\" \/>\n<meta property=\"og:locale\" content=\"en_US\" \/>\n<meta property=\"og:type\" content=\"article\" \/>\n<meta property=\"og:title\" content=\"Delivery in Ko\u0161ice - dokelu fre\u0161 \u0161al\u00e1t bistro\" \/>\n<meta property=\"og:url\" content=\"https:\/\/dokelu.sk\/rozvoz-po-kosiciach\/\" \/>\n<meta property=\"og:site_name\" content=\"dokelu fre\u0161 \u0161al\u00e1t bistro\" \/>\n<meta property=\"article:publisher\" content=\"https:\/\/www.facebook.com\/dokelusalat\" \/>\n<meta property=\"article:modified_time\" content=\"2022-02-15T12:31:36+00:00\" \/>\n<meta name=\"twitter:card\" content=\"summary_large_image\" \/>\n<script type=\"application\/ld+json\" class=\"yoast-schema-graph\">{\"@context\":\"https:\/\/schema.org\",\"@graph\":[{\"@type\":\"WebPage\",\"@id\":\"https:\/\/dokelu.sk\/rozvoz-po-kosiciach\/\",\"url\":\"https:\/\/dokelu.sk\/rozvoz-po-kosiciach\/\",\"name\":\"Delivery in Ko\u0161ice - dokelu fre\u0161 \u0161al\u00e1t bistro\",\"isPartOf\":{\"@id\":\"https:\/\/dokelu.sk\/en\/#website\"},\"datePublished\":\"2022-02-15T12:31:28+00:00\",\"dateModified\":\"2022-02-15T12:31:36+00:00\",\"breadcrumb\":{\"@id\":\"https:\/\/dokelu.sk\/rozvoz-po-kosiciach\/#breadcrumb\"},\"inLanguage\":\"en-US\",\"potentialAction\":[{\"@type\":\"ReadAction\",\"target\":[\"https:\/\/dokelu.sk\/rozvoz-po-kosiciach\/\"]}]},{\"@type\":\"BreadcrumbList\",\"@id\":\"https:\/\/dokelu.sk\/rozvoz-po-kosiciach\/#breadcrumb\",\"itemListElement\":[{\"@type\":\"ListItem\",\"position\":1,\"name\":\"Domovsk\u00e1 str\u00e1nka\",\"item\":\"https:\/\/dokelu.sk\/en\/\"},{\"@type\":\"ListItem\",\"position\":2,\"name\":\"Delivery in Ko\u0161ice\"}]},{\"@type\":\"WebSite\",\"@id\":\"https:\/\/dokelu.sk\/en\/#website\",\"url\":\"https:\/\/dokelu.sk\/en\/\",\"name\":\"dokelu fre\u0161 \u0161al\u00e1t bistro\",\"description\":\"Maj na \u0161al\u00e1te!\",\"publisher\":{\"@id\":\"https:\/\/dokelu.sk\/en\/#organization\"},\"potentialAction\":[{\"@type\":\"SearchAction\",\"target\":{\"@type\":\"EntryPoint\",\"urlTemplate\":\"https:\/\/dokelu.sk\/en\/?s={search_term_string}\"},\"query-input\":{\"@type\":\"PropertyValueSpecification\",\"valueRequired\":true,\"valueName\":\"search_term_string\"}}],\"inLanguage\":\"en-US\"},{\"@type\":\"Organization\",\"@id\":\"https:\/\/dokelu.sk\/en\/#organization\",\"name\":\"dokelu fre\u0161 \u0161al\u00e1t bistro\",\"url\":\"https:\/\/dokelu.sk\/en\/\",\"logo\":{\"@type\":\"ImageObject\",\"inLanguage\":\"en-US\",\"@id\":\"https:\/\/dokelu.sk\/en\/#\/schema\/logo\/image\/\",\"url\":\"http:\/\/dokelu.sk\/wp-content\/uploads\/2023\/09\/logo.png\",\"contentUrl\":\"http:\/\/dokelu.sk\/wp-content\/uploads\/2023\/09\/logo.png\",\"width\":1182,\"height\":591,\"caption\":\"dokelu fre\u0161 \u0161al\u00e1t bistro\"},\"image\":{\"@id\":\"https:\/\/dokelu.sk\/en\/#\/schema\/logo\/image\/\"},\"sameAs\":[\"https:\/\/www.facebook.com\/dokelusalat\",\"https:\/\/www.instagram.com\/dokelusalat\/\"]}]}<\/script>\n<!-- \/ Yoast SEO plugin. -->","yoast_head_json":{"title":"Delivery in Ko\u0161ice - dokelu fre\u0161 \u0161al\u00e1t bistro","robots":{"index":"index","follow":"follow","max-snippet":"max-snippet:-1","max-image-preview":"max-image-preview:large","max-video-preview":"max-video-preview:-1"},"canonical":"https:\/\/dokelu.sk\/rozvoz-po-kosiciach\/","og_locale":"en_US","og_type":"article","og_title":"Delivery in Ko\u0161ice - dokelu fre\u0161 \u0161al\u00e1t bistro","og_url":"https:\/\/dokelu.sk\/rozvoz-po-kosiciach\/","og_site_name":"dokelu fre\u0161 \u0161al\u00e1t bistro","article_publisher":"https:\/\/www.facebook.com\/dokelusalat","article_modified_time":"2022-02-15T12:31:36+00:00","twitter_card":"summary_large_image","schema":{"@context":"https:\/\/schema.org","@graph":[{"@type":"WebPage","@id":"https:\/\/dokelu.sk\/rozvoz-po-kosiciach\/","url":"https:\/\/dokelu.sk\/rozvoz-po-kosiciach\/","name":"Delivery in Ko\u0161ice - dokelu fre\u0161 \u0161al\u00e1t bistro","isPartOf":{"@id":"https:\/\/dokelu.sk\/en\/#website"},"datePublished":"2022-02-15T12:31:28+00:00","dateModified":"2022-02-15T12:31:36+00:00","breadcrumb":{"@id":"https:\/\/dokelu.sk\/rozvoz-po-kosiciach\/#breadcrumb"},"inLanguage":"en-US","potentialAction":[{"@type":"ReadAction","target":["https:\/\/dokelu.sk\/rozvoz-po-kosiciach\/"]}]},{"@type":"BreadcrumbList","@id":"https:\/\/dokelu.sk\/rozvoz-po-kosiciach\/#breadcrumb","itemListElement":[{"@type":"ListItem","position":1,"name":"Domovsk\u00e1 str\u00e1nka","item":"https:\/\/dokelu.sk\/en\/"},{"@type":"ListItem","position":2,"name":"Delivery in Ko\u0161ice"}]},{"@type":"WebSite","@id":"https:\/\/dokelu.sk\/en\/#website","url":"https:\/\/dokelu.sk\/en\/","name":"dokelu fre\u0161 \u0161al\u00e1t bistro","description":"Maj na \u0161al\u00e1te!","publisher":{"@id":"https:\/\/dokelu.sk\/en\/#organization"},"potentialAction":[{"@type":"SearchAction","target":{"@type":"EntryPoint","urlTemplate":"https:\/\/dokelu.sk\/en\/?s={search_term_string}"},"query-input":{"@type":"PropertyValueSpecification","valueRequired":true,"valueName":"search_term_string"}}],"inLanguage":"en-US"},{"@type":"Organization","@id":"https:\/\/dokelu.sk\/en\/#organization","name":"dokelu fre\u0161 \u0161al\u00e1t bistro","url":"https:\/\/dokelu.sk\/en\/","logo":{"@type":"ImageObject","inLanguage":"en-US","@id":"https:\/\/dokelu.sk\/en\/#\/schema\/logo\/image\/","url":"http:\/\/dokelu.sk\/wp-content\/uploads\/2023\/09\/logo.png","contentUrl":"http:\/\/dokelu.sk\/wp-content\/uploads\/2023\/09\/logo.png","width":1182,"height":591,"caption":"dokelu fre\u0161 \u0161al\u00e1t bistro"},"image":{"@id":"https:\/\/dokelu.sk\/en\/#\/schema\/logo\/image\/"},"sameAs":["https:\/\/www.facebook.com\/dokelusalat","https:\/\/www.instagram.com\/dokelusalat\/"]}]}},"uagb_featured_image_src":{"full":false,"thumbnail":false,"medium":false,"medium_large":false,"large":false,"1536x1536":false,"2048x2048":false,"woocommerce_thumbnail":false,"woocommerce_single":false,"woocommerce_gallery_thumbnail":false},"uagb_author_info":{"display_name":"Musilda","author_link":"https:\/\/dokelu.sk\/en\/author\/musilda\/"},"uagb_comment_info":0,"uagb_excerpt":null,"_links":{"self":[{"href":"https:\/\/dokelu.sk\/en\/wp-json\/wp\/v2\/pages\/1448","targetHints":{"allow":["GET"]}}],"collection":[{"href":"https:\/\/dokelu.sk\/en\/wp-json\/wp\/v2\/pages"}],"about":[{"href":"https:\/\/dokelu.sk\/en\/wp-json\/wp\/v2\/types\/page"}],"author":[{"embeddable":true,"href":"https:\/\/dokelu.sk\/en\/wp-json\/wp\/v2\/users\/1"}],"replies":[{"embeddable":true,"href":"https:\/\/dokelu.sk\/en\/wp-json\/wp\/v2\/comments?post=1448"}],"version-history":[{"count":0,"href":"https:\/\/dokelu.sk\/en\/wp-json\/wp\/v2\/pages\/1448\/revisions"}],"wp:attachment":[{"href":"https:\/\/dokelu.sk\/en\/wp-json\/wp\/v2\/media?parent=1448"}],"curies":[{"name":"wp","href":"https:\/\/api.w.org\/{rel}","templated":true}]}}