{"id":1446,"date":"2022-02-15T13:30:32","date_gmt":"2022-02-15T12:30:32","guid":{"rendered":"http:\/\/dokelu.sk\/register\/"},"modified":"2022-02-15T13:30:32","modified_gmt":"2022-02-15T12:30:32","slug":"register","status":"publish","type":"page","link":"https:\/\/dokelu.sk\/en\/register\/","title":{"rendered":"Register"},"content":{"rendered":"<link rel=\"stylesheet\" href=\"https:\/\/dokelu.sk\/wp-content\/themes\/dokelu\/assets\/css\/registration-form.css\"><section class=\"registration-page\"><div class=\"container boxed\"><div class=\"woocommerce-notices-wrapper\"><\/div>      \t<h1 class=\"login-page-title\">Nov\u00fd \u00fa\u010det<\/h1>\n\t\t<div class=\"login-page-wrap\">\n\t\t\t<form method=\"post\" class=\"woocommerce-form woocommerce-form-register register\"  >\n\n\t\t\t\t\n\t\t\t\t<p class=\"woocommerce-form-row woocommerce-form-row--wide form-row form-row-wide\">\n\t\t\t\t\t<input type=\"name\" class=\"woocommerce-Input woocommerce-Input--text input-text\" name=\"billing_name\" id=\"reg_name\" autocomplete=\"billing_name\" value=\"\" placeholder=\"Name\" \/>\t\t\t\t<\/p>\n\t\t\t\t<p class=\"woocommerce-form-row woocommerce-form-row--wide form-row form-row-wide\">\n\t\t\t\t\t<input type=\"surname\" class=\"woocommerce-Input woocommerce-Input--text input-text\" name=\"billing_surname\" id=\"reg_surname\" autocomplete=\"billing_surname\" value=\"\" placeholder=\"Priezvisko\" \/>\t\t\t\t<\/p>\n\t\t\t\t<p class=\"woocommerce-form-row woocommerce-form-row--wide form-row form-row-wide\">\n\t\t\t\t\t<input type=\"email\" class=\"woocommerce-Input woocommerce-Input--text input-text\" name=\"email\" id=\"reg_email\" autocomplete=\"email\" value=\"\" placeholder=\"E-mail\" \/>\t\t\t\t<\/p>\n\t\t\t\t<p class=\"woocommerce-form-row woocommerce-form-row--wide form-row form-row-wide\">\n\t\t\t\t\t<input type=\"phone\" class=\"woocommerce-Input woocommerce-Input--text input-text\" name=\"billing_phone\" id=\"reg_phone\" autocomplete=\"phone\" value=\"\" placeholder=\"Tel. \u010d\u00edslo\" \/>\t\t\t\t<\/p>\n\t\t\t\t<p class=\"woocommerce-form-row woocommerce-form-row--wide form-row form-row-wide\">\n\t\t\t\t\t<input type=\"text\" class=\"woocommerce-Input woocommerce-Input--text input-text\" name=\"username\" id=\"reg_username\" autocomplete=\"username\" value=\"\" placeholder=\"Ussername\" \/>\t\t\t\t<\/p>\t\t\t\t\n\t\t\t\t<p class=\"woocommerce-form-row woocommerce-form-row--wide form-row form-row-wide\">\n\t\t\t\t\t<input type=\"password\" class=\"woocommerce-Input woocommerce-Input--text input-text\" name=\"password\" id=\"reg_password\" placeholder=\"Heslo\" \/>\n\t\t\t\t<\/p>\n\t\t\t\t<p class=\"woocommerce-form-row woocommerce-form-row--wide form-row form-row-wide\">\n\t\t\t\t\t<input type=\"password\" class=\"woocommerce-Input woocommerce-Input--text input-text\" name=\"confirm_password\" id=\"reg_confirm_password\" placeholder=\"Overenie hesla\" \/>\n\t\t\t\t<\/p>\n\n\t\t\t\t<p class=\"woocommerce-form-row woocommerce-form-row--wide form-row form-row-wide\" id=\"registration-terms\">\n\t\t\t\t\t<input type=\"checkbox\" class=\"woocommerce-Input woocommerce-Input--text input-checkbox\" name=\"terms\" id=\"reg_terms\" \/>\n\t\t\t\t\t<label for=\"terms\">S\u00fahlas\u00edm s <strong>obchodn\u00fdmi podmienkami a z\u00e1sadami spracovania a ochrany osobn\u00fdch \u00fadajov<\/strong><\/label>\n\t\t\t\t<\/p>\n\n\t\t\t\t\t\t<div class=\"g-recaptcha\" data-sitekey=\"6LflbLAsAAAAAIDImOTuntlMbosEo2DV1yGRE0PM\"><\/div>\n\t\t<br\/>\n\t\t<div class=\"woocommerce-privacy-policy-text\"><p>Va\u0161e osobn\u00e9 \u00fadaje bud\u00fa pou\u017eit\u00e9 k zv\u00fd\u0161eniu spokojnosti po cel\u00fa dobu prech\u00e1dzan\u00edm tohto webu, k spr\u00e1ve pr\u00edstupu do v\u00e1\u0161ho \u00fa\u010dtu a k \u010fal\u0161\u00edm \u00fa\u010delom pop\u00edsan\u00fdm na str\u00e1nke <a href=\"https:\/\/dokelu.sk\/gdpr\/\" class=\"woocommerce-privacy-policy-link\" target=\"_blank\">privacy policy<\/a>.<\/p>\n<\/div>\n\t\t\t\t<p class=\"woocommerce-form-row form-row\" id=\"register-button\">\n\t\t\t\t\t<input type=\"hidden\" id=\"woocommerce-register-nonce\" name=\"woocommerce-register-nonce\" value=\"2946cb03da\" \/><input type=\"hidden\" name=\"_wp_http_referer\" value=\"\/en\/wp-json\/wp\/v2\/pages\/1446\" \/>\t\t\t\t\t<button type=\"submit\" class=\"woocommerce-Button woocommerce-button button woocommerce-form-register__submit\" name=\"register\" value=\"Register\">Register<\/button>\n\t\t\t\t<\/p>\n\n\t\t\t\t\n\t\t\t<\/form>\n\t\t<\/div>\n   \t<\/div><\/section>","protected":false},"excerpt":{"rendered":"","protected":false},"author":1,"featured_media":0,"parent":0,"menu_order":29,"comment_status":"closed","ping_status":"closed","template":"template-fullwidth-no-title.php","meta":{"_acf_changed":false,"_uag_custom_page_level_css":"","footnotes":""},"class_list":["post-1446","page","type-page","status-publish","hentry"],"acf":[],"yoast_head":"<!-- This site is optimized with the Yoast SEO plugin v23.6 - https:\/\/yoast.com\/wordpress\/plugins\/seo\/ -->\n<title>Register - dokelu fre\u0161 \u0161al\u00e1t bistro<\/title>\n<meta name=\"robots\" content=\"index, follow, max-snippet:-1, max-image-preview:large, max-video-preview:-1\" \/>\n<link rel=\"canonical\" href=\"https:\/\/dokelu.sk\/registracia\/\" \/>\n<meta property=\"og:locale\" content=\"en_US\" \/>\n<meta property=\"og:type\" content=\"article\" \/>\n<meta property=\"og:title\" content=\"Register - dokelu fre\u0161 \u0161al\u00e1t bistro\" \/>\n<meta property=\"og:url\" content=\"https:\/\/dokelu.sk\/registracia\/\" \/>\n<meta property=\"og:site_name\" content=\"dokelu fre\u0161 \u0161al\u00e1t bistro\" \/>\n<meta property=\"article:publisher\" content=\"https:\/\/www.facebook.com\/dokelusalat\" \/>\n<meta name=\"twitter:card\" content=\"summary_large_image\" \/>\n<script type=\"application\/ld+json\" class=\"yoast-schema-graph\">{\"@context\":\"https:\/\/schema.org\",\"@graph\":[{\"@type\":\"WebPage\",\"@id\":\"https:\/\/dokelu.sk\/registracia\/\",\"url\":\"https:\/\/dokelu.sk\/registracia\/\",\"name\":\"Register - dokelu fre\u0161 \u0161al\u00e1t bistro\",\"isPartOf\":{\"@id\":\"https:\/\/dokelu.sk\/en\/#website\"},\"datePublished\":\"2022-02-15T12:30:32+00:00\",\"dateModified\":\"2022-02-15T12:30:32+00:00\",\"breadcrumb\":{\"@id\":\"https:\/\/dokelu.sk\/registracia\/#breadcrumb\"},\"inLanguage\":\"en-US\",\"potentialAction\":[{\"@type\":\"ReadAction\",\"target\":[\"https:\/\/dokelu.sk\/registracia\/\"]}]},{\"@type\":\"BreadcrumbList\",\"@id\":\"https:\/\/dokelu.sk\/registracia\/#breadcrumb\",\"itemListElement\":[{\"@type\":\"ListItem\",\"position\":1,\"name\":\"Domovsk\u00e1 str\u00e1nka\",\"item\":\"https:\/\/dokelu.sk\/en\/\"},{\"@type\":\"ListItem\",\"position\":2,\"name\":\"Register\"}]},{\"@type\":\"WebSite\",\"@id\":\"https:\/\/dokelu.sk\/en\/#website\",\"url\":\"https:\/\/dokelu.sk\/en\/\",\"name\":\"dokelu fre\u0161 \u0161al\u00e1t bistro\",\"description\":\"Maj na \u0161al\u00e1te!\",\"publisher\":{\"@id\":\"https:\/\/dokelu.sk\/en\/#organization\"},\"potentialAction\":[{\"@type\":\"SearchAction\",\"target\":{\"@type\":\"EntryPoint\",\"urlTemplate\":\"https:\/\/dokelu.sk\/en\/?s={search_term_string}\"},\"query-input\":{\"@type\":\"PropertyValueSpecification\",\"valueRequired\":true,\"valueName\":\"search_term_string\"}}],\"inLanguage\":\"en-US\"},{\"@type\":\"Organization\",\"@id\":\"https:\/\/dokelu.sk\/en\/#organization\",\"name\":\"dokelu fre\u0161 \u0161al\u00e1t bistro\",\"url\":\"https:\/\/dokelu.sk\/en\/\",\"logo\":{\"@type\":\"ImageObject\",\"inLanguage\":\"en-US\",\"@id\":\"https:\/\/dokelu.sk\/en\/#\/schema\/logo\/image\/\",\"url\":\"http:\/\/dokelu.sk\/wp-content\/uploads\/2023\/09\/logo.png\",\"contentUrl\":\"http:\/\/dokelu.sk\/wp-content\/uploads\/2023\/09\/logo.png\",\"width\":1182,\"height\":591,\"caption\":\"dokelu fre\u0161 \u0161al\u00e1t bistro\"},\"image\":{\"@id\":\"https:\/\/dokelu.sk\/en\/#\/schema\/logo\/image\/\"},\"sameAs\":[\"https:\/\/www.facebook.com\/dokelusalat\",\"https:\/\/www.instagram.com\/dokelusalat\/\"]}]}<\/script>\n<!-- \/ Yoast SEO plugin. -->","yoast_head_json":{"title":"Register - dokelu fre\u0161 \u0161al\u00e1t bistro","robots":{"index":"index","follow":"follow","max-snippet":"max-snippet:-1","max-image-preview":"max-image-preview:large","max-video-preview":"max-video-preview:-1"},"canonical":"https:\/\/dokelu.sk\/registracia\/","og_locale":"en_US","og_type":"article","og_title":"Register - dokelu fre\u0161 \u0161al\u00e1t bistro","og_url":"https:\/\/dokelu.sk\/registracia\/","og_site_name":"dokelu fre\u0161 \u0161al\u00e1t bistro","article_publisher":"https:\/\/www.facebook.com\/dokelusalat","twitter_card":"summary_large_image","schema":{"@context":"https:\/\/schema.org","@graph":[{"@type":"WebPage","@id":"https:\/\/dokelu.sk\/registracia\/","url":"https:\/\/dokelu.sk\/registracia\/","name":"Register - dokelu fre\u0161 \u0161al\u00e1t bistro","isPartOf":{"@id":"https:\/\/dokelu.sk\/en\/#website"},"datePublished":"2022-02-15T12:30:32+00:00","dateModified":"2022-02-15T12:30:32+00:00","breadcrumb":{"@id":"https:\/\/dokelu.sk\/registracia\/#breadcrumb"},"inLanguage":"en-US","potentialAction":[{"@type":"ReadAction","target":["https:\/\/dokelu.sk\/registracia\/"]}]},{"@type":"BreadcrumbList","@id":"https:\/\/dokelu.sk\/registracia\/#breadcrumb","itemListElement":[{"@type":"ListItem","position":1,"name":"Domovsk\u00e1 str\u00e1nka","item":"https:\/\/dokelu.sk\/en\/"},{"@type":"ListItem","position":2,"name":"Register"}]},{"@type":"WebSite","@id":"https:\/\/dokelu.sk\/en\/#website","url":"https:\/\/dokelu.sk\/en\/","name":"dokelu fre\u0161 \u0161al\u00e1t bistro","description":"Maj na \u0161al\u00e1te!","publisher":{"@id":"https:\/\/dokelu.sk\/en\/#organization"},"potentialAction":[{"@type":"SearchAction","target":{"@type":"EntryPoint","urlTemplate":"https:\/\/dokelu.sk\/en\/?s={search_term_string}"},"query-input":{"@type":"PropertyValueSpecification","valueRequired":true,"valueName":"search_term_string"}}],"inLanguage":"en-US"},{"@type":"Organization","@id":"https:\/\/dokelu.sk\/en\/#organization","name":"dokelu fre\u0161 \u0161al\u00e1t bistro","url":"https:\/\/dokelu.sk\/en\/","logo":{"@type":"ImageObject","inLanguage":"en-US","@id":"https:\/\/dokelu.sk\/en\/#\/schema\/logo\/image\/","url":"http:\/\/dokelu.sk\/wp-content\/uploads\/2023\/09\/logo.png","contentUrl":"http:\/\/dokelu.sk\/wp-content\/uploads\/2023\/09\/logo.png","width":1182,"height":591,"caption":"dokelu fre\u0161 \u0161al\u00e1t bistro"},"image":{"@id":"https:\/\/dokelu.sk\/en\/#\/schema\/logo\/image\/"},"sameAs":["https:\/\/www.facebook.com\/dokelusalat","https:\/\/www.instagram.com\/dokelusalat\/"]}]}},"uagb_featured_image_src":{"full":false,"thumbnail":false,"medium":false,"medium_large":false,"large":false,"1536x1536":false,"2048x2048":false,"woocommerce_thumbnail":false,"woocommerce_single":false,"woocommerce_gallery_thumbnail":false},"uagb_author_info":{"display_name":"Musilda","author_link":"https:\/\/dokelu.sk\/en\/author\/musilda\/"},"uagb_comment_info":0,"uagb_excerpt":null,"_links":{"self":[{"href":"https:\/\/dokelu.sk\/en\/wp-json\/wp\/v2\/pages\/1446","targetHints":{"allow":["GET"]}}],"collection":[{"href":"https:\/\/dokelu.sk\/en\/wp-json\/wp\/v2\/pages"}],"about":[{"href":"https:\/\/dokelu.sk\/en\/wp-json\/wp\/v2\/types\/page"}],"author":[{"embeddable":true,"href":"https:\/\/dokelu.sk\/en\/wp-json\/wp\/v2\/users\/1"}],"replies":[{"embeddable":true,"href":"https:\/\/dokelu.sk\/en\/wp-json\/wp\/v2\/comments?post=1446"}],"version-history":[{"count":0,"href":"https:\/\/dokelu.sk\/en\/wp-json\/wp\/v2\/pages\/1446\/revisions"}],"wp:attachment":[{"href":"https:\/\/dokelu.sk\/en\/wp-json\/wp\/v2\/media?parent=1446"}],"curies":[{"name":"wp","href":"https:\/\/api.w.org\/{rel}","templated":true}]}}