{"id":1430,"date":"2022-02-15T11:54:03","date_gmt":"2022-02-15T10:54:03","guid":{"rendered":"http:\/\/dokelu.sk\/about-us\/"},"modified":"2024-03-05T11:30:07","modified_gmt":"2024-03-05T10:30:07","slug":"about-us","status":"publish","type":"page","link":"https:\/\/dokelu.sk\/en\/about-us\/","title":{"rendered":"About us"},"content":{"rendered":"<section class=\"wp-block-uagb-section uagb-section__wrap uagb-section__background-color uagb-block-7693be57\"><div class=\"uagb-section__overlay\"><\/div><div class=\"uagb-section__inner-wrap\"><section class=\"wp-block-uagb-columns uagb-columns__wrap uagb-columns__background-none uagb-columns__stack-mobile uagb-columns__valign- uagb-columns__gap-10 align uagb-block-7e9a3b2d uagb-columns__columns-2 uagb-columns__max_width-custom container boxed\"><div class=\"uagb-columns__overlay\"><\/div><div class=\"uagb-columns__inner-wrap uagb-columns__columns-2\"><div class=\"wp-block-uagb-column uagb-column__wrap uagb-column__background-undefined uagb-block-57dd8909\"><div class=\"uagb-column__overlay\"><\/div><figure class=\"wp-block-image size-full is-resized\"><img loading=\"lazy\" decoding=\"async\" width=\"900\" height=\"900\" src=\"http:\/\/dokelu.sk\/wp-content\/uploads\/2022\/02\/salat_na_uvod-1.png\" alt=\"\" class=\"wp-image-1251\" style=\"width:308px;height:auto\" srcset=\"https:\/\/dokelu.sk\/wp-content\/uploads\/2022\/02\/salat_na_uvod-1.png 900w, https:\/\/dokelu.sk\/wp-content\/uploads\/2022\/02\/salat_na_uvod-1-300x300.png 300w, https:\/\/dokelu.sk\/wp-content\/uploads\/2022\/02\/salat_na_uvod-1-150x150.png 150w, https:\/\/dokelu.sk\/wp-content\/uploads\/2022\/02\/salat_na_uvod-1-768x768.png 768w, https:\/\/dokelu.sk\/wp-content\/uploads\/2022\/02\/salat_na_uvod-1-600x600.png 600w, https:\/\/dokelu.sk\/wp-content\/uploads\/2022\/02\/salat_na_uvod-1-100x100.png 100w\" sizes=\"auto, (max-width: 900px) 100vw, 900px\" \/><\/figure><\/div>\n\n<div class=\"wp-block-uagb-column uagb-column__wrap uagb-column__background-undefined uagb-block-c65836cd\"><div class=\"uagb-column__overlay\"><\/div><h2 class=\"wp-block-heading\" id=\"preco-dokelu\" style=\"font-size:24px\">Why DOKELU?<br><\/h2>\n\n<p style=\"font-size:14px\">Until recently, we also sat in the office and had only 30 minutes to eat. It was hard for us after lunch and we didn&#8217;t want anything, so we said to ourselves: &#8220;Can&#8217;t we do it differently?<\/p>\n\n<p style=\"font-size:14px\">Then idea came up. Easy, healthy salad, after whitch are full and fresh. Satisfied, full of energy, thanks to ingredients that are prepared quickly and with quality. We wanted to offer people, what we missed in Ko\u0161ice. That is why we do it as it is in the name of our Dokelu &#8211; Fre\u0161 salad bistro. We guarantee fresh and tasty mixes of vegetables, fruits, pasta and meat, all quickly and healthily.<\/p><\/div><\/div><\/section><\/div><\/section><section class=\"wp-block-uagb-section uagb-section__wrap uagb-section__background-image uagb-block-dce4e879\"><div class=\"uagb-section__overlay\"><\/div><div class=\"uagb-section__inner-wrap\"><\/div><\/section><section class=\"wp-block-uagb-section uagb-section__wrap uagb-section__background-color uagb-block-3b77b862\"><div class=\"uagb-section__overlay\"><\/div><div class=\"uagb-section__inner-wrap\"><section class=\"wp-block-uagb-columns uagb-columns__wrap uagb-columns__background-none uagb-columns__stack-mobile uagb-columns__valign- uagb-columns__gap-0 align uagb-block-0004fc95 uagb-columns__columns-4 uagb-columns__max_width-custom container boxed\"><div class=\"uagb-columns__overlay\"><\/div><div class=\"uagb-columns__inner-wrap uagb-columns__columns-4\"><div class=\"wp-block-uagb-column uagb-column__wrap uagb-column__background-undefined uagb-block-5947c104\"><div class=\"uagb-column__overlay\"><\/div><p class=\"has-text-align-center has-text-color\" style=\"color:#1a8541;font-size:100px\"><strong>85<\/strong><\/p>\n\n<p class=\"has-text-align-center has-medium-font-size\"><strong>Sliced<\/strong><br><strong>keel<\/strong><\/p><\/div>\n\n<div class=\"wp-block-uagb-column uagb-column__wrap uagb-column__background-undefined uagb-block-81803ef0\"><div class=\"uagb-column__overlay\"><\/div><p class=\"has-text-align-center has-text-color\" style=\"color:#1a8541;font-size:100px\"><strong>90<\/strong><\/p>\n\n<p class=\"has-text-align-center has-medium-font-size\"><strong>Mixed<br>salads<\/strong><\/p><\/div>\n\n<div class=\"wp-block-uagb-column uagb-column__wrap uagb-column__background-undefined uagb-block-cd49a80d\"><div class=\"uagb-column__overlay\"><\/div><p class=\"has-text-align-center has-text-color\" style=\"color:#1a8541;font-size:100px\"><strong>62<\/strong><\/p>\n\n<p class=\"has-text-align-center has-medium-font-size\"><strong>Baked<br>croissants<\/strong><\/p><\/div>\n\n<div class=\"wp-block-uagb-column uagb-column__wrap uagb-column__background-undefined uagb-block-255420fe\"><div class=\"uagb-column__overlay\"><\/div><p class=\"has-text-align-center has-text-color\" style=\"color:#1a8541;font-size:100px\"><strong>74<\/strong><\/p>\n\n<p class=\"has-text-align-center has-medium-font-size\"><strong>Drinked<br>cups of coffe<\/strong><\/p><\/div><\/div><\/section><\/div><\/section><section class=\"wp-block-uagb-section uagb-section__wrap uagb-section__background-color uagb-block-89ef63a9\"><div class=\"uagb-section__overlay\"><\/div><div class=\"uagb-section__inner-wrap\"><section class=\"wp-block-uagb-columns uagb-columns__wrap uagb-columns__background-none uagb-columns__stack-mobile uagb-columns__valign- uagb-columns__gap-0 align uagb-block-304b767f uagb-columns__columns-1 uagb-columns__max_width-custom container boxed\"><div class=\"uagb-columns__overlay\"><\/div><div class=\"uagb-columns__inner-wrap uagb-columns__columns-1\"><div class=\"wp-block-uagb-column uagb-column__wrap uagb-column__background-undefined uagb-block-f3c5c912\"><div class=\"uagb-column__overlay\"><\/div><h2 class=\"wp-block-heading has-text-align-center has-text-color\" id=\"nas-tim\" style=\"color:#1a8541;font-size:30px\">OUR TEAM<\/h2><\/div><\/div><\/section><\/div><\/section><section class=\"wp-block-uagb-section uagb-section__wrap uagb-section__background-color uagb-block-d63df347\"><div class=\"uagb-section__overlay\"><\/div><div class=\"uagb-section__inner-wrap\"><section class=\"wp-block-uagb-columns uagb-columns__wrap uagb-columns__background-none uagb-columns__stack-mobile uagb-columns__valign- uagb-columns__gap-0 align uagb-block-19520b3d uagb-columns__columns-4 uagb-columns__max_width-custom container boxed\"><div class=\"uagb-columns__overlay\"><\/div><div class=\"uagb-columns__inner-wrap uagb-columns__columns-4\"><div class=\"wp-block-uagb-column uagb-column__wrap uagb-column__background-undefined uagb-block-1ab12fdf\"><div class=\"uagb-column__overlay\"><\/div><div class=\"wp-block-image is-style-rounded shadow-img\"><figure class=\"aligncenter size-full\"><img loading=\"lazy\" decoding=\"async\" width=\"150\" height=\"150\" src=\"https:\/\/dokelu.sk\/wp-content\/uploads\/2024\/01\/Fotky-na-web_150x150_Martina.webp\" alt=\"\" class=\"wp-image-15308\" srcset=\"https:\/\/dokelu.sk\/wp-content\/uploads\/2024\/01\/Fotky-na-web_150x150_Martina.webp 150w, https:\/\/dokelu.sk\/wp-content\/uploads\/2024\/01\/Fotky-na-web_150x150_Martina-100x100.webp 100w\" sizes=\"auto, (max-width: 150px) 100vw, 150px\" \/><\/figure><\/div>\n\n<p class=\"has-text-align-center has-text-color\" style=\"color:#1a8541;font-size:22px\"><strong>MA\u0164KA<\/strong><\/p>\n\n<p class=\"has-text-align-center\">We will prepare, pack and deliver!<\/p><\/div>\n\n<div class=\"wp-block-uagb-column uagb-column__wrap uagb-column__background-undefined uagb-block-045d357e\"><div class=\"uagb-column__overlay\"><\/div><div class=\"wp-block-image is-style-rounded shadow-img\"><figure class=\"aligncenter size-full\"><img loading=\"lazy\" decoding=\"async\" width=\"150\" height=\"150\" src=\"https:\/\/dokelu.sk\/wp-content\/uploads\/2024\/01\/Fotky-na-web_150x150_Mirka-1.webp\" alt=\"\" class=\"wp-image-15310\" srcset=\"https:\/\/dokelu.sk\/wp-content\/uploads\/2024\/01\/Fotky-na-web_150x150_Mirka-1.webp 150w, https:\/\/dokelu.sk\/wp-content\/uploads\/2024\/01\/Fotky-na-web_150x150_Mirka-1-100x100.webp 100w\" sizes=\"auto, (max-width: 150px) 100vw, 150px\" \/><\/figure><\/div>\n\n<p class=\"has-text-align-center has-text-color\" style=\"color:#1a8541;font-size:22px\"><strong>MIRKA<\/strong><\/p>\n\n<p class=\"has-text-align-center\">Vegetables, fruits, pasta and meat, fast and healthy!<\/p><\/div>\n\n<div class=\"wp-block-uagb-column uagb-column__wrap uagb-column__background-undefined uagb-block-37ec1768\"><div class=\"uagb-column__overlay\"><\/div><div class=\"wp-block-image is-style-rounded shadow-img\"><figure class=\"aligncenter size-full\"><img loading=\"lazy\" decoding=\"async\" width=\"150\" height=\"150\" src=\"https:\/\/dokelu.sk\/wp-content\/uploads\/2024\/01\/Fotky-na-web_150x150_Monika.webp\" alt=\"\" class=\"wp-image-15286\" srcset=\"https:\/\/dokelu.sk\/wp-content\/uploads\/2024\/01\/Fotky-na-web_150x150_Monika.webp 150w, https:\/\/dokelu.sk\/wp-content\/uploads\/2024\/01\/Fotky-na-web_150x150_Monika-100x100.webp 100w\" sizes=\"auto, (max-width: 150px) 100vw, 150px\" \/><\/figure><\/div>\n\n<p class=\"has-text-align-center has-text-color\" style=\"color:#1a8541;font-size:22px\"><strong>MONIKA<\/strong><\/p>\n\n<p class=\"has-text-align-center\">Taste our healty mix!<\/p><\/div>\n\n<div class=\"wp-block-uagb-column uagb-column__wrap uagb-column__background-undefined uagb-block-b36ab4c3\"><div class=\"uagb-column__overlay\"><\/div><div class=\"wp-block-image is-style-rounded shadow-img\"><figure class=\"aligncenter size-full\"><img loading=\"lazy\" decoding=\"async\" width=\"150\" height=\"150\" src=\"https:\/\/dokelu.sk\/wp-content\/uploads\/2024\/01\/Fotky-na-web_150x150_Natalia.webp\" alt=\"\" class=\"wp-image-15288\" srcset=\"https:\/\/dokelu.sk\/wp-content\/uploads\/2024\/01\/Fotky-na-web_150x150_Natalia.webp 150w, https:\/\/dokelu.sk\/wp-content\/uploads\/2024\/01\/Fotky-na-web_150x150_Natalia-100x100.webp 100w\" sizes=\"auto, (max-width: 150px) 100vw, 150px\" \/><\/figure><\/div>\n\n<p class=\"has-text-align-center has-text-color\" style=\"color:#1a8541;font-size:22px\"><strong>NAT\u00c1LIA<\/strong><\/p>\n\n<p class=\"has-text-align-center\">Look what we have good today!<\/p><\/div><\/div><\/section>\n\n<section class=\"wp-block-uagb-columns uagb-columns__wrap uagb-columns__background-none uagb-columns__stack-mobile uagb-columns__valign- uagb-columns__gap-0 align uagb-block-0585c968 uagb-columns__columns-4 uagb-columns__max_width-custom container boxed\"><div class=\"uagb-columns__overlay\"><\/div><div class=\"uagb-columns__inner-wrap uagb-columns__columns-4\"><div class=\"wp-block-uagb-column uagb-column__wrap uagb-column__background-undefined uagb-block-5f4c4cf2\"><div class=\"uagb-column__overlay\"><\/div><div class=\"wp-block-image is-style-rounded shadow-img\"><figure class=\"aligncenter size-full\"><img loading=\"lazy\" decoding=\"async\" width=\"150\" height=\"150\" src=\"https:\/\/dokelu.sk\/wp-content\/uploads\/2024\/01\/Fotky-na-web_150x150_Janko.webp\" alt=\"\" class=\"wp-image-15290\" srcset=\"https:\/\/dokelu.sk\/wp-content\/uploads\/2024\/01\/Fotky-na-web_150x150_Janko.webp 150w, https:\/\/dokelu.sk\/wp-content\/uploads\/2024\/01\/Fotky-na-web_150x150_Janko-100x100.webp 100w\" sizes=\"auto, (max-width: 150px) 100vw, 150px\" \/><\/figure><\/div>\n\n<p class=\"has-text-align-center has-text-color\" style=\"color:#1a8541;font-size:22px\"><strong>JANKO<\/strong><\/p>\n\n<p class=\"has-text-align-center\">Come DOKELU and fall in love with our products!<\/p><\/div>\n\n<div class=\"wp-block-uagb-column uagb-column__wrap uagb-column__background-undefined uagb-block-02c5eb8d\"><div class=\"uagb-column__overlay\"><\/div><div class=\"wp-block-image is-style-rounded shadow-img\"><figure class=\"aligncenter size-full\"><img loading=\"lazy\" decoding=\"async\" width=\"150\" height=\"150\" src=\"https:\/\/dokelu.sk\/wp-content\/uploads\/2024\/01\/Fotky-na-web_150x150_kuchar-Miro-1.webp\" alt=\"\" class=\"wp-image-15303\" srcset=\"https:\/\/dokelu.sk\/wp-content\/uploads\/2024\/01\/Fotky-na-web_150x150_kuchar-Miro-1.webp 150w, https:\/\/dokelu.sk\/wp-content\/uploads\/2024\/01\/Fotky-na-web_150x150_kuchar-Miro-1-100x100.webp 100w\" sizes=\"auto, (max-width: 150px) 100vw, 150px\" \/><\/figure><\/div>\n\n<p class=\"has-text-align-center has-text-color\" style=\"color:#1a8541;font-size:22px\"><strong>MIRO<\/strong><\/p>\n\n<p class=\"has-text-align-center\">A tasty and healthy meal in minutes!<\/p><\/div>\n\n<div class=\"wp-block-uagb-column uagb-column__wrap uagb-column__background-undefined uagb-block-0f4377ea\"><div class=\"uagb-column__overlay\"><\/div><div class=\"wp-block-image is-style-rounded shadow-img\"><figure class=\"aligncenter size-full\"><img loading=\"lazy\" decoding=\"async\" width=\"150\" height=\"150\" src=\"https:\/\/dokelu.sk\/wp-content\/uploads\/2024\/01\/Fotky-na-web_150x150_Jakub.webp\" alt=\"\" class=\"wp-image-15296\" srcset=\"https:\/\/dokelu.sk\/wp-content\/uploads\/2024\/01\/Fotky-na-web_150x150_Jakub.webp 150w, https:\/\/dokelu.sk\/wp-content\/uploads\/2024\/01\/Fotky-na-web_150x150_Jakub-100x100.webp 100w\" sizes=\"auto, (max-width: 150px) 100vw, 150px\" \/><\/figure><\/div>\n\n<p class=\"has-text-align-center has-text-color\" style=\"color:#1a8541;font-size:22px\"><strong>JAKUB<\/strong><\/p>\n\n<p class=\"has-text-align-center\">We will prepare a good treat for you!<\/p><\/div>\n\n<div class=\"wp-block-uagb-column uagb-column__wrap uagb-column__background-undefined uagb-block-44c3e403\"><div class=\"uagb-column__overlay\"><\/div><div class=\"wp-block-image is-style-rounded shadow-img\"><figure class=\"aligncenter size-full\"><img loading=\"lazy\" decoding=\"async\" width=\"150\" height=\"150\" src=\"https:\/\/dokelu.sk\/wp-content\/uploads\/2024\/01\/Fotky-na-web_150x150_Lenka-2.webp\" alt=\"\" class=\"wp-image-15306\" srcset=\"https:\/\/dokelu.sk\/wp-content\/uploads\/2024\/01\/Fotky-na-web_150x150_Lenka-2.webp 150w, https:\/\/dokelu.sk\/wp-content\/uploads\/2024\/01\/Fotky-na-web_150x150_Lenka-2-100x100.webp 100w\" sizes=\"auto, (max-width: 150px) 100vw, 150px\" \/><\/figure><\/div>\n\n<p class=\"has-text-align-center has-text-color\" style=\"color:#1a8541;font-size:22px\"><strong>LENKA<\/strong><\/p>\n\n<p class=\"has-text-align-center\">We present the best products!<\/p><\/div><\/div><\/section><\/div><\/section><section class=\"wp-block-uagb-section uagb-section__wrap uagb-section__background-color uagb-block-9e8b2606\"><div class=\"uagb-section__overlay\"><\/div><div class=\"uagb-section__inner-wrap\"><section class=\"wp-block-uagb-columns uagb-columns__wrap uagb-columns__background-none uagb-columns__stack-mobile uagb-columns__valign- uagb-columns__gap-0 align uagb-block-dcd56f9a uagb-columns__columns-1 uagb-columns__max_width-custom container boxed\"><div class=\"uagb-columns__overlay\"><\/div><div class=\"uagb-columns__inner-wrap uagb-columns__columns-1\"><div class=\"wp-block-uagb-column uagb-column__wrap uagb-column__background-undefined uagb-block-22f7c0bf\"><div class=\"uagb-column__overlay\"><\/div><h2 class=\"wp-block-heading has-text-align-center has-text-color\" id=\"kam-ti-salad-donesieme\" style=\"color:#1a8541;font-size:24px\">Where can we bring the salad?<\/h2><\/div><\/div><\/section><\/div><\/section><div class=\"wp-block-columns is-layout-flex wp-container-core-columns-is-layout-9d6595d7 wp-block-columns-is-layout-flex\"><div class=\"wp-block-column is-layout-flow wp-block-column-is-layout-flow\"><\/div>\n\n<div class=\"wp-block-column is-layout-flow wp-block-column-is-layout-flow\"><h2 class=\"wp-block-heading has-text-align-center has-text-color has-link-color wp-elements-62cdaec8939afbb6ac9c83c2e3b9eba0\" style=\"color:#1f833f\">OD Urban<\/h2><\/div>\n\n<div class=\"wp-block-column is-layout-flow wp-block-column-is-layout-flow\"><h2 class=\"wp-block-heading has-text-align-center has-text-color has-link-color wp-elements-d93cd9fa0da63b4f728d270fb0460de5\" style=\"color:#1f833f\">Cassovar<\/h2><\/div>\n\n<div class=\"wp-block-column is-layout-flow wp-block-column-is-layout-flow\"><\/div><\/div><div class=\"wp-block-columns is-layout-flex wp-container-core-columns-is-layout-9d6595d7 wp-block-columns-is-layout-flex\"><div class=\"wp-block-column is-layout-flow wp-block-column-is-layout-flow\"><\/div>\n\n<div class=\"wp-block-column is-layout-flow wp-block-column-is-layout-flow\" style=\"flex-basis:600px\"><iframe src=\"https:\/\/www.google.com\/maps\/embed?pb=!1m18!1m12!1m3!1d2631.955827658696!2d21.2559807!3d48.7254357!2m3!1f0!2f0!3f0!3m2!1i1024!2i768!4f13.1!3m3!1m2!1s0x473ee13088cbfd0b%3A0xdf957121e5aa1c67!2zZG9rZWx1IGZyZcWhIMWhYWzDoXQgYmlzdHJvIFVyYmFu!5e0!3m2!1ssk!2ssk!4v1709634313207!5m2!1ssk!2ssk\" width=\"600\" height=\"450\" style=\"border:0;\" allowfullscreen=\"\" loading=\"lazy\" referrerpolicy=\"no-referrer-when-downgrade\"><\/iframe><\/div>\n\n<div class=\"wp-block-column is-layout-flow wp-block-column-is-layout-flow\" style=\"flex-basis:600px\"><iframe src=\"https:\/\/www.google.com\/maps\/embed?pb=!1m18!1m12!1m3!1d2632.313403709225!2d21.246345199999997!3d48.7186029!2m3!1f0!2f0!3f0!3m2!1i1024!2i768!4f13.1!3m3!1m2!1s0x473ee1371cea42d3%3A0xd02a98ec29af4b19!2sdokelu%20fre%C5%A1%20%C5%A1al%C3%A1t%20bistro%20Cassovar!5e0!3m2!1ssk!2ssk!4v1709634339398!5m2!1ssk!2ssk\" width=\"600\" height=\"450\" style=\"border:0;\" allowfullscreen=\"\" loading=\"lazy\" referrerpolicy=\"no-referrer-when-downgrade\"><\/iframe><\/div>\n\n<div class=\"wp-block-column is-layout-flow wp-block-column-is-layout-flow\"><\/div><\/div>","protected":false},"excerpt":{"rendered":"<p>OD Urban Cassovar<\/p>\n","protected":false},"author":1,"featured_media":0,"parent":0,"menu_order":1,"comment_status":"closed","ping_status":"closed","template":"template-fullwidth-no-title.php","meta":{"_acf_changed":false,"_uag_custom_page_level_css":"","footnotes":""},"class_list":["post-1430","page","type-page","status-publish","hentry"],"acf":[],"yoast_head":"<!-- This site is optimized with the Yoast SEO plugin v23.6 - https:\/\/yoast.com\/wordpress\/plugins\/seo\/ -->\n<title>About us - dokelu fre\u0161 \u0161al\u00e1t bistro<\/title>\n<meta name=\"robots\" content=\"index, follow, max-snippet:-1, max-image-preview:large, max-video-preview:-1\" \/>\n<link rel=\"canonical\" href=\"https:\/\/dokelu.sk\/o-nas\/\" \/>\n<meta property=\"og:locale\" content=\"en_US\" \/>\n<meta property=\"og:type\" content=\"article\" \/>\n<meta property=\"og:title\" content=\"About us - dokelu fre\u0161 \u0161al\u00e1t bistro\" \/>\n<meta property=\"og:description\" content=\"OD Urban Cassovar\" \/>\n<meta property=\"og:url\" content=\"https:\/\/dokelu.sk\/o-nas\/\" \/>\n<meta property=\"og:site_name\" content=\"dokelu fre\u0161 \u0161al\u00e1t bistro\" \/>\n<meta property=\"article:publisher\" content=\"https:\/\/www.facebook.com\/dokelusalat\" \/>\n<meta property=\"article:modified_time\" content=\"2024-03-05T10:30:07+00:00\" \/>\n<meta property=\"og:image\" content=\"http:\/\/dokelu.sk\/wp-content\/uploads\/2022\/02\/salat_na_uvod-1.png\" \/>\n<meta name=\"twitter:card\" content=\"summary_large_image\" \/>\n<script type=\"application\/ld+json\" class=\"yoast-schema-graph\">{\"@context\":\"https:\/\/schema.org\",\"@graph\":[{\"@type\":\"WebPage\",\"@id\":\"https:\/\/dokelu.sk\/o-nas\/\",\"url\":\"https:\/\/dokelu.sk\/o-nas\/\",\"name\":\"About us - dokelu fre\u0161 \u0161al\u00e1t bistro\",\"isPartOf\":{\"@id\":\"https:\/\/dokelu.sk\/en\/#website\"},\"primaryImageOfPage\":{\"@id\":\"https:\/\/dokelu.sk\/o-nas\/#primaryimage\"},\"image\":{\"@id\":\"https:\/\/dokelu.sk\/o-nas\/#primaryimage\"},\"thumbnailUrl\":\"http:\/\/dokelu.sk\/wp-content\/uploads\/2022\/02\/salat_na_uvod-1.png\",\"datePublished\":\"2022-02-15T10:54:03+00:00\",\"dateModified\":\"2024-03-05T10:30:07+00:00\",\"breadcrumb\":{\"@id\":\"https:\/\/dokelu.sk\/o-nas\/#breadcrumb\"},\"inLanguage\":\"en-US\",\"potentialAction\":[{\"@type\":\"ReadAction\",\"target\":[\"https:\/\/dokelu.sk\/o-nas\/\"]}]},{\"@type\":\"ImageObject\",\"inLanguage\":\"en-US\",\"@id\":\"https:\/\/dokelu.sk\/o-nas\/#primaryimage\",\"url\":\"http:\/\/dokelu.sk\/wp-content\/uploads\/2022\/02\/salat_na_uvod-1.png\",\"contentUrl\":\"http:\/\/dokelu.sk\/wp-content\/uploads\/2022\/02\/salat_na_uvod-1.png\"},{\"@type\":\"BreadcrumbList\",\"@id\":\"https:\/\/dokelu.sk\/o-nas\/#breadcrumb\",\"itemListElement\":[{\"@type\":\"ListItem\",\"position\":1,\"name\":\"Domovsk\u00e1 str\u00e1nka\",\"item\":\"https:\/\/dokelu.sk\/en\/\"},{\"@type\":\"ListItem\",\"position\":2,\"name\":\"About us\"}]},{\"@type\":\"WebSite\",\"@id\":\"https:\/\/dokelu.sk\/en\/#website\",\"url\":\"https:\/\/dokelu.sk\/en\/\",\"name\":\"dokelu fre\u0161 \u0161al\u00e1t bistro\",\"description\":\"Maj na \u0161al\u00e1te!\",\"publisher\":{\"@id\":\"https:\/\/dokelu.sk\/en\/#organization\"},\"potentialAction\":[{\"@type\":\"SearchAction\",\"target\":{\"@type\":\"EntryPoint\",\"urlTemplate\":\"https:\/\/dokelu.sk\/en\/?s={search_term_string}\"},\"query-input\":{\"@type\":\"PropertyValueSpecification\",\"valueRequired\":true,\"valueName\":\"search_term_string\"}}],\"inLanguage\":\"en-US\"},{\"@type\":\"Organization\",\"@id\":\"https:\/\/dokelu.sk\/en\/#organization\",\"name\":\"dokelu fre\u0161 \u0161al\u00e1t bistro\",\"url\":\"https:\/\/dokelu.sk\/en\/\",\"logo\":{\"@type\":\"ImageObject\",\"inLanguage\":\"en-US\",\"@id\":\"https:\/\/dokelu.sk\/en\/#\/schema\/logo\/image\/\",\"url\":\"http:\/\/dokelu.sk\/wp-content\/uploads\/2023\/09\/logo.png\",\"contentUrl\":\"http:\/\/dokelu.sk\/wp-content\/uploads\/2023\/09\/logo.png\",\"width\":1182,\"height\":591,\"caption\":\"dokelu fre\u0161 \u0161al\u00e1t bistro\"},\"image\":{\"@id\":\"https:\/\/dokelu.sk\/en\/#\/schema\/logo\/image\/\"},\"sameAs\":[\"https:\/\/www.facebook.com\/dokelusalat\",\"https:\/\/www.instagram.com\/dokelusalat\/\"]}]}<\/script>\n<!-- \/ Yoast SEO plugin. -->","yoast_head_json":{"title":"About us - dokelu fre\u0161 \u0161al\u00e1t bistro","robots":{"index":"index","follow":"follow","max-snippet":"max-snippet:-1","max-image-preview":"max-image-preview:large","max-video-preview":"max-video-preview:-1"},"canonical":"https:\/\/dokelu.sk\/o-nas\/","og_locale":"en_US","og_type":"article","og_title":"About us - dokelu fre\u0161 \u0161al\u00e1t bistro","og_description":"OD Urban Cassovar","og_url":"https:\/\/dokelu.sk\/o-nas\/","og_site_name":"dokelu fre\u0161 \u0161al\u00e1t bistro","article_publisher":"https:\/\/www.facebook.com\/dokelusalat","article_modified_time":"2024-03-05T10:30:07+00:00","og_image":[{"url":"http:\/\/dokelu.sk\/wp-content\/uploads\/2022\/02\/salat_na_uvod-1.png"}],"twitter_card":"summary_large_image","schema":{"@context":"https:\/\/schema.org","@graph":[{"@type":"WebPage","@id":"https:\/\/dokelu.sk\/o-nas\/","url":"https:\/\/dokelu.sk\/o-nas\/","name":"About us - dokelu fre\u0161 \u0161al\u00e1t bistro","isPartOf":{"@id":"https:\/\/dokelu.sk\/en\/#website"},"primaryImageOfPage":{"@id":"https:\/\/dokelu.sk\/o-nas\/#primaryimage"},"image":{"@id":"https:\/\/dokelu.sk\/o-nas\/#primaryimage"},"thumbnailUrl":"http:\/\/dokelu.sk\/wp-content\/uploads\/2022\/02\/salat_na_uvod-1.png","datePublished":"2022-02-15T10:54:03+00:00","dateModified":"2024-03-05T10:30:07+00:00","breadcrumb":{"@id":"https:\/\/dokelu.sk\/o-nas\/#breadcrumb"},"inLanguage":"en-US","potentialAction":[{"@type":"ReadAction","target":["https:\/\/dokelu.sk\/o-nas\/"]}]},{"@type":"ImageObject","inLanguage":"en-US","@id":"https:\/\/dokelu.sk\/o-nas\/#primaryimage","url":"http:\/\/dokelu.sk\/wp-content\/uploads\/2022\/02\/salat_na_uvod-1.png","contentUrl":"http:\/\/dokelu.sk\/wp-content\/uploads\/2022\/02\/salat_na_uvod-1.png"},{"@type":"BreadcrumbList","@id":"https:\/\/dokelu.sk\/o-nas\/#breadcrumb","itemListElement":[{"@type":"ListItem","position":1,"name":"Domovsk\u00e1 str\u00e1nka","item":"https:\/\/dokelu.sk\/en\/"},{"@type":"ListItem","position":2,"name":"About us"}]},{"@type":"WebSite","@id":"https:\/\/dokelu.sk\/en\/#website","url":"https:\/\/dokelu.sk\/en\/","name":"dokelu fre\u0161 \u0161al\u00e1t bistro","description":"Maj na \u0161al\u00e1te!","publisher":{"@id":"https:\/\/dokelu.sk\/en\/#organization"},"potentialAction":[{"@type":"SearchAction","target":{"@type":"EntryPoint","urlTemplate":"https:\/\/dokelu.sk\/en\/?s={search_term_string}"},"query-input":{"@type":"PropertyValueSpecification","valueRequired":true,"valueName":"search_term_string"}}],"inLanguage":"en-US"},{"@type":"Organization","@id":"https:\/\/dokelu.sk\/en\/#organization","name":"dokelu fre\u0161 \u0161al\u00e1t bistro","url":"https:\/\/dokelu.sk\/en\/","logo":{"@type":"ImageObject","inLanguage":"en-US","@id":"https:\/\/dokelu.sk\/en\/#\/schema\/logo\/image\/","url":"http:\/\/dokelu.sk\/wp-content\/uploads\/2023\/09\/logo.png","contentUrl":"http:\/\/dokelu.sk\/wp-content\/uploads\/2023\/09\/logo.png","width":1182,"height":591,"caption":"dokelu fre\u0161 \u0161al\u00e1t bistro"},"image":{"@id":"https:\/\/dokelu.sk\/en\/#\/schema\/logo\/image\/"},"sameAs":["https:\/\/www.facebook.com\/dokelusalat","https:\/\/www.instagram.com\/dokelusalat\/"]}]}},"uagb_featured_image_src":{"full":false,"thumbnail":false,"medium":false,"medium_large":false,"large":false,"1536x1536":false,"2048x2048":false,"woocommerce_thumbnail":false,"woocommerce_single":false,"woocommerce_gallery_thumbnail":false},"uagb_author_info":{"display_name":"Musilda","author_link":"https:\/\/dokelu.sk\/en\/author\/musilda\/"},"uagb_comment_info":0,"uagb_excerpt":"OD Urban Cassovar","_links":{"self":[{"href":"https:\/\/dokelu.sk\/en\/wp-json\/wp\/v2\/pages\/1430","targetHints":{"allow":["GET"]}}],"collection":[{"href":"https:\/\/dokelu.sk\/en\/wp-json\/wp\/v2\/pages"}],"about":[{"href":"https:\/\/dokelu.sk\/en\/wp-json\/wp\/v2\/types\/page"}],"author":[{"embeddable":true,"href":"https:\/\/dokelu.sk\/en\/wp-json\/wp\/v2\/users\/1"}],"replies":[{"embeddable":true,"href":"https:\/\/dokelu.sk\/en\/wp-json\/wp\/v2\/comments?post=1430"}],"version-history":[{"count":5,"href":"https:\/\/dokelu.sk\/en\/wp-json\/wp\/v2\/pages\/1430\/revisions"}],"predecessor-version":[{"id":15659,"href":"https:\/\/dokelu.sk\/en\/wp-json\/wp\/v2\/pages\/1430\/revisions\/15659"}],"wp:attachment":[{"href":"https:\/\/dokelu.sk\/en\/wp-json\/wp\/v2\/media?parent=1430"}],"curies":[{"name":"wp","href":"https:\/\/api.w.org\/{rel}","templated":true}]}}